{"id":252,"date":"2025-03-10T08:58:27","date_gmt":"2025-03-10T08:58:27","guid":{"rendered":"https:\/\/sooditalulilled.ee\/about\/"},"modified":"2025-11-20T16:15:02","modified_gmt":"2025-11-20T16:15:02","slug":"about","status":"publish","type":"page","link":"https:\/\/sooditalulilled.ee\/en\/about\/","title":{"rendered":"Tutvustus"},"content":{"rendered":"<div data-elementor-type=\"wp-page\" data-elementor-id=\"252\" class=\"elementor elementor-252\">\n\t\t\t\t<div class=\"elementor-element elementor-element-d0d1fca e-flex e-con-boxed wpr-particle-no wpr-jarallax-no wpr-parallax-no wpr-sticky-section-no e-con e-parent\" data-id=\"d0d1fca\" data-element_type=\"container\" data-settings=\"{&quot;background_background&quot;:&quot;classic&quot;}\">\n\t\t\t\t\t<div class=\"e-con-inner\">\n\t\t<div class=\"elementor-element elementor-element-dd2a58a e-con-full e-flex wpr-particle-no wpr-jarallax-no wpr-parallax-no wpr-sticky-section-no e-con e-child\" data-id=\"dd2a58a\" data-element_type=\"container\" data-settings=\"{&quot;background_background&quot;:&quot;classic&quot;}\">\n\t\t\t\t<div class=\"elementor-element elementor-element-95f7e53 elementor-widget elementor-widget-heading\" data-id=\"95f7e53\" data-element_type=\"widget\" data-widget_type=\"heading.default\">\n\t\t\t\t<div class=\"elementor-widget-container\">\n\t\t\t\t\t<h1 class=\"elementor-heading-title elementor-size-default\">KES MA OLEN JA MIDA TEEN?<\/h1>\t\t\t\t<\/div>\n\t\t\t\t<\/div>\n\t\t\t\t<\/div>\n\t\t\t\t\t<\/div>\n\t\t\t\t<\/div>\n\t\t<div class=\"elementor-element elementor-element-1ced997 e-flex e-con-boxed wpr-particle-no wpr-jarallax-no wpr-parallax-no wpr-sticky-section-no e-con e-parent\" data-id=\"1ced997\" data-element_type=\"container\">\n\t\t\t\t\t<div class=\"e-con-inner\">\n\t\t\t\t<div class=\"elementor-element elementor-element-dbe67ff elementor-widget-divider--view-line elementor-widget elementor-widget-divider\" data-id=\"dbe67ff\" data-element_type=\"widget\" data-widget_type=\"divider.default\">\n\t\t\t\t<div class=\"elementor-widget-container\">\n\t\t\t\t\t\t\t<div class=\"elementor-divider\">\n\t\t\t<span class=\"elementor-divider-separator\">\n\t\t\t\t\t\t<\/span>\n\t\t<\/div>\n\t\t\t\t\t\t<\/div>\n\t\t\t\t<\/div>\n\t\t\t\t\t<\/div>\n\t\t\t\t<\/div>\n\t\t<div class=\"elementor-element elementor-element-52a2884 e-flex e-con-boxed wpr-particle-no wpr-jarallax-no wpr-parallax-no wpr-sticky-section-no e-con e-parent\" data-id=\"52a2884\" data-element_type=\"container\" data-settings=\"{&quot;background_background&quot;:&quot;classic&quot;}\">\n\t\t\t\t\t<div class=\"e-con-inner\">\n\t\t<div class=\"elementor-element elementor-element-a2d8272 e-con-full e-flex wpr-particle-no wpr-jarallax-no wpr-parallax-no wpr-sticky-section-no e-con e-child\" data-id=\"a2d8272\" data-element_type=\"container\">\n\t\t\t\t<div class=\"elementor-element elementor-element-8b8ba0f elementor-widget elementor-widget-image\" data-id=\"8b8ba0f\" data-element_type=\"widget\" data-widget_type=\"image.default\">\n\t\t\t\t<div class=\"elementor-widget-container\">\n\t\t\t\t\t\t\t\t\t\t\t\t\t\t\t<img decoding=\"async\" src=\"https:\/\/i0.wp.com\/sooditalulilled.ee\/wp-content\/uploads\/2025\/10\/20250729_202003-scaled-e1761226454342.jpg?fit=375%2C535&#038;ssl=1\" title=\"20250729_202003\" alt=\"20250729_202003\" loading=\"lazy\" \/>\t\t\t\t\t\t\t\t\t\t\t\t\t\t\t<\/div>\n\t\t\t\t<\/div>\n\t\t\t\t<\/div>\n\t\t<div class=\"elementor-element elementor-element-c75e9dd e-con-full e-flex wpr-particle-no wpr-jarallax-no wpr-parallax-no wpr-sticky-section-no e-con e-child\" data-id=\"c75e9dd\" data-element_type=\"container\">\n\t\t\t\t<div class=\"elementor-element elementor-element-b9efede elementor-widget elementor-widget-heading\" data-id=\"b9efede\" data-element_type=\"widget\" data-widget_type=\"heading.default\">\n\t\t\t\t<div class=\"elementor-widget-container\">\n\t\t\t\t\t<h2 class=\"elementor-heading-title elementor-size-default\">MINU MISSION<\/h2>\t\t\t\t<\/div>\n\t\t\t\t<\/div>\n\t\t\t\t<div class=\"elementor-element elementor-element-19c1dac elementor-widget__width-initial elementor-widget elementor-widget-text-editor\" data-id=\"19c1dac\" data-element_type=\"widget\" data-widget_type=\"text-editor.default\">\n\t\t\t\t<div class=\"elementor-widget-container\">\n\t\t\t\t\t\t\t\t\t<p>Tere!<\/p><p>Minu nimi on Liis ja mul on suur r\u00f5\u00f5m, et oled j\u00f5udnud siia!<\/p><p>Minu missioon on luua enda kasvatatud lillede abil ilu Sinule ja Sinu kallimatele ning innustada ka Sind ennast kasvatama kauneid l\u00f5ikelilli, mida oma aiast noppida enda vaasi v\u00f5i kinkida l\u00e4hedastele.<\/p><p>Oma tee l\u00f5ikelillede kasvatamiseni leidsin 2024. aasta varakevadel. Tundsin, et olin ennast kaotanud viimase viie aastaga suuresti vaid emaks olemisse ja olles l\u00e4binud mitmeid emotsionaalselt v\u00e4ga raskeid perioode, leidsin l\u00f5puks midagi, mis pakkus hingele lohutust, t\u00f5i s\u00fcdamesse elevust ja silmadesse s\u00e4ra! Olen seda sorti inimene, et kui ma juba mingi m\u00f5tte endale p\u00e4he v\u00f5tan, siis ma selle ka teoks teen. Ja nii ma hakkasingi vaikselt m\u00f5tlema ja planeerima, kuidas ja mida teha, kus midagi kasvatada, MIDA kasvatada, kuidas kasvatada ja nii edasi. Palju t\u00f6\u00f6d, palju planeerimist, palju enda harimist ja uurimist. Aga see teekond on olnud imeline ja ma ei kahetse hetkekski, et ma selle ette v\u00f5tsin.<\/p><p>Olen v\u00e4ga r\u00f5\u00f5mus, kui minu kasvatatud lilled toovad natuke r\u00f5\u00f5mu ja p\u00e4ikest ka Sinu p\u00e4eva. Eriti tore on, kui mul \u00f5nnestub oma tegemistega kasv\u00f5i \u00fchte inimest innustada v\u00f5tma ka ette lillede kasvatamise teekond, et saaksid tunda r\u00f5\u00f5mu seemnete k\u00fclvamisest, taimede t\u00e4rkamisest, nende eest hoolitsemisest ja \u00f5itsvateks lilledeks sirgumisest. T\u00e4nap\u00e4evase kiire elutempo juures on v\u00e4ga oluline leida midagi, mis teeb hingele pai ja minu jaoks on see just kaunite lillede kasvatamine ja k\u00f5ik sellega kaasnev.<\/p>\t\t\t\t\t\t\t\t<\/div>\n\t\t\t\t<\/div>\n\t\t\t\t<\/div>\n\t\t\t\t\t<\/div>\n\t\t\t\t<\/div>\n\t\t<div class=\"elementor-element elementor-element-e63604c e-con-full e-flex wpr-particle-no wpr-jarallax-no wpr-parallax-no wpr-sticky-section-no e-con e-parent\" data-id=\"e63604c\" data-element_type=\"container\">\n\t\t\t\t<div class=\"elementor-element elementor-element-e57f6ab elementor-widget-divider--view-line elementor-widget elementor-widget-divider\" data-id=\"e57f6ab\" data-element_type=\"widget\" data-widget_type=\"divider.default\">\n\t\t\t\t<div class=\"elementor-widget-container\">\n\t\t\t\t\t\t\t<div class=\"elementor-divider\">\n\t\t\t<span class=\"elementor-divider-separator\">\n\t\t\t\t\t\t<\/span>\n\t\t<\/div>\n\t\t\t\t\t\t<\/div>\n\t\t\t\t<\/div>\n\t\t\t\t<\/div>\n\t\t<div class=\"elementor-element elementor-element-d9ed4e3 e-flex e-con-boxed wpr-particle-no wpr-jarallax-no wpr-parallax-no wpr-sticky-section-no e-con e-parent\" data-id=\"d9ed4e3\" data-element_type=\"container\" data-settings=\"{&quot;background_background&quot;:&quot;classic&quot;}\">\n\t\t\t\t\t<div class=\"e-con-inner\">\n\t\t<div class=\"elementor-element elementor-element-b7e4f98 e-con-full e-flex wpr-particle-no wpr-jarallax-no wpr-parallax-no wpr-sticky-section-no e-con e-child\" data-id=\"b7e4f98\" data-element_type=\"container\">\n\t\t\t\t<div class=\"elementor-element elementor-element-68c2507 elementor-widget elementor-widget-heading\" data-id=\"68c2507\" data-element_type=\"widget\" data-widget_type=\"heading.default\">\n\t\t\t\t<div class=\"elementor-widget-container\">\n\t\t\t\t\t<h2 class=\"elementor-heading-title elementor-size-default\">MIDA MA PAKUN?<\/h2>\t\t\t\t<\/div>\n\t\t\t\t<\/div>\n\t\t\t\t<div class=\"elementor-element elementor-element-6cef067 elementor-widget elementor-widget-text-editor\" data-id=\"6cef067\" data-element_type=\"widget\" data-widget_type=\"text-editor.default\">\n\t\t\t\t<div class=\"elementor-widget-container\">\n\t\t\t\t\t\t\t\t\t<p>Minu k\u00e4est saad soetada hooajalisi V\u00f5rumaal kasvatatud l\u00f5ikelilli ja kimpe. Lisaks vajadusp\u00f5hiselt tegin ka e-poe, kus m\u00fc\u00fcn kvaliteetseid l\u00f5ikelillede seemneid. Eestis saadaolev valik on tihti v\u00e4ga kirju ja v\u00e4ga palju on segupakke, kus on sees erinevad v\u00e4rvid ning l\u00f5puks ei tea kunagi, millist v\u00e4rvi taime Sa pakis olevatest seemnetest kasvatad. Minu e-poes m\u00fc\u00fcdavad seemned tulevad usaldusv\u00e4\u00e4rsetest allikatest ning laoseisu hoian alati pigem madala, et pakkuda k\u00f5ige v\u00e4rskemaid seemneid.<\/p>\n<p>Hooajalisi lilli kasvatan enda lapsep\u00f5lvekodus Haanja l\u00e4hedal v\u00f5imalikult looduss\u00f5bralikel viisidel. S\u00f5ltuvalt ilmastikust alga kevadhooaeg tulpide ja nartsissidega aprilli- v\u00f5i maikuus, j\u00e4tkub varasuviste lilledega juunikuus ning kestab kuni s\u00fcgiseste \u00f6\u00f6k\u00fclmadeni. Vahepealsel ajal s\u00fcgisest kevadeni tegelen kasvatusalade koristamisega, kevadlillede istutusega, teen ettevalmistusi ja plaane uueks lillekasvatushooajaks, tegelen e-poega ning alates jaanuarist algab juba uueks hooajaks taimede ettekasvatamine.<\/p>\n<p>Kui soovid eritellimusel kimpu endale, oma l\u00e4hedasele kinkimiseks v\u00f5i n\u00e4iteks enda \u00fcritusele l\u00f5ikelilli, et nendest \u00fcheskoos s\u00f5brannadega ise ilusad kimbud seada v\u00f5i ruume kaunistada, siis kirjuta mulle ning leiame koos kindlasti sobiva lahenduse! Olen alles oma lillekasvatuse teekonna alguses ning avatud igasugustele pakkumistele! Kokkuleppel pakun ka transporti.<\/p>\t\t\t\t\t\t\t\t<\/div>\n\t\t\t\t<\/div>\n\t\t\t\t<\/div>\n\t\t<div class=\"elementor-element elementor-element-d3401e2 e-con-full e-flex wpr-particle-no wpr-jarallax-no wpr-parallax-no wpr-sticky-section-no e-con e-child\" data-id=\"d3401e2\" data-element_type=\"container\">\n\t\t\t\t<div class=\"elementor-element elementor-element-38b6aea elementor-widget elementor-widget-image\" data-id=\"38b6aea\" data-element_type=\"widget\" data-widget_type=\"image.default\">\n\t\t\t\t<div class=\"elementor-widget-container\">\n\t\t\t\t\t\t\t\t\t\t\t\t\t\t\t<img fetchpriority=\"high\" decoding=\"async\" width=\"1382\" height=\"1856\" src=\"https:\/\/i0.wp.com\/sooditalulilled.ee\/wp-content\/uploads\/2025\/10\/20250809_101625-scaled-e1761226593815.jpg?fit=1382%2C1856&amp;ssl=1\" class=\"attachment-full size-full wp-image-3987\" alt=\"\" srcset=\"https:\/\/i0.wp.com\/sooditalulilled.ee\/wp-content\/uploads\/2025\/10\/20250809_101625-scaled-e1761226593815.jpg?w=1382&amp;ssl=1 1382w, https:\/\/i0.wp.com\/sooditalulilled.ee\/wp-content\/uploads\/2025\/10\/20250809_101625-scaled-e1761226593815.jpg?resize=223%2C300&amp;ssl=1 223w, https:\/\/i0.wp.com\/sooditalulilled.ee\/wp-content\/uploads\/2025\/10\/20250809_101625-scaled-e1761226593815.jpg?resize=762%2C1024&amp;ssl=1 762w, https:\/\/i0.wp.com\/sooditalulilled.ee\/wp-content\/uploads\/2025\/10\/20250809_101625-scaled-e1761226593815.jpg?resize=768%2C1031&amp;ssl=1 768w, https:\/\/i0.wp.com\/sooditalulilled.ee\/wp-content\/uploads\/2025\/10\/20250809_101625-scaled-e1761226593815.jpg?resize=1144%2C1536&amp;ssl=1 1144w, https:\/\/i0.wp.com\/sooditalulilled.ee\/wp-content\/uploads\/2025\/10\/20250809_101625-scaled-e1761226593815.jpg?resize=1140%2C1531&amp;ssl=1 1140w, https:\/\/i0.wp.com\/sooditalulilled.ee\/wp-content\/uploads\/2025\/10\/20250809_101625-scaled-e1761226593815.jpg?resize=1320%2C1773&amp;ssl=1 1320w, https:\/\/i0.wp.com\/sooditalulilled.ee\/wp-content\/uploads\/2025\/10\/20250809_101625-scaled-e1761226593815.jpg?resize=400%2C537&amp;ssl=1 400w\" sizes=\"(max-width: 960px) 100vw, 960px\" \/>\t\t\t\t\t\t\t\t\t\t\t\t\t\t\t<\/div>\n\t\t\t\t<\/div>\n\t\t\t\t<\/div>\n\t\t\t\t\t<\/div>\n\t\t\t\t<\/div>\n\t\t<div class=\"elementor-element elementor-element-0942101 e-flex e-con-boxed wpr-particle-no wpr-jarallax-no wpr-parallax-no wpr-sticky-section-no e-con e-parent\" data-id=\"0942101\" data-element_type=\"container\">\n\t\t\t\t\t<div class=\"e-con-inner\">\n\t\t\t\t<div class=\"elementor-element elementor-element-c37924a elementor-widget-divider--view-line elementor-widget elementor-widget-divider\" data-id=\"c37924a\" data-element_type=\"widget\" data-widget_type=\"divider.default\">\n\t\t\t\t<div class=\"elementor-widget-container\">\n\t\t\t\t\t\t\t<div class=\"elementor-divider\">\n\t\t\t<span class=\"elementor-divider-separator\">\n\t\t\t\t\t\t<\/span>\n\t\t<\/div>\n\t\t\t\t\t\t<\/div>\n\t\t\t\t<\/div>\n\t\t\t\t\t<\/div>\n\t\t\t\t<\/div>\n\t\t\t\t<\/div>","protected":false},"excerpt":{"rendered":"<p>KES MA OLEN JA MIDA TEEN? MINU MISSION Tere! Minu nimi on Liis ja mul on suur r\u00f5\u00f5m, et oled j\u00f5udnud siia! Minu missioon on luua enda kasvatatud lillede abil ilu Sinule ja Sinu kallimatele ning innustada ka Sind ennast kasvatama kauneid l\u00f5ikelilli, mida oma aiast noppida enda vaasi v\u00f5i kinkida l\u00e4hedastele. Oma tee l\u00f5ikelillede kasvatamiseni leidsin 2024. aasta varakevadel. Tundsin, et olin ennast kaotanud viimase viie aastaga suuresti vaid emaks olemisse ja olles l\u00e4binud mitmeid emotsionaalselt v\u00e4ga raskeid perioode, leidsin l\u00f5puks midagi, mis pakkus hingele lohutust, t\u00f5i s\u00fcdamesse elevust ja silmadesse s\u00e4ra! Olen seda sorti inimene, et kui ma juba mingi m\u00f5tte endale p\u00e4he v\u00f5tan, siis ma selle ka teoks teen. Ja nii ma hakkasingi vaikselt m\u00f5tlema ja planeerima, kuidas ja mida teha, kus midagi kasvatada, MIDA kasvatada, kuidas kasvatada ja nii edasi. Palju t\u00f6\u00f6d, palju planeerimist, palju enda harimist ja uurimist. Aga see teekond on olnud imeline ja ma ei kahetse hetkekski, et ma selle ette v\u00f5tsin. Olen v\u00e4ga r\u00f5\u00f5mus, kui minu kasvatatud lilled toovad natuke r\u00f5\u00f5mu ja p\u00e4ikest ka Sinu p\u00e4eva. Eriti tore on, kui mul \u00f5nnestub oma tegemistega kasv\u00f5i \u00fchte inimest innustada v\u00f5tma ka ette lillede kasvatamise teekond, et saaksid tunda r\u00f5\u00f5mu seemnete k\u00fclvamisest, taimede t\u00e4rkamisest, nende eest hoolitsemisest ja \u00f5itsvateks lilledeks sirgumisest. T\u00e4nap\u00e4evase kiire elutempo juures on v\u00e4ga oluline leida midagi, mis teeb hingele pai ja minu jaoks on see just kaunite lillede kasvatamine ja k\u00f5ik sellega kaasnev. MIDA MA PAKUN? Minu k\u00e4est saad soetada hooajalisi V\u00f5rumaal kasvatatud l\u00f5ikelilli ja kimpe. Lisaks vajadusp\u00f5hiselt tegin ka e-poe, kus m\u00fc\u00fcn kvaliteetseid l\u00f5ikelillede seemneid. Eestis saadaolev valik on tihti v\u00e4ga kirju ja v\u00e4ga palju on segupakke, kus on sees erinevad v\u00e4rvid ning l\u00f5puks ei tea kunagi, millist v\u00e4rvi taime Sa pakis olevatest seemnetest kasvatad. Minu e-poes m\u00fc\u00fcdavad seemned tulevad usaldusv\u00e4\u00e4rsetest allikatest ning laoseisu hoian alati pigem madala, et pakkuda k\u00f5ige v\u00e4rskemaid seemneid. Hooajalisi lilli kasvatan enda lapsep\u00f5lvekodus Haanja l\u00e4hedal v\u00f5imalikult looduss\u00f5bralikel viisidel. S\u00f5ltuvalt ilmastikust alga kevadhooaeg tulpide ja nartsissidega aprilli- v\u00f5i maikuus, j\u00e4tkub varasuviste lilledega juunikuus ning kestab kuni s\u00fcgiseste \u00f6\u00f6k\u00fclmadeni. Vahepealsel ajal s\u00fcgisest kevadeni tegelen kasvatusalade koristamisega, kevadlillede istutusega, teen ettevalmistusi ja plaane uueks lillekasvatushooajaks, tegelen e-poega ning alates jaanuarist algab juba uueks hooajaks taimede ettekasvatamine. Kui soovid eritellimusel kimpu endale, oma l\u00e4hedasele kinkimiseks v\u00f5i n\u00e4iteks enda \u00fcritusele l\u00f5ikelilli, et nendest \u00fcheskoos s\u00f5brannadega ise ilusad kimbud seada v\u00f5i ruume kaunistada, siis kirjuta mulle ning leiame koos kindlasti sobiva lahenduse! Olen alles oma lillekasvatuse teekonna alguses ning avatud igasugustele pakkumistele! Kokkuleppel pakun ka transporti.<\/p>","protected":false},"author":1,"featured_media":0,"parent":0,"menu_order":0,"comment_status":"closed","ping_status":"closed","template":"","meta":{"om_disable_all_campaigns":false,"_monsterinsights_skip_tracking":false,"_monsterinsights_sitenote_active":false,"_monsterinsights_sitenote_note":"","_monsterinsights_sitenote_category":0,"footnotes":""},"class_list":["post-252","page","type-page","status-publish","hentry"],"aioseo_notices":[],"jetpack_sharing_enabled":true,"rttpg_featured_image_url":null,"rttpg_author":{"display_name":"liis.karlson","author_link":"https:\/\/sooditalulilled.ee\/en\/author\/liis-karlson\/"},"rttpg_comment":0,"rttpg_category":null,"rttpg_excerpt":"KES MA OLEN JA MIDA TEEN? MINU MISSION Tere! Minu nimi on Liis ja mul on suur r\u00f5\u00f5m, et oled j\u00f5udnud siia! Minu missioon on luua enda kasvatatud lillede abil ilu Sinule ja Sinu kallimatele ning innustada ka Sind ennast kasvatama kauneid l\u00f5ikelilli, mida oma aiast noppida enda vaasi v\u00f5i kinkida l\u00e4hedastele. Oma tee l\u00f5ikelillede&hellip;","_links":{"self":[{"href":"https:\/\/sooditalulilled.ee\/en\/wp-json\/wp\/v2\/pages\/252","targetHints":{"allow":["GET"]}}],"collection":[{"href":"https:\/\/sooditalulilled.ee\/en\/wp-json\/wp\/v2\/pages"}],"about":[{"href":"https:\/\/sooditalulilled.ee\/en\/wp-json\/wp\/v2\/types\/page"}],"author":[{"embeddable":true,"href":"https:\/\/sooditalulilled.ee\/en\/wp-json\/wp\/v2\/users\/1"}],"replies":[{"embeddable":true,"href":"https:\/\/sooditalulilled.ee\/en\/wp-json\/wp\/v2\/comments?post=252"}],"version-history":[{"count":5,"href":"https:\/\/sooditalulilled.ee\/en\/wp-json\/wp\/v2\/pages\/252\/revisions"}],"predecessor-version":[{"id":4432,"href":"https:\/\/sooditalulilled.ee\/en\/wp-json\/wp\/v2\/pages\/252\/revisions\/4432"}],"wp:attachment":[{"href":"https:\/\/sooditalulilled.ee\/en\/wp-json\/wp\/v2\/media?parent=252"}],"curies":[{"name":"wp","href":"https:\/\/api.w.org\/{rel}","templated":true}]}}