{"id":2804,"date":"2025-03-18T10:20:17","date_gmt":"2025-03-18T10:20:17","guid":{"rendered":"https:\/\/sooditalulilled.ee\/?page_id=2804"},"modified":"2025-03-18T10:20:17","modified_gmt":"2025-03-18T10:20:17","slug":"muugitingimused","status":"publish","type":"page","link":"https:\/\/sooditalulilled.ee\/en\/muugitingimused\/","title":{"rendered":"M\u00fc\u00fcgitingimused"},"content":{"rendered":"<div class=\"elementor-element elementor-element-f4b3743 elementor-widget elementor-widget-heading\" data-id=\"f4b3743\" data-element_type=\"widget\" data-widget_type=\"heading.default\">\n<div class=\"elementor-widget-container\">\n<h2 class=\"elementor-heading-title elementor-size-default\">M\u00fc\u00fcgitingimused<\/h2>\n<\/div>\n<\/div>\n<div class=\"elementor-element elementor-element-55c1360 elementor-widget elementor-widget-text-editor\" data-id=\"55c1360\" data-element_type=\"widget\" data-widget_type=\"text-editor.default\">\n<div class=\"elementor-widget-container\">\n<p>Veebipoe Soodi Talu Lilled (edaspidi Veebipood) omanik on Soodi O\u00dc (registrikood 17076444), asukohaga Soodi, Soodi k\u00fcla, R\u00f5uge vald, V\u00f5rumaa.<\/p>\n<\/div>\n<\/div>\n<div class=\"elementor-element elementor-element-c1322e6 elementor-widget elementor-widget-heading\" data-id=\"c1322e6\" data-element_type=\"widget\" data-widget_type=\"heading.default\">\n<div class=\"elementor-widget-container\">\n<h2 class=\"elementor-heading-title elementor-size-default\">Mu\u0308u\u0308gilepingu kehtivus, kauba- ja hinnainfo<\/h2>\n<\/div>\n<\/div>\n<div class=\"elementor-element elementor-element-510f958 elementor-widget elementor-widget-text-editor\" data-id=\"510f958\" data-element_type=\"widget\" data-widget_type=\"text-editor.default\">\n<div class=\"elementor-widget-container\">\n<p>Mu\u0308u\u0308gitingimused kehtivad Veebipoest kaupade ostmisel.<\/p>\n<p>Veebipoes mu\u0308u\u0308davate toodete hinnad on ma\u0308rgitud toodete juurde. Hinnale lisandub tasu kauba ka\u0308ttetoimetamise eest. Ko\u0303ik veebipoes mu\u0308u\u0308davate kaupade hinnad on eurodes.<\/p>\n<p>Kauba ka\u0308ttetoimetamise tasu so\u0303ltub ostja asukohast ning ka\u0308ttetoimetamise viisist. Ka\u0308ttetoimetamise tasu kuvatakse ostjale tellimuse vormistamisel.<\/p>\n<p>Teave kauba kohta on esitatud Veebipoes vahetult kauba juures.<\/p>\n<\/div>\n<\/div>\n<div class=\"elementor-element elementor-element-03f8bf2 elementor-widget elementor-widget-heading\" data-id=\"03f8bf2\" data-element_type=\"widget\" data-widget_type=\"heading.default\">\n<div class=\"elementor-widget-container\">\n<h2 class=\"elementor-heading-title elementor-size-default\">Tellimuse vormistamine<\/h2>\n<\/div>\n<\/div>\n<div class=\"elementor-element elementor-element-1bacaa9 elementor-widget elementor-widget-text-editor\" data-id=\"1bacaa9\" data-element_type=\"widget\" data-widget_type=\"text-editor.default\">\n<div class=\"elementor-widget-container\">\n<p>Kauba tellimiseks tuleb lisada soovitud tooted ostukorvi. Tellimuse vormistamiseks tuleb ta\u0308ita no\u0303utud andmeva\u0308ljad ning valida sobiv toodete kohaletoimetamise viis. Seeja\u0308rel kuvatakse ekraanile tasu suurus, mille saab tasuda turvaliselt pangalingi kaudu.<\/p>\n<p>NB! Pangalingiga tasumisel vajutada kindlasti panga lehel nupule \u201eTagasi kaupmehe juurde\u201c.<\/p>\n<p>Leping jo\u0303ustub alates tasumisele kuuluva summa laekumisest Veebipoe arvelduskontole.<\/p>\n<p>Kui tellitud kaupa ei ole vo\u0303imalik tarnida seoses kauba lo\u0303ppemisega vo\u0303i muul po\u0303hjusel, teavitatakse sellest ostjat esimesel vo\u0303imalusel ning tagastatakse tasutud raha (sh kauba ka\u0308ttetoimetamise kulud) viivitamata, kuid mitte hiljem kui 7\u00a0pa\u0308eva jooksul teate saatmisest.<\/p>\n<\/div>\n<\/div>\n<div class=\"elementor-element elementor-element-81ba0f3 elementor-widget elementor-widget-heading\" data-id=\"81ba0f3\" data-element_type=\"widget\" data-widget_type=\"heading.default\">\n<div class=\"elementor-widget-container\">\n<h2 class=\"elementor-heading-title elementor-size-default\">Kohaletoimetamine<\/h2>\n<\/div>\n<\/div>\n<div class=\"elementor-element elementor-element-95fa341 elementor-widget elementor-widget-text-editor\" data-id=\"95fa341\" data-element_type=\"widget\" data-widget_type=\"text-editor.default\">\n<div class=\"elementor-widget-container\">\n<p>Kaupu saadetakse ja\u0308rgmistesse riikidesse: Eesti.<\/p>\n<p>Kauba ka\u0308ttesaamiseks on ostjal ja\u0308rgnevad valikud: Omniva pakiautomaadid v\u00f5i ise j\u00e4reletulemine. Kauba saatmiskulud kannab ostja ning vastav hinnainfo on kuvatud saatmisviisi juures.<\/p>\n<p>Eestisisesed saadetised jo\u0303uavad u\u0308ldjuhul ostja ma\u0308a\u0308ratud sihtpunkti 3-7\u00a0 to\u0308o\u0308pa\u0308eva jooksul alates mu\u0308u\u0308gilepingu jo\u0303ustumisest.<\/p>\n<p>Erandlikel juhtumitel on o\u0303igus kaup kohale toimetada kuni 30 kalendripa\u0308eva jooksul.<\/p>\n<\/div>\n<\/div>\n<div class=\"elementor-element elementor-element-f2aaf7c elementor-widget elementor-widget-heading\" data-id=\"f2aaf7c\" data-element_type=\"widget\" data-widget_type=\"heading.default\">\n<div class=\"elementor-widget-container\">\n<h2 class=\"elementor-heading-title elementor-size-default\">Taganemiso\u0303igus<\/h2>\n<\/div>\n<\/div>\n<div class=\"elementor-element elementor-element-dbb8a57 elementor-widget elementor-widget-text-editor\" data-id=\"dbb8a57\" data-element_type=\"widget\" data-widget_type=\"text-editor.default\">\n<div class=\"elementor-widget-container\">\n<p>Pa\u0308rast tellimuse ka\u0308ttesaamist on ostjal o\u0303igus e-poes so\u0303lmitud lepingust taganeda 14 pa\u0308eva jooksul.<\/p>\n<p>Taganemiso\u0303igus ei kohaldu, kui ostjaks on juriidiline isik.<\/p>\n<p>14-pa\u0308evase tagastamiso\u0303iguse kasutamiseks ei tohi tellitud kaupa kasutada muul viisil kui on vajalik kauba olemuses, omadustes ja toimimises veendumiseks viisil nagu see on lubatud kauba testimiseks fu\u0308u\u0308silises poes.<\/p>\n<p>Kui kaupa on kasutatud muuks otstarbeks kui on vajalik kauba olemuses, omadustes ja toimimises veendumiseks vo\u0303i sellel on kasutamise vo\u0303i kulumise ma\u0308rke, on Veebipoel o\u0303igus alandada tagastatavat tasu vastavalt kauba va\u0308a\u0308rtuse va\u0308henemisele.<\/p>\n<p>Kauba tagastamiseks tuleb esitada kauba ostmisest taganemise avaldus, teha see vabas vormis \u00fcheselt m\u00f5istetavalt. Avalduses tuleb n\u00e4idata \u00e4ra tellija ees- ja perekonna nimi, paki saamise kuup\u00e4ev, avalduse koostamise kuup\u00e4ev, tellimuse- v\u00f5i arvenumber ning saata see e-posti aadressile sooditalulilled@gmail.com hiljemalt 14 pa\u0308eva jooksul kauba ka\u0308ttesaamisest.<\/p>\n<p>Kauba tagastamise kulud kannab ostja, va\u0308lja arvatud juhul, kui tagastamise po\u0303hjus seisneb asjaolus, et tagastamisele kuuluv toode ei vasta tellitule (nt vale vo\u0303i defektiga toode).<\/p>\n<p>Ostja peab kauba tagastama avalduse esitamisele ja\u0308rgneva 14 pa\u0308eva jooksul vo\u0303i esitama to\u0303endi, et ta on eelnimetatud perioodi jooksul kauba u\u0308le andnud kauba vedajale.<\/p>\n<p>Veebipood tagastab tagastatava kauba ka\u0308ttesaamisel ostjale viivitamata, kuid mitte hiljem kui 14 pa\u0308eva mo\u0308o\u0308dumisel arvates taganemisavalduse saamisest, ko\u0303ik ostjalt lepingu alusel saadud tasud.<\/p>\n<p>Veebipood vo\u0303ib keelduda tagasimaksete tegemisest seni, kuni on lepingu esemeks oleva asja tagasi saanud vo\u0303i kuni ostja on esitanud to\u0303endid, et on asja tagasi saatnud, so\u0303ltuvalt sellest, kumb toimub varem.<\/p>\n<p>Kui ostja on so\u0303naselgelt valinud Veebipoe pakutud ko\u0303ige odavamast tavapa\u0308rasest asja ka\u0308ttetoimetamise viisist erineva ka\u0308ttetoimetamise viisi, ei pea Veebipood tarbijale tagastama kulu, mis u\u0308letab tavapa\u0308rase ka\u0308ttetoimetamise viisiga seotud kulu.<\/p>\n<p>Veebipoel on o\u0303igus taganeda mu\u0308u\u0308gitehingust ning no\u0303uda ostjalt tagasi kaup, kui kauba hind veebipoes on eksituse to\u0303ttu ma\u0308rgitud oluliselt alla kauba turuhinna.<\/p>\n<\/div>\n<\/div>\n<div class=\"elementor-element elementor-element-f23d6c5 elementor-widget elementor-widget-heading\" data-id=\"f23d6c5\" data-element_type=\"widget\" data-widget_type=\"heading.default\">\n<div class=\"elementor-widget-container\">\n<h2 class=\"elementor-heading-title elementor-size-default\">Pretensiooni esitamise o\u0303igus<\/h2>\n<\/div>\n<\/div>\n<div class=\"elementor-element elementor-element-f8c79fc elementor-widget elementor-widget-text-editor\" data-id=\"f8c79fc\" data-element_type=\"widget\" data-widget_type=\"text-editor.default\">\n<div class=\"elementor-widget-container\">\n<p>Veebipood vastutab ostjale mu\u0308u\u0308dud kauba lepingutingimustele mittevastavuse vo\u0303i puuduse eest, mis oli olemas juba asja u\u0308leandmise hetkel ning mis ilmneb kuni kahe aasta jooksul, alates kauba u\u0308leandmisest ostjale. ellest esimese kuue kuu jooksul asja u\u0308leandmisest ostjale eeldatakse, et puudus oli olemas juba asja u\u0308leandmise ajal. Vastava eelduse u\u0308mberlu\u0308kkamine on Veebipoe kohustus.<\/p>\n<p>Ostjal on o\u0303igus puuduse ilmnemisel po\u0308o\u0308rduda hiljemalt kahe kuu jooksul veebipoe poole, saates e-kirja aadressile sooditalulilled@gmail.com vo\u0303i helistada telefonil: 56497333.<\/p>\n<p>Veebipood ei vastuta puuduste eest, mis on tekkinud pa\u0308rast kauba u\u0308leandmist ostjale.<\/p>\n<p>Kui Veebipoest ostetud kaubal on puudused, mille eest Veebipood vastutab, parandab vo\u0303i asendab Veebipood puudusega kauba. Kui kaupa ei ole vo\u0303imalik parandada ega asendada, tagastab Veebipood ostjale ko\u0303ik mu\u0308u\u0308gilepinguga kaasnenud tasud.<\/p>\n<p>Veebipood vastab tarbija esitatud kaebusele kirjalikult vo\u0303i kirjalikku taasesitamist vo\u0303imaldavas vormis 15 pa\u0308eva jooksul.<\/p>\n<\/div>\n<\/div>\n<div class=\"elementor-element elementor-element-26187c2 elementor-widget elementor-widget-heading\" data-id=\"26187c2\" data-element_type=\"widget\" data-widget_type=\"heading.default\">\n<div class=\"elementor-widget-container\">\n<h2 class=\"elementor-heading-title elementor-size-default\">Otseturustus ja isikuandmete to\u0308o\u0308tlemine<\/h2>\n<\/div>\n<\/div>\n<div class=\"elementor-element elementor-element-ef0b77d elementor-widget elementor-widget-text-editor\" data-id=\"ef0b77d\" data-element_type=\"widget\" data-widget_type=\"text-editor.default\">\n<div class=\"elementor-widget-container\">\n<p>Veebipood kasutab ostja poolt sisestatud isikuandmeid ainult tellimuse to\u0308o\u0308tlemiseks ning kauba ostjale saatmiseks. Veebipood edastab isikuandmeid veoteenust pakkuvale ettevo\u0303tetele selleks, et kohale toimetada kaupa.<\/p>\n<p>Veebipood saadab ostjale uudiskirju ning pakkumisi ostja e-maili aadressile ainult juhul, kui ostja on selleks avaldanud soovi sisestades veebilehel e-kirja aadressi ning andnud teada oma soovist otsepostituse teadete saamiseks.<\/p>\n<p>Ostjal on igal ajal vo\u0303imalik loobuda e-postile saadetavatest pakkumistest ja uudiskirjadest andes sellest meile teada e-kirja teel vo\u0303i ja\u0308rgides pakkumisi sisaldava e-kirjas toodud juhiseid.<\/p>\n<\/div>\n<\/div>\n<div class=\"elementor-element elementor-element-64ca654 elementor-widget elementor-widget-heading\" data-id=\"64ca654\" data-element_type=\"widget\" data-widget_type=\"heading.default\">\n<div class=\"elementor-widget-container\">\n<h2 class=\"elementor-heading-title elementor-size-default\">Vaidluste lahendamine<\/h2>\n<\/div>\n<\/div>\n<div class=\"elementor-element elementor-element-a5fd19c elementor-widget elementor-widget-text-editor\" data-id=\"a5fd19c\" data-element_type=\"widget\" data-widget_type=\"text-editor.default\">\n<div class=\"elementor-widget-container\">\n<p>Kui ostjal on Veebipoe osas pretensioone, tuleb need saata e-kirja aadressile sooditalulilled@gmail.com vo\u0303i helistada telefonil: 56497333.<\/p>\n<p>Kui ostja ja Veebipood ei suuda lahendada vaidlust kokkuleppe teel, siis on ostjal vo\u0303imalik po\u0308o\u0308rduda Tarbijavaidluste komisjoni poole. Menetlustingimustega saab tutvuda ning avaldust esitada\u00a0<a href=\"https:\/\/komisjon.ee\/et\/avalduse-esitamine\" target=\"_blank\" rel=\"noopener noreferrer\">siin<\/a>. Tarbijavaidluste komisjoni pa\u0308devuses on lahendada ostja ja Veebipoe vahel so\u0303lmitud lepingust tulenevaid vaidlusi. Ostja kaebuse la\u0308bivaatamine komisjonis on tasuta.<\/p>\n<p>Ostja vo\u0303ib po\u0308o\u0308rduda Euroopa Liidu tarbijavaidlusi lahendava platvormi\u00a0<a href=\"https:\/\/ec.europa.eu\/consumers\/odr\/main\/index.cfm?event=main.home2.show&amp;lng=ET\" target=\"_blank\" rel=\"noopener noreferrer\">poole<\/a>.<\/p>\n<\/div>\n<\/div>","protected":false},"excerpt":{"rendered":"<p>M\u00fc\u00fcgitingimused Veebipoe Soodi Talu Lilled (edaspidi Veebipood) omanik on Soodi O\u00dc (registrikood 17076444), asukohaga Soodi, Soodi k\u00fcla, R\u00f5uge vald, V\u00f5rumaa. Mu\u0308u\u0308gilepingu kehtivus, kauba- ja hinnainfo Mu\u0308u\u0308gitingimused kehtivad Veebipoest kaupade ostmisel. Veebipoes mu\u0308u\u0308davate toodete hinnad on ma\u0308rgitud toodete juurde. Hinnale lisandub tasu kauba ka\u0308ttetoimetamise eest. Ko\u0303ik veebipoes mu\u0308u\u0308davate kaupade hinnad on eurodes. Kauba ka\u0308ttetoimetamise tasu so\u0303ltub ostja asukohast ning ka\u0308ttetoimetamise viisist. Ka\u0308ttetoimetamise tasu kuvatakse ostjale tellimuse vormistamisel. Teave kauba kohta on esitatud Veebipoes vahetult kauba juures. Tellimuse vormistamine Kauba tellimiseks tuleb lisada soovitud tooted ostukorvi. Tellimuse vormistamiseks tuleb ta\u0308ita no\u0303utud andmeva\u0308ljad ning valida sobiv toodete kohaletoimetamise viis. Seeja\u0308rel kuvatakse ekraanile tasu suurus, mille saab tasuda turvaliselt pangalingi kaudu. NB! Pangalingiga tasumisel vajutada kindlasti panga lehel nupule \u201eTagasi kaupmehe juurde\u201c. Leping jo\u0303ustub alates tasumisele kuuluva summa laekumisest Veebipoe arvelduskontole. Kui tellitud kaupa ei ole vo\u0303imalik tarnida seoses kauba lo\u0303ppemisega vo\u0303i muul po\u0303hjusel, teavitatakse sellest ostjat esimesel vo\u0303imalusel ning tagastatakse tasutud raha (sh kauba ka\u0308ttetoimetamise kulud) viivitamata, kuid mitte hiljem kui 7\u00a0pa\u0308eva jooksul teate saatmisest. Kohaletoimetamine Kaupu saadetakse ja\u0308rgmistesse riikidesse: Eesti. Kauba ka\u0308ttesaamiseks on ostjal ja\u0308rgnevad valikud: Omniva pakiautomaadid v\u00f5i ise j\u00e4reletulemine. Kauba saatmiskulud kannab ostja ning vastav hinnainfo on kuvatud saatmisviisi juures. Eestisisesed saadetised jo\u0303uavad u\u0308ldjuhul ostja ma\u0308a\u0308ratud sihtpunkti 3-7\u00a0 to\u0308o\u0308pa\u0308eva jooksul alates mu\u0308u\u0308gilepingu jo\u0303ustumisest. Erandlikel juhtumitel on o\u0303igus kaup kohale toimetada kuni 30 kalendripa\u0308eva jooksul. Taganemiso\u0303igus Pa\u0308rast tellimuse ka\u0308ttesaamist on ostjal o\u0303igus e-poes so\u0303lmitud lepingust taganeda 14 pa\u0308eva jooksul. Taganemiso\u0303igus ei kohaldu, kui ostjaks on juriidiline isik. 14-pa\u0308evase tagastamiso\u0303iguse kasutamiseks ei tohi tellitud kaupa kasutada muul viisil kui on vajalik kauba olemuses, omadustes ja toimimises veendumiseks viisil nagu see on lubatud kauba testimiseks fu\u0308u\u0308silises poes. Kui kaupa on kasutatud muuks otstarbeks kui on vajalik kauba olemuses, omadustes ja toimimises veendumiseks vo\u0303i sellel on kasutamise vo\u0303i kulumise ma\u0308rke, on Veebipoel o\u0303igus alandada tagastatavat tasu vastavalt kauba va\u0308a\u0308rtuse va\u0308henemisele. Kauba tagastamiseks tuleb esitada kauba ostmisest taganemise avaldus, teha see vabas vormis \u00fcheselt m\u00f5istetavalt. Avalduses tuleb n\u00e4idata \u00e4ra tellija ees- ja perekonna nimi, paki saamise kuup\u00e4ev, avalduse koostamise kuup\u00e4ev, tellimuse- v\u00f5i arvenumber ning saata see e-posti aadressile sooditalulilled@gmail.com hiljemalt 14 pa\u0308eva jooksul kauba ka\u0308ttesaamisest. Kauba tagastamise kulud kannab ostja, va\u0308lja arvatud juhul, kui tagastamise po\u0303hjus seisneb asjaolus, et tagastamisele kuuluv toode ei vasta tellitule (nt vale vo\u0303i defektiga toode). Ostja peab kauba tagastama avalduse esitamisele ja\u0308rgneva 14 pa\u0308eva jooksul vo\u0303i esitama to\u0303endi, et ta on eelnimetatud perioodi jooksul kauba u\u0308le andnud kauba vedajale. Veebipood tagastab tagastatava kauba ka\u0308ttesaamisel ostjale viivitamata, kuid mitte hiljem kui 14 pa\u0308eva mo\u0308o\u0308dumisel arvates taganemisavalduse saamisest, ko\u0303ik ostjalt lepingu alusel saadud tasud. Veebipood vo\u0303ib keelduda tagasimaksete tegemisest seni, kuni on lepingu esemeks oleva asja tagasi saanud vo\u0303i kuni ostja on esitanud to\u0303endid, et on asja tagasi saatnud, so\u0303ltuvalt sellest, kumb toimub varem. Kui ostja on so\u0303naselgelt valinud Veebipoe pakutud ko\u0303ige odavamast tavapa\u0308rasest asja ka\u0308ttetoimetamise viisist erineva ka\u0308ttetoimetamise viisi, ei pea Veebipood tarbijale tagastama kulu, mis u\u0308letab tavapa\u0308rase ka\u0308ttetoimetamise viisiga seotud kulu. Veebipoel on o\u0303igus taganeda mu\u0308u\u0308gitehingust ning no\u0303uda ostjalt tagasi kaup, kui kauba hind veebipoes on eksituse to\u0303ttu ma\u0308rgitud oluliselt alla kauba turuhinna. Pretensiooni esitamise o\u0303igus Veebipood vastutab ostjale mu\u0308u\u0308dud kauba lepingutingimustele mittevastavuse vo\u0303i puuduse eest, mis oli olemas juba asja u\u0308leandmise hetkel ning mis ilmneb kuni kahe aasta jooksul, alates kauba u\u0308leandmisest ostjale. ellest esimese kuue kuu jooksul asja u\u0308leandmisest ostjale eeldatakse, et puudus oli olemas juba asja u\u0308leandmise ajal. Vastava eelduse u\u0308mberlu\u0308kkamine on Veebipoe kohustus. Ostjal on o\u0303igus puuduse ilmnemisel po\u0308o\u0308rduda hiljemalt kahe kuu jooksul veebipoe poole, saates e-kirja aadressile sooditalulilled@gmail.com vo\u0303i helistada telefonil: 56497333. Veebipood ei vastuta puuduste eest, mis on tekkinud pa\u0308rast kauba u\u0308leandmist ostjale. Kui Veebipoest ostetud kaubal on puudused, mille eest Veebipood vastutab, parandab vo\u0303i asendab Veebipood puudusega kauba. Kui kaupa ei ole vo\u0303imalik parandada ega asendada, tagastab Veebipood ostjale ko\u0303ik mu\u0308u\u0308gilepinguga kaasnenud tasud. Veebipood vastab tarbija esitatud kaebusele kirjalikult vo\u0303i kirjalikku taasesitamist vo\u0303imaldavas vormis 15 pa\u0308eva jooksul. Otseturustus ja isikuandmete to\u0308o\u0308tlemine Veebipood kasutab ostja poolt sisestatud isikuandmeid ainult tellimuse to\u0308o\u0308tlemiseks ning kauba ostjale saatmiseks. Veebipood edastab isikuandmeid veoteenust pakkuvale ettevo\u0303tetele selleks, et kohale toimetada kaupa. Veebipood saadab ostjale uudiskirju ning pakkumisi ostja e-maili aadressile ainult juhul, kui ostja on selleks avaldanud soovi sisestades veebilehel e-kirja aadressi ning andnud teada oma soovist otsepostituse teadete saamiseks. Ostjal on igal ajal vo\u0303imalik loobuda e-postile saadetavatest pakkumistest ja uudiskirjadest andes sellest meile teada e-kirja teel vo\u0303i ja\u0308rgides pakkumisi sisaldava e-kirjas toodud juhiseid. Vaidluste lahendamine Kui ostjal on Veebipoe osas pretensioone, tuleb need saata e-kirja aadressile sooditalulilled@gmail.com vo\u0303i helistada telefonil: 56497333. Kui ostja ja Veebipood ei suuda lahendada vaidlust kokkuleppe teel, siis on ostjal vo\u0303imalik po\u0308o\u0308rduda Tarbijavaidluste komisjoni poole. Menetlustingimustega saab tutvuda ning avaldust esitada\u00a0siin. Tarbijavaidluste komisjoni pa\u0308devuses on lahendada ostja ja Veebipoe vahel so\u0303lmitud lepingust tulenevaid vaidlusi. Ostja kaebuse la\u0308bivaatamine komisjonis on tasuta. Ostja vo\u0303ib po\u0308o\u0308rduda Euroopa Liidu tarbijavaidlusi lahendava platvormi\u00a0poole.<\/p>","protected":false},"author":1,"featured_media":0,"parent":0,"menu_order":0,"comment_status":"closed","ping_status":"closed","template":"","meta":{"om_disable_all_campaigns":false,"_monsterinsights_skip_tracking":false,"_monsterinsights_sitenote_active":false,"_monsterinsights_sitenote_note":"","_monsterinsights_sitenote_category":0,"footnotes":""},"class_list":["post-2804","page","type-page","status-publish","hentry"],"aioseo_notices":[],"jetpack_sharing_enabled":true,"rttpg_featured_image_url":null,"rttpg_author":{"display_name":"liis.karlson","author_link":"https:\/\/sooditalulilled.ee\/en\/author\/liis-karlson\/"},"rttpg_comment":0,"rttpg_category":null,"rttpg_excerpt":"M\u00fc\u00fcgitingimused Veebipoe Soodi Talu Lilled (edaspidi Veebipood) omanik on Soodi O\u00dc (registrikood 17076444), asukohaga Soodi, Soodi k\u00fcla, R\u00f5uge vald, V\u00f5rumaa. Mu\u0308u\u0308gilepingu kehtivus, kauba- ja hinnainfo Mu\u0308u\u0308gitingimused kehtivad Veebipoest kaupade ostmisel. Veebipoes mu\u0308u\u0308davate toodete hinnad on ma\u0308rgitud toodete juurde. Hinnale lisandub tasu kauba ka\u0308ttetoimetamise eest. Ko\u0303ik veebipoes mu\u0308u\u0308davate kaupade hinnad on eurodes. Kauba ka\u0308ttetoimetamise tasu so\u0303ltub&hellip;","_links":{"self":[{"href":"https:\/\/sooditalulilled.ee\/en\/wp-json\/wp\/v2\/pages\/2804","targetHints":{"allow":["GET"]}}],"collection":[{"href":"https:\/\/sooditalulilled.ee\/en\/wp-json\/wp\/v2\/pages"}],"about":[{"href":"https:\/\/sooditalulilled.ee\/en\/wp-json\/wp\/v2\/types\/page"}],"author":[{"embeddable":true,"href":"https:\/\/sooditalulilled.ee\/en\/wp-json\/wp\/v2\/users\/1"}],"replies":[{"embeddable":true,"href":"https:\/\/sooditalulilled.ee\/en\/wp-json\/wp\/v2\/comments?post=2804"}],"version-history":[{"count":1,"href":"https:\/\/sooditalulilled.ee\/en\/wp-json\/wp\/v2\/pages\/2804\/revisions"}],"predecessor-version":[{"id":2805,"href":"https:\/\/sooditalulilled.ee\/en\/wp-json\/wp\/v2\/pages\/2804\/revisions\/2805"}],"wp:attachment":[{"href":"https:\/\/sooditalulilled.ee\/en\/wp-json\/wp\/v2\/media?parent=2804"}],"curies":[{"name":"wp","href":"https:\/\/api.w.org\/{rel}","templated":true}]}}