{"id":3833,"date":"2025-10-22T18:32:54","date_gmt":"2025-10-22T18:32:54","guid":{"rendered":"https:\/\/sooditalulilled.ee\/?page_id=3833"},"modified":"2025-10-22T18:59:05","modified_gmt":"2025-10-22T18:59:05","slug":"blogi","status":"publish","type":"page","link":"https:\/\/sooditalulilled.ee\/en\/blogi\/","title":{"rendered":"N\u00f5uandenurk"},"content":{"rendered":"<div data-elementor-type=\"wp-page\" data-elementor-id=\"3833\" class=\"elementor elementor-3833\">\n\t\t\t\t<div class=\"elementor-element elementor-element-0cb2b69 e-flex e-con-boxed wpr-particle-no wpr-jarallax-no wpr-parallax-no wpr-sticky-section-no e-con e-parent\" data-id=\"0cb2b69\" data-element_type=\"container\">\n\t\t\t\t\t<div class=\"e-con-inner\">\n\t\t\t\t<div class=\"elementor-element elementor-element-045d1a9 meta-visibility-show title_position_default title_hover_border_default title-default img_hover_animation_default meta_position_default tpg-is-author-icon-show author-image-visibility-icon readmore-btn-default-style grid-hover-overlay-type-always tpg-el-box-border-enable tpg-border-bottom-disable elementor-widget elementor-widget-tpg-grid-layout\" data-id=\"045d1a9\" data-element_type=\"widget\" data-widget_type=\"tpg-grid-layout.default\">\n\t\t\t\t<div class=\"elementor-widget-container\">\n\t\t\t\t\t\t\t<div class=\"rt-container-fluid rt-tpg-container tpg-el-main-wrapper clearfix grid-layout4-main\"\n\t\t\t id=\"rt-tpg-container-1269580935\"\n\t\t\t data-layout=\"grid-layout4\"\n\t\t\t data-grid-style=\"tpg-full-height\"\n\t\t\t data-sc-id=\"elementor\"\n\t\t\t data-el-settings=''\n\t\t\t data-el-query=''\n\t\t\t data-el-path=''\n\t\t>\n\t\t\t\t\t\t\t<div id=\"bottom-script-loader\" class=\"bottom-script-loader\">\n\t\t\t\t\t<div class=\"rt-ball-clip-rotate\">\n\t\t\t\t\t\t<div><\/div>\n\t\t\t\t\t<\/div>\n\t\t\t\t<\/div>\n\t\t\t\t\t\t\t<div class='tpg-header-wrapper'>\n\t\t\t\t\t\t\t<\/div>\n\n\t\t\t<div data-title=\"Loading ...\" class=\"rt-row rt-content-loader grid-layout4 grid-behaviour tpg-full-height grid_layout_wrapper\">\n\t\t\t\t\n<div class=\"rt-col-md-4 rt-col-sm-6 rt-col-xs-12 default rt-grid-item\" data-id=\"4837\">\n\t<div class=\"rt-holder tpg-post-holder\">\n\t\t<div class=\"rt-detail rt-el-content-wrapper\">\n\t\t\t\t\t\t\t<div class=\"rt-img-holder tpg-el-image-wrap has-thumbnail\">\n\t\t\t\t\t<a data-id=\"4837\" href=\"https:\/\/sooditalulilled.ee\/en\/lohnavate-lillherneste-kirjeldused-ja-vordlus\/\" class=\"tpg-post-link\" target=\"_self\">                        <img fetchpriority=\"high\" decoding=\"async\" src=\"https:\/\/i0.wp.com\/sooditalulilled.ee\/wp-content\/uploads\/2025\/11\/lillhernes-spencer-pulsar.jpg?fit=750%2C715&#038;ssl=1\"\n                             class=\"rt-img-responsive\"\n                             width=\"750\"\n                             height=\"715\"\n                             alt=\"\u00d5rn ilu ja imeline l\u00f5hn &#8211; lillherneste sortide v\u00f5rdlus\">\n\t\t\t\t\t\t\n\t\t\t\t\t\t\t\n\t\t<\/a>\n\t\t        <div class=\"overlay grid-hover-content\"><\/div>\n\t\t\t\t\t\t<\/div>\n\t\t\t\n\t\t\t<div class=\"entry-title-wrapper\"><h3 class=\"entry-title\"><a data-id=\"4837\" href=\"https:\/\/sooditalulilled.ee\/en\/lohnavate-lillherneste-kirjeldused-ja-vordlus\/\" class=\"tpg-post-link\" target=\"_self\">\u00d5rn ilu ja imeline l\u00f5hn &#8211; lillherneste sortide v\u00f5rdlus<\/a><\/h3><\/div>\n\t\t\t\t\t\t\t<div class=\"post-meta-tags rt-el-post-meta\">\n\t\t\t\t\t            <span class='author'>\n\n\t\t\t\t<i class='flaticon-user'><\/i><span class='author-prefix'>By<\/span><a href=\"https:\/\/sooditalulilled.ee\/en\/author\/liis-karlson\/\">liis.karlson<\/a>\t\t\t<\/span>\n\t\t\t            <span class='date'>\n\t\t\t\t<i class='flaticon-calendar'><\/i>\t\t\t\t                    <a href=\"https:\/\/sooditalulilled.ee\/en\/2025\/12\/09\/\">\n\t\t\t\t\tDecember 9, 2025\t\t\t\t<\/a>\n\t\t\t\t\t\t\t<\/span>\n\t\t\t\t\t\t\t<\/div>\n\t\t\t\n\t\t\t\t\t\t\t<div class=\"tpg-excerpt tpg-el-excerpt\">\n\t\t\t\t\t\t\t\t\t\t\t<div class=\"tpg-excerpt-inner\">\n\t\t\t\t\t\t\tAllj\u00e4rgnevalt leiad e-poes m\u00fc\u00fcdavate l\u00f5hnava lillherne (lathyrus odoratus)&nbsp;erinevate sortide p\u00f5hjalikuma kirjelduse ja juhise, millist sorti valida endale kasvatamiseks. &nbsp; &nbsp;LATHYRUS...\t\t\t\t\t\t<\/div>\n\t\t\t\t\t\t\t\t\t\t\t\t\t\t<\/div>\n\t\t\t\n\t\t\t        <div class=\"post-footer\">\n            <div class=\"post-footer\">\n                <div class=\"read-more\">\n\t\t\t\t\t<a data-id=\"4837\" href=\"https:\/\/sooditalulilled.ee\/en\/lohnavate-lillherneste-kirjeldused-ja-vordlus\/\" class=\"tpg-post-link\" target=\"_self\">Read More<\/a>                <\/div>\n            <\/div>\n        <\/div>\n\t\t\t\t<\/div>\n\t<\/div>\n<\/div>\n\n<div class=\"rt-col-md-4 rt-col-sm-6 rt-col-xs-12 default rt-grid-item\" data-id=\"3893\">\n\t<div class=\"rt-holder tpg-post-holder\">\n\t\t<div class=\"rt-detail rt-el-content-wrapper\">\n\t\t\t\t\t\t\t<div class=\"rt-img-holder tpg-el-image-wrap has-thumbnail\">\n\t\t\t\t\t<a data-id=\"3893\" href=\"https:\/\/sooditalulilled.ee\/en\/millist-eukalupti-valida-kasvatamiseks\/\" class=\"tpg-post-link\" target=\"_self\">                        <img decoding=\"async\" src=\"https:\/\/i0.wp.com\/sooditalulilled.ee\/wp-content\/uploads\/2025\/10\/euka-Silver-dollar.jpeg?fit=768%2C768&#038;ssl=1\"\n                             class=\"rt-img-responsive\"\n                             width=\"768\"\n                             height=\"768\"\n                             alt=\"Millist eukal\u00fcpti valida kasvatamiseks?\">\n\t\t\t\t\t\t\n\t\t\t\t\t\t\t\n\t\t<\/a>\n\t\t        <div class=\"overlay grid-hover-content\"><\/div>\n\t\t\t\t\t\t<\/div>\n\t\t\t\n\t\t\t<div class=\"entry-title-wrapper\"><h3 class=\"entry-title\"><a data-id=\"3893\" href=\"https:\/\/sooditalulilled.ee\/en\/millist-eukalupti-valida-kasvatamiseks\/\" class=\"tpg-post-link\" target=\"_self\">Millist eukal\u00fcpti valida kasvatamiseks?<\/a><\/h3><\/div>\n\t\t\t\t\t\t\t<div class=\"post-meta-tags rt-el-post-meta\">\n\t\t\t\t\t            <span class='author'>\n\n\t\t\t\t<i class='flaticon-user'><\/i><span class='author-prefix'>By<\/span><a href=\"https:\/\/sooditalulilled.ee\/en\/author\/liis-karlson\/\">liis.karlson<\/a>\t\t\t<\/span>\n\t\t\t            <span class='date'>\n\t\t\t\t<i class='flaticon-calendar'><\/i>\t\t\t\t                    <a href=\"https:\/\/sooditalulilled.ee\/en\/2025\/10\/23\/\">\n\t\t\t\t\tOctober 23, 2025\t\t\t\t<\/a>\n\t\t\t\t\t\t\t<\/span>\n\t\t\t\t\t\t\t<\/div>\n\t\t\t\n\t\t\t\t\t\t\t<div class=\"tpg-excerpt tpg-el-excerpt\">\n\t\t\t\t\t\t\t\t\t\t\t<div class=\"tpg-excerpt-inner\">\n\t\t\t\t\t\t\tEukal\u00fcptide v\u00f5rdlus: \u2018Baby Blue\u2019, \u2018Silver Dollar\u2019 ja &#8216;Small-leaved Gum&#8217; K\u00f5ik kolm on armastatud l\u00f5ike- ja dekoratiivtaimed oma v\u00e4rske aroomi ja h\u00f5behallide lehtede t\u00f5ttu, kuid neil on...\t\t\t\t\t\t<\/div>\n\t\t\t\t\t\t\t\t\t\t\t\t\t\t<\/div>\n\t\t\t\n\t\t\t        <div class=\"post-footer\">\n            <div class=\"post-footer\">\n                <div class=\"read-more\">\n\t\t\t\t\t<a data-id=\"3893\" href=\"https:\/\/sooditalulilled.ee\/en\/millist-eukalupti-valida-kasvatamiseks\/\" class=\"tpg-post-link\" target=\"_self\">Read More<\/a>                <\/div>\n            <\/div>\n        <\/div>\n\t\t\t\t<\/div>\n\t<\/div>\n<\/div>\n\t\t\t<\/div>\n\t\t\t\n\t\t<\/div>\n\t\t\t\t\t\t<\/div>\n\t\t\t\t<\/div>\n\t\t\t\t\t<\/div>\n\t\t\t\t<\/div>\n\t\t\t\t<\/div>","protected":false},"excerpt":{"rendered":"<p>\u00a0 Millist eukal\u00fcpti valida? Byliis.karlson oktoober 22, 2025 \ud83c\udf3f Eukal\u00fcpt \u2018Baby Blue\u2019 vs \u2018Silver Dollar\u2019 \u2013 kumb valida? Kuigi m\u00f5lemad on kaunid, h\u00f5behallid ja aromaatsed eukal\u00fcptid, on neil pisut erinev v\u00e4limus ja iseloom. Omadus \u2018Baby Blue\u2019 (Eucalyptus&#8230; Read More<\/p>","protected":false},"author":1,"featured_media":0,"parent":0,"menu_order":0,"comment_status":"closed","ping_status":"closed","template":"","meta":{"om_disable_all_campaigns":false,"_monsterinsights_skip_tracking":false,"_monsterinsights_sitenote_active":false,"_monsterinsights_sitenote_note":"","_monsterinsights_sitenote_category":0,"footnotes":""},"class_list":["post-3833","page","type-page","status-publish","hentry"],"aioseo_notices":[],"jetpack_sharing_enabled":true,"rttpg_featured_image_url":null,"rttpg_author":{"display_name":"liis.karlson","author_link":"https:\/\/sooditalulilled.ee\/en\/author\/liis-karlson\/"},"rttpg_comment":0,"rttpg_category":"","rttpg_excerpt":"\u00a0 Millist eukal\u00fcpti valida? Byliis.karlson oktoober 22, 2025 \ud83c\udf3f Eukal\u00fcpt \u2018Baby Blue\u2019 vs \u2018Silver Dollar\u2019 \u2013 kumb valida? Kuigi m\u00f5lemad on kaunid, h\u00f5behallid ja aromaatsed eukal\u00fcptid, on neil pisut erinev v\u00e4limus ja iseloom. Omadus \u2018Baby Blue\u2019 (Eucalyptus&#8230; Read More","_links":{"self":[{"href":"https:\/\/sooditalulilled.ee\/en\/wp-json\/wp\/v2\/pages\/3833","targetHints":{"allow":["GET"]}}],"collection":[{"href":"https:\/\/sooditalulilled.ee\/en\/wp-json\/wp\/v2\/pages"}],"about":[{"href":"https:\/\/sooditalulilled.ee\/en\/wp-json\/wp\/v2\/types\/page"}],"author":[{"embeddable":true,"href":"https:\/\/sooditalulilled.ee\/en\/wp-json\/wp\/v2\/users\/1"}],"replies":[{"embeddable":true,"href":"https:\/\/sooditalulilled.ee\/en\/wp-json\/wp\/v2\/comments?post=3833"}],"version-history":[{"count":5,"href":"https:\/\/sooditalulilled.ee\/en\/wp-json\/wp\/v2\/pages\/3833\/revisions"}],"predecessor-version":[{"id":4839,"href":"https:\/\/sooditalulilled.ee\/en\/wp-json\/wp\/v2\/pages\/3833\/revisions\/4839"}],"wp:attachment":[{"href":"https:\/\/sooditalulilled.ee\/en\/wp-json\/wp\/v2\/media?parent=3833"}],"curies":[{"name":"wp","href":"https:\/\/api.w.org\/{rel}","templated":true}]}}