{"id":998,"date":"2025-03-10T08:58:27","date_gmt":"2025-03-10T08:58:27","guid":{"rendered":"https:\/\/sooditalulilled.ee\/cart\/"},"modified":"2025-11-20T16:17:57","modified_gmt":"2025-11-20T16:17:57","slug":"cart","status":"publish","type":"page","link":"https:\/\/sooditalulilled.ee\/en\/cart\/","title":{"rendered":"Ostukorv"},"content":{"rendered":"<div data-elementor-type=\"wp-page\" data-elementor-id=\"998\" class=\"elementor elementor-998\">\n\t\t\t\t<div class=\"elementor-element elementor-element-81fe0a0 e-flex e-con-boxed wpr-particle-no wpr-jarallax-no wpr-parallax-no wpr-sticky-section-no e-con e-parent\" data-id=\"81fe0a0\" data-element_type=\"container\" data-settings=\"{&quot;background_background&quot;:&quot;classic&quot;}\">\n\t\t\t\t\t<div class=\"e-con-inner\">\n\t\t\t\t\t<\/div>\n\t\t\t\t<\/div>\n\t\t\t\t<\/div>","protected":false},"excerpt":{"rendered":"<p>&nbsp; Toode &nbsp; Hind Kogus Vahesumma &times; Anemoon Mistral Plus\u00ae &#8216;Panda&#8217; &#8211; 10tk pakis 14,90&nbsp;&euro; Anemoon Mistral Plus\u00ae &#039;Panda&#039; &#8211; 10tk pakis kogus 14,90&nbsp;&euro; Uuenda ostukorvi Rakenda Kokkuv\u00f5te Vahesumma 14,90&nbsp;&euro; Saadetis Tulen ise j\u00e4rgi eelneval kokkuleppel (V\u00f5rumaa) Omniva pakiautomaat: 3,50&nbsp;&euro; Smartposti Parcel locker: 3,30&nbsp;&euro; Tarne sihtkohta Soodi, 65142 Soodi. Kokku 14,90&nbsp;&euro; Mine maksma<\/p>","protected":false},"author":1,"featured_media":0,"parent":0,"menu_order":0,"comment_status":"closed","ping_status":"closed","template":"elementor_header_footer","meta":{"om_disable_all_campaigns":false,"_monsterinsights_skip_tracking":false,"_monsterinsights_sitenote_active":false,"_monsterinsights_sitenote_note":"","_monsterinsights_sitenote_category":0,"footnotes":""},"class_list":["post-998","page","type-page","status-publish","hentry"],"aioseo_notices":[],"jetpack_sharing_enabled":true,"rttpg_featured_image_url":null,"rttpg_author":{"display_name":"liis.karlson","author_link":"https:\/\/sooditalulilled.ee\/en\/author\/liis-karlson\/"},"rttpg_comment":0,"rttpg_category":null,"rttpg_excerpt":"&nbsp; Toode &nbsp; Hind Kogus Vahesumma &times; Anemoon Mistral Plus\u00ae &#8216;Panda&#8217; &#8211; 10tk pakis 14,90&nbsp;&euro; Anemoon Mistral Plus\u00ae &#039;Panda&#039; &#8211; 10tk pakis kogus 14,90&nbsp;&euro; Uuenda ostukorvi Rakenda Kokkuv\u00f5te Vahesumma 14,90&nbsp;&euro; Saadetis Tulen ise j\u00e4rgi eelneval kokkuleppel (V\u00f5rumaa) Omniva pakiautomaat: 3,50&nbsp;&euro; Smartposti Parcel locker: 3,30&nbsp;&euro; Tarne sihtkohta Soodi, 65142 Soodi. Kokku 14,90&nbsp;&euro; Mine maksma","_links":{"self":[{"href":"https:\/\/sooditalulilled.ee\/en\/wp-json\/wp\/v2\/pages\/998","targetHints":{"allow":["GET"]}}],"collection":[{"href":"https:\/\/sooditalulilled.ee\/en\/wp-json\/wp\/v2\/pages"}],"about":[{"href":"https:\/\/sooditalulilled.ee\/en\/wp-json\/wp\/v2\/types\/page"}],"author":[{"embeddable":true,"href":"https:\/\/sooditalulilled.ee\/en\/wp-json\/wp\/v2\/users\/1"}],"replies":[{"embeddable":true,"href":"https:\/\/sooditalulilled.ee\/en\/wp-json\/wp\/v2\/comments?post=998"}],"version-history":[{"count":5,"href":"https:\/\/sooditalulilled.ee\/en\/wp-json\/wp\/v2\/pages\/998\/revisions"}],"predecessor-version":[{"id":4438,"href":"https:\/\/sooditalulilled.ee\/en\/wp-json\/wp\/v2\/pages\/998\/revisions\/4438"}],"wp:attachment":[{"href":"https:\/\/sooditalulilled.ee\/en\/wp-json\/wp\/v2\/media?parent=998"}],"curies":[{"name":"wp","href":"https:\/\/api.w.org\/{rel}","templated":true}]}}