{"id":1995,"date":"2025-03-10T18:49:15","date_gmt":"2025-03-10T18:49:15","guid":{"rendered":"https:\/\/sooditalulilled.ee\/?post_type=product&#038;p=1995"},"modified":"2026-03-28T13:44:02","modified_gmt":"2026-03-28T13:44:02","slug":"hiina-aster-lady-coral-lavender","status":"publish","type":"product","link":"https:\/\/sooditalulilled.ee\/en\/product\/hiina-aster-lady-coral-lavender\/","title":{"rendered":"Hiina aster Lady Coral Lavender"},"content":{"rendered":"<p data-start=\"0\" data-end=\"297\"><strong>Hiina aster \u2018Lady Coral Lavender\u2019<\/strong> on t\u00f5eline aedade lavendlipilv \u2013 tema tihedalt t\u00e4idetud kroonlehed avanevad lopsaka roosina, kiirates pehmet lavendlilillat varjundit, mis k\u00f5neleb rahust, kergusest ja ajatust ilust. See toon on kui suve\u00f5htu vaikne sosin \u2013 \u00f5rn, ent m\u00f5juv.<\/p>\n<p data-start=\"299\" data-end=\"602\">\u2018Lady Coral Lavender\u2019 kuulub tuntud Lady Coral sarja, mis on hinnatud just oma erakordselt tihedate, roositaoliste \u00f5ite ja tugeva, sirge kasvu poolest. Tema \u00f5ied p\u00fcsivad h\u00e4sti ka vaasis, mist\u00f5ttu on ta imeline l\u00f5ikelill \u2013 igati sobiv nii lopsakasse kimbusse kui \u00fchev\u00e4rvilise elegantsina esile toomiseks.<\/p>\n<p data-start=\"604\" data-end=\"831\">Peen, jahe lavendlitoon lisab aeda rahuliku ja romantilise r\u00fctmi, sobitudes suurep\u00e4raselt valgete, roosade ja sinakate \u00f5itega. \u2018Lady Coral Lavender\u2019 m\u00f5jub nagu vaikne hetk suvise p\u00e4eva sees \u2013 pilkup\u00fc\u00fcdev, aga mitte pealet\u00fckkiv.<\/p>\n<p data-start=\"833\" data-end=\"1002\" data-is-last-node=\"\" data-is-only-node=\"\">Kui otsid lilli, mis \u00fchendaks endas ilu, vastupidavuse ja poeetilise v\u00e4rvigamma, siis \u2018Lady Coral Lavender\u2019 on just see \u2013 t\u00e4iuslik tasakaal romantika ja elegantsi vahel.<\/p>\n<p>&nbsp;<\/p>\n<p><span style=\"text-decoration: underline;\">KASVATAMINE <em>(soovituslik)<\/em>:<\/span><\/p>\n<p>Ettekasvatus: k\u00fclva seemned 6-8 n\u00e4dalat enne \u00f5ue istutamist. Taimed istuta \u00f5ue, kui \u00f6\u00f6k\u00fclma oht on m\u00f6\u00f6das.<\/p>\n<p>\u00c4ra kata k\u00fclvi mullaga &#8211; seemned vajavad idanemiseks valgust. V\u00f5imalusel kata k\u00fclv \u00f5rna vermikuliidikihiga.<\/p>\n<p>T\u00e4iskasvanud astri taimed kannatavad kuni -6 kraadist k\u00fclma, kuid noortele taimedele v\u00f5ib \u00f6\u00f6k\u00fclm teha liiga ning kasv v\u00f5ib pidurduda.<\/p>\n<p>Latva ei ole vaja n\u00e4pistada &#8211; astrid hargnevad iseseisvalt.<\/p>\n<p>L\u00f5ika lilled vaasi panekuks, kui \u00f5ied on pooleldi avanenud. \u00d5ied ei kannata vihma &#8211; t\u00f5mbuvad pruuniks.<\/p>","protected":false},"excerpt":{"rendered":"<p><strong>Idanevus ~57%!!<\/strong><\/p>\n<p><em>Callistephus chinensis<\/em><\/p>\n<p>Taime k\u00f5rgus: 60-80 cm<\/p>\n<p>Idanemine: 7-10 p\u00e4eva, 20-22C juures<\/p>\n<p>K\u00fclvist \u00f5itsemiseni: 110-120 p\u00e4eva<\/p>\n<p>Vaasiiga: 7-10 p\u00e4eva<\/p>","protected":false},"featured_media":2060,"template":"","meta":{"om_disable_all_campaigns":false,"_monsterinsights_skip_tracking":false,"_monsterinsights_sitenote_active":false,"_monsterinsights_sitenote_note":"","_monsterinsights_sitenote_category":0},"product_brand":[],"product_cat":[22],"product_tag":[25,23,24],"class_list":{"0":"post-1995","1":"product","2":"type-product","3":"status-publish","4":"has-post-thumbnail","6":"product_cat-hiina-astrid","7":"product_tag-aster","8":"product_tag-hiina-aster","9":"product_tag-lady-coral","11":"first","12":"outofstock","13":"shipping-taxable","14":"purchasable","15":"product-type-variable"},"aioseo_notices":[],"jetpack_sharing_enabled":true,"_links":{"self":[{"href":"https:\/\/sooditalulilled.ee\/en\/wp-json\/wp\/v2\/product\/1995","targetHints":{"allow":["GET"]}}],"collection":[{"href":"https:\/\/sooditalulilled.ee\/en\/wp-json\/wp\/v2\/product"}],"about":[{"href":"https:\/\/sooditalulilled.ee\/en\/wp-json\/wp\/v2\/types\/product"}],"wp:featuredmedia":[{"embeddable":true,"href":"https:\/\/sooditalulilled.ee\/en\/wp-json\/wp\/v2\/media\/2060"}],"wp:attachment":[{"href":"https:\/\/sooditalulilled.ee\/en\/wp-json\/wp\/v2\/media?parent=1995"}],"wp:term":[{"taxonomy":"product_brand","embeddable":true,"href":"https:\/\/sooditalulilled.ee\/en\/wp-json\/wp\/v2\/product_brand?post=1995"},{"taxonomy":"product_cat","embeddable":true,"href":"https:\/\/sooditalulilled.ee\/en\/wp-json\/wp\/v2\/product_cat?post=1995"},{"taxonomy":"product_tag","embeddable":true,"href":"https:\/\/sooditalulilled.ee\/en\/wp-json\/wp\/v2\/product_tag?post=1995"}],"curies":[{"name":"wp","href":"https:\/\/api.w.org\/{rel}","templated":true}]}}