{"id":1996,"date":"2025-03-10T19:10:25","date_gmt":"2025-03-10T19:10:25","guid":{"rendered":"https:\/\/sooditalulilled.ee\/?post_type=product&#038;p=1996"},"modified":"2026-03-30T20:19:45","modified_gmt":"2026-03-30T20:19:45","slug":"hiina-aster-lady-coral-chamois","status":"publish","type":"product","link":"https:\/\/sooditalulilled.ee\/en\/product\/hiina-aster-lady-coral-chamois\/","title":{"rendered":"Hiina Aster &#8216;Lady Coral Chamois&#8217;"},"content":{"rendered":"<p data-start=\"112\" data-end=\"428\"><strong data-start=\"112\" data-end=\"173\">Hiina aster \u2018Lady Coral Chamois\u2019 (Callistephus chinensis)<\/strong> on t\u00f5eliselt eriline ja \u00f5rn v\u00e4rvitoniga sort, mille suured, lopsakad \u00f5ied m\u00e4ngivad virsiku, aprikoosi, vanilje ja tolmroosa sooja ja maheda paletiga. Iga \u00f5is n\u00e4ib olevat k\u00e4sitsi toonidesse segatud \u2013 pehme, naturaalne ja korraga luksuslikult rikkalik.<\/p>\n<p data-start=\"430\" data-end=\"766\">\u2018Lady Coral Chamois\u2019 kroonlehed on kitsad ja siidised, moodustades t\u00e4idlase, keraja \u00f5isikupauna, mis avab end aeglaselt ja graatsiliselt. See sort on eriliselt armastatud l\u00f5ikelilleaedades, sest tema varred on tugevad ja \u00f5ied p\u00fcsivad vaasis kaua, omandades lausa vintage-sugemetega mahetooni, mis on kimpudes vastupandamatu.<\/p>\n<p data-start=\"768\" data-end=\"1009\">Kimpudes loob ta romantilise, sooja ja helge meeleolu \u2013 justkui suvine p\u00e4ikeseloojang, mis on hetkeks peatunud. Peenral sulandub ta kaunilt nii pastellide kui ka s\u00fcgavamate toonidega, andes istutusalale looduslikku, rahuliku vooluga ilu.<\/p>\n<p data-start=\"1011\" data-end=\"1142\" data-is-last-node=\"\" data-is-only-node=\"\">Soe, pehme, ajatu ja hellalt unistav \u2013 <strong data-start=\"1052\" data-end=\"1076\">\u2018Lady Coral Chamois\u2019<\/strong> on \u00f5is, mis paneb suve hinge veel kaua p\u00e4rast hooaja l\u00f5ppu.<\/p>\n<p>&nbsp;<\/p>\n<p><span style=\"text-decoration: underline;\">KASVATAMINE\u00a0<em>(soovituslik)<\/em>:<\/span><\/p>\n<p>Ettekasvatus: k\u00fclva seemned 6-8 n\u00e4dalat enne \u00f5ue istutamist. Taimed istuta \u00f5ue, kui \u00f6\u00f6k\u00fclma oht on m\u00f6\u00f6das.<\/p>\n<p>\u00c4ra kata k\u00fclvi mullaga \u2013 seemned vajavad idanemiseks valgust. V\u00f5imalusel kata k\u00fclv \u00f5rna vermikuliidikihiga.<\/p>\n<p>T\u00e4iskasvanud astri taimed kannatavad kuni -6 kraadist k\u00fclma, kuid noortele taimedele v\u00f5ib \u00f6\u00f6k\u00fclm teha liiga ning kasv v\u00f5ib pidurduda.<\/p>\n<p>Latva ei ole vaja n\u00e4pistada \u2013 astrid hargnevad iseseisvalt.<\/p>\n<p>L\u00f5ika lilled vaasi panekuks, kui \u00f5ied on pooleldi avanenud. \u00d5ied ei kannata vihma \u2013 t\u00f5mbuvad pruuniks.<\/p>","protected":false},"excerpt":{"rendered":"<p><em>Callistephus chinensis<\/em><\/p>\n<p>Taime k\u00f5rgus: 60-80 cm<\/p>\n<p>Idanemine: 7-10 p\u00e4eva, 20-22C juures<\/p>\n<p>K\u00fclvist \u00f5itsemiseni: 110-120 p\u00e4eva<\/p>\n<p>Vaasiiga: 7-10 p\u00e4eva<\/p>","protected":false},"featured_media":1997,"template":"","meta":{"om_disable_all_campaigns":false,"_monsterinsights_skip_tracking":false,"_monsterinsights_sitenote_active":false,"_monsterinsights_sitenote_note":"","_monsterinsights_sitenote_category":0},"product_brand":[],"product_cat":[22],"product_tag":[25,23,24],"class_list":{"0":"post-1996","1":"product","2":"type-product","3":"status-publish","4":"has-post-thumbnail","6":"product_cat-hiina-astrid","7":"product_tag-aster","8":"product_tag-hiina-aster","9":"product_tag-lady-coral","11":"first","12":"instock","13":"shipping-taxable","14":"purchasable","15":"product-type-variable"},"aioseo_notices":[],"jetpack_sharing_enabled":true,"_links":{"self":[{"href":"https:\/\/sooditalulilled.ee\/en\/wp-json\/wp\/v2\/product\/1996","targetHints":{"allow":["GET"]}}],"collection":[{"href":"https:\/\/sooditalulilled.ee\/en\/wp-json\/wp\/v2\/product"}],"about":[{"href":"https:\/\/sooditalulilled.ee\/en\/wp-json\/wp\/v2\/types\/product"}],"wp:featuredmedia":[{"embeddable":true,"href":"https:\/\/sooditalulilled.ee\/en\/wp-json\/wp\/v2\/media\/1997"}],"wp:attachment":[{"href":"https:\/\/sooditalulilled.ee\/en\/wp-json\/wp\/v2\/media?parent=1996"}],"wp:term":[{"taxonomy":"product_brand","embeddable":true,"href":"https:\/\/sooditalulilled.ee\/en\/wp-json\/wp\/v2\/product_brand?post=1996"},{"taxonomy":"product_cat","embeddable":true,"href":"https:\/\/sooditalulilled.ee\/en\/wp-json\/wp\/v2\/product_cat?post=1996"},{"taxonomy":"product_tag","embeddable":true,"href":"https:\/\/sooditalulilled.ee\/en\/wp-json\/wp\/v2\/product_tag?post=1996"}],"curies":[{"name":"wp","href":"https:\/\/api.w.org\/{rel}","templated":true}]}}