{"id":2004,"date":"2025-03-11T08:50:39","date_gmt":"2025-03-11T08:50:39","guid":{"rendered":"https:\/\/sooditalulilled.ee\/?post_type=product&#038;p=2004"},"modified":"2026-04-02T16:11:14","modified_gmt":"2026-04-02T16:11:14","slug":"hiina-aster-lady-coral-cream-white","status":"publish","type":"product","link":"https:\/\/sooditalulilled.ee\/en\/product\/hiina-aster-lady-coral-cream-white\/","title":{"rendered":"Hiina Aster &#8216;Lady Coral Cream White&#8217;"},"content":{"rendered":"<p data-start=\"101\" data-end=\"381\"><strong data-start=\"101\" data-end=\"166\">Hiina aster \u2018Lady Coral Cream White\u2019 (Callistephus chinensis)<\/strong> on nagu v\u00e4ike pilvepadi peenral \u2013 t\u00e4idlane, pehme ja \u00f5rnalt helendav. Selle sordi rohked kitsad kroonlehed avanevad lopsakaks, \u00fcmaraks \u00f5iepalliks, mille toon on soe kreemvalge, justkui vahukoor p\u00e4ikesevalguses.<\/p>\n<p data-start=\"383\" data-end=\"639\">\u2018Lady Coral\u2019 sari on hinnatud oma siidjate kroonlehtede ja elegantse r\u00fctmi poolest. \u00d5is ei ole kunagi tavaline \u2013 ta on pehme, sametine ja luksuslik, kuid ilma liigse \u00fclepakutud s\u00e4rata. Vaasis p\u00fcsib ta kaua ja avab ennast aeglaselt, nagu \u00f5itsev aeg ise.<\/p>\n<p data-start=\"641\" data-end=\"842\">Kimpudes lisab ta valgust ja pehmet tekstuuri, sulandudes ideaalselt pastelsete roosade, virsikute ja tolmuv\u00e4rvidega. Peenral m\u00f5jub ta rahulikult ja helgelt, justkui suvine naeratus keset rohelust.<\/p>\n<p data-start=\"844\" data-end=\"928\">See on lill neile, kes armastavad rahulikku ilu, pehmust ja ajatut romantikat. <strong data-start=\"930\" data-end=\"958\">\u2018Lady Coral Cream White\u2019<\/strong> \u2013 soe, \u00f5rn ja pehme nagu kreemjas koidup\u00e4ike.<\/p>\n<p>&nbsp;<\/p>\n<p><span style=\"text-decoration: underline;\">KASVATAMINE <em>(soovituslik)<\/em>:<\/span><\/p>\n<p>Ettekasvatus: k\u00fclva seemned 6-8 n\u00e4dalat enne \u00f5ue istutamist. Taimed istuta \u00f5ue, kui \u00f6\u00f6k\u00fclma oht on m\u00f6\u00f6das.<\/p>\n<p>\u00c4ra kata k\u00fclvi mullaga &#8211; seemned vajavad idanemiseks valgust. V\u00f5imalusel kata k\u00fclv \u00f5rna vermikuliidikihiga.<\/p>\n<p>T\u00e4iskasvanud astri taimed kannatavad kuni -6 kraadist k\u00fclma, kuid noortele taimedele v\u00f5ib \u00f6\u00f6k\u00fclm teha liiga ning kasv v\u00f5ib pidurduda.<\/p>\n<p>Latva ei ole vaja n\u00e4pistada &#8211; astrid hargnevad iseseisvalt.<\/p>\n<p>L\u00f5ika lilled vaasi panekuks, kui \u00f5ied on pooleldi avanenud. \u00d5ied ei kannata vihma &#8211; t\u00f5mbuvad pruuniks.<\/p>","protected":false},"excerpt":{"rendered":"<p class=\"lk7499ae_ProductDetail_productDetailLatinName\"><em>Callistephus chinensis<\/em><\/p>\n<p>Taime k\u00f5rgus: 60-80 cm<\/p>\n<p>Idanemine: 7-10 p\u00e4eva, 20-22C juures<\/p>\n<p>K\u00fclvist \u00f5itsemiseni: 110-120 p\u00e4eva<\/p>\n<p>Vaasiiga: 7-10 p\u00e4eva<\/p>","protected":false},"featured_media":4699,"template":"","meta":{"om_disable_all_campaigns":false,"_monsterinsights_skip_tracking":false,"_monsterinsights_sitenote_active":false,"_monsterinsights_sitenote_note":"","_monsterinsights_sitenote_category":0},"product_brand":[],"product_cat":[22],"product_tag":[25,23,24,27],"class_list":{"0":"post-2004","1":"product","2":"type-product","3":"status-publish","4":"has-post-thumbnail","6":"product_cat-hiina-astrid","7":"product_tag-aster","8":"product_tag-hiina-aster","9":"product_tag-lady-coral","10":"product_tag-valge","12":"first","13":"instock","14":"shipping-taxable","15":"purchasable","16":"product-type-variable"},"aioseo_notices":[],"jetpack_sharing_enabled":true,"_links":{"self":[{"href":"https:\/\/sooditalulilled.ee\/en\/wp-json\/wp\/v2\/product\/2004","targetHints":{"allow":["GET"]}}],"collection":[{"href":"https:\/\/sooditalulilled.ee\/en\/wp-json\/wp\/v2\/product"}],"about":[{"href":"https:\/\/sooditalulilled.ee\/en\/wp-json\/wp\/v2\/types\/product"}],"wp:featuredmedia":[{"embeddable":true,"href":"https:\/\/sooditalulilled.ee\/en\/wp-json\/wp\/v2\/media\/4699"}],"wp:attachment":[{"href":"https:\/\/sooditalulilled.ee\/en\/wp-json\/wp\/v2\/media?parent=2004"}],"wp:term":[{"taxonomy":"product_brand","embeddable":true,"href":"https:\/\/sooditalulilled.ee\/en\/wp-json\/wp\/v2\/product_brand?post=2004"},{"taxonomy":"product_cat","embeddable":true,"href":"https:\/\/sooditalulilled.ee\/en\/wp-json\/wp\/v2\/product_cat?post=2004"},{"taxonomy":"product_tag","embeddable":true,"href":"https:\/\/sooditalulilled.ee\/en\/wp-json\/wp\/v2\/product_tag?post=2004"}],"curies":[{"name":"wp","href":"https:\/\/api.w.org\/{rel}","templated":true}]}}