{"id":2012,"date":"2025-03-11T09:06:27","date_gmt":"2025-03-11T09:06:27","guid":{"rendered":"https:\/\/sooditalulilled.ee\/?post_type=product&#038;p=2012"},"modified":"2026-04-01T19:17:10","modified_gmt":"2026-04-01T19:17:10","slug":"loviloug-potomac-ivory-white","status":"publish","type":"product","link":"https:\/\/sooditalulilled.ee\/en\/product\/loviloug-potomac-ivory-white\/","title":{"rendered":"L\u00f5vil\u00f5ug &#8216;Potomac Ivory White&#8217;, Grupp 3-4"},"content":{"rendered":"<p data-start=\"136\" data-end=\"476\"><strong data-start=\"136\" data-end=\"190\">L\u00f5vil\u00f5ug \u2018Potomac Ivory White\u2019 <em>(Antirrhinum majus)<\/em><\/strong> on professionaalne l\u00f5ikelillesort, mille sihvakad, tugevad varred kannavad kauneid kreemikasvalgeid \u00f5isikuid. \u00d5rn elevandiluu toon lisab igale kimbule pehmust ja pidulikkust, muutes selle sordi ideaalseks nii romantilisteks pulmakimpudeks kui ka klassikalisteks suve\u00f5ite kooslusteks.<\/p>\n<p data-start=\"478\" data-end=\"703\">\u2018Potomac Ivory White\u2019 kuulub k\u00f5rgelt hinnatud Potomac-sarja, mida iseloomustab suurep\u00e4rane varre tugevus, \u00fchtlane kasv ja pikk \u00f5itsemisperiood. Taim on vastupidav ja annab rikkaliku l\u00f5ike\u00f5itesaagi ka soojemates tingimustes.<\/p>\n<p data-start=\"705\" data-end=\"851\">Ajatu, elegantne ja usaldusv\u00e4\u00e4rne \u2013 <strong data-start=\"741\" data-end=\"766\">\u2018Potomac Ivory White\u2019<\/strong> on t\u00f5eline klassika, mis toob aeda v\u00f5i kimpu puhta ilu ja rahuliku harmoonia.<\/p>\n<p>&nbsp;<\/p>\n<p><span style=\"text-decoration: underline;\">KASVATAMISE N\u00d5UANDED:<\/span><\/p>\n<p>Ettekasvatamine: k\u00fclva seemned 8-10 n\u00e4dalat enne \u00f5ue istutamist. Taimed v\u00f5ib istutada \u00f5ue juba enne viimaste \u00f6\u00f6k\u00fclmade m\u00f6\u00f6dumist \u2013 taimed taluvad m\u00f5ningaid miinuskraade (ca -6C). NB! Kaitse noori taimi kevadise p\u00e4ikse eest varjutuskanga v\u00f5i kattelooriga!<\/p>\n<p>\u00c4ra kata k\u00fclvi mullaga \u2013 seemned vajavad idanemiseks valgust. V\u00f5imalusel kata k\u00fclv \u00f5rnalt vermikuliidiga, et s\u00e4ilitada seemnete idanemiseks vajalik niiskus.<\/p>\n<p>Pikima vaasiea saamiseks l\u00f5ika, kui l\u00f5vil\u00f5ua alumised paar \u00f5it on avanemas.<\/p>","protected":false},"excerpt":{"rendered":"<p><em>Antirrhinum majus<\/em><\/p>\n<p>Taime k\u00f5rgus:\u00a0 60-150 cm<\/p>\n<p>Idanemine: 4-12 p\u00e4eva, 18-22C juures<\/p>\n<p>K\u00fclvist \u00f5itsemiseni: ~110-120 p\u00e4eva<\/p>\n<p>Vaasiiga: 7-10 p\u00e4eva<\/p>","protected":false},"featured_media":6286,"template":"","meta":{"om_disable_all_campaigns":false,"_monsterinsights_skip_tracking":false,"_monsterinsights_sitenote_active":false,"_monsterinsights_sitenote_note":"","_monsterinsights_sitenote_category":0},"product_brand":[],"product_cat":[36],"product_tag":[40,41,37,39,38,27],"class_list":{"0":"post-2012","1":"product","2":"type-product","3":"status-publish","4":"has-post-thumbnail","6":"product_cat-lovilouad","7":"product_tag-antirrhinum-majus","8":"product_tag-ivory","9":"product_tag-loviloug","10":"product_tag-potomac","11":"product_tag-snapdragon","12":"product_tag-valge","14":"first","15":"instock","16":"shipping-taxable","17":"purchasable","18":"product-type-variable"},"aioseo_notices":[],"jetpack_sharing_enabled":true,"_links":{"self":[{"href":"https:\/\/sooditalulilled.ee\/en\/wp-json\/wp\/v2\/product\/2012","targetHints":{"allow":["GET"]}}],"collection":[{"href":"https:\/\/sooditalulilled.ee\/en\/wp-json\/wp\/v2\/product"}],"about":[{"href":"https:\/\/sooditalulilled.ee\/en\/wp-json\/wp\/v2\/types\/product"}],"wp:featuredmedia":[{"embeddable":true,"href":"https:\/\/sooditalulilled.ee\/en\/wp-json\/wp\/v2\/media\/6286"}],"wp:attachment":[{"href":"https:\/\/sooditalulilled.ee\/en\/wp-json\/wp\/v2\/media?parent=2012"}],"wp:term":[{"taxonomy":"product_brand","embeddable":true,"href":"https:\/\/sooditalulilled.ee\/en\/wp-json\/wp\/v2\/product_brand?post=2012"},{"taxonomy":"product_cat","embeddable":true,"href":"https:\/\/sooditalulilled.ee\/en\/wp-json\/wp\/v2\/product_cat?post=2012"},{"taxonomy":"product_tag","embeddable":true,"href":"https:\/\/sooditalulilled.ee\/en\/wp-json\/wp\/v2\/product_tag?post=2012"}],"curies":[{"name":"wp","href":"https:\/\/api.w.org\/{rel}","templated":true}]}}