{"id":2014,"date":"2025-03-11T09:08:52","date_gmt":"2025-03-11T09:08:52","guid":{"rendered":"https:\/\/sooditalulilled.ee\/?post_type=product&#038;p=2014"},"modified":"2026-03-30T07:13:29","modified_gmt":"2026-03-30T07:13:29","slug":"loviloug-potomac-lavender","status":"publish","type":"product","link":"https:\/\/sooditalulilled.ee\/en\/product\/loviloug-potomac-lavender\/","title":{"rendered":"L\u00f5vil\u00f5ug &#8216;Potomac Lavender&#8217;, Grupp 3-4"},"content":{"rendered":"<p data-start=\"133\" data-end=\"439\"><strong data-start=\"133\" data-end=\"184\">L\u00f5vil\u00f5ug \u2018Potomac Lavender\u2019 <em>(Antirrhinum majus)<\/em><\/strong> on elegantne ja usaldusv\u00e4\u00e4rne l\u00f5ikelillesort, mida hinnatakse tema tugevate varte ja lummava lavendlililla v\u00e4rvitooni t\u00f5ttu. \u00d5isikud on k\u00f5rged ja sihvakad, t\u00e4is t\u00e4iuslikult vormitud \u00f5isi, mis avanevad alt \u00fcles ja loovad harmoonilise, graatsilise r\u00fctmi.<\/p>\n<p data-start=\"441\" data-end=\"722\">\u2018Potomac Lavender\u2019 kuulub professionaalse sarja hulka, mis on aretatud just l\u00f5ikelillede kasvatamiseks \u2013 ta talub h\u00e4sti kuumust, kasvab sirgelt ja annab suure saagi kvaliteetseid \u00f5ievarsi. Pehme lavendlivarjund toob kimpudesse ja peenrasse rahulikku elegantsi ja suvist v\u00e4rskust.<\/p>\n<p data-start=\"724\" data-end=\"861\">Ajatu, maitsekas ja vastupidav \u2013 <strong data-start=\"757\" data-end=\"779\">\u2018Potomac Lavender\u2019<\/strong> on ideaalne valik neile, kes otsivad ilu, mis \u00fchendab pehmuse ja tugevuse.<\/p>\n<p>&nbsp;<\/p>\n<p><span style=\"text-decoration: underline;\">KASVATAMINE (soovituslik):<\/span><\/p>\n<p>Ettekasvatamine: k\u00fclva seemned 6-8 n\u00e4dalat enne \u00f5ue istutamist. Taimed v\u00f5ib istutada \u00f5ue juba enne viimaste \u00f6\u00f6k\u00fclmade m\u00f6\u00f6dumist &#8211; taimed taluvad m\u00f5ningaid miinuskraade (ca -6C). NB! Kaitse noori taimi kevadise p\u00e4ikse eest varjutuskanga v\u00f5i kattelooriga!<\/p>\n<p>\u00c4ra kata k\u00fclvi mullaga \u2013 seemned vajavad idanemiseks valgust. V\u00f5imalusel kata k\u00fclv \u00f5rnalt vermikuliidiga, et s\u00e4ilitada seemnete idanemiseks vajalik niiskus.<\/p>\n<p>Pikima vaasiea saamiseks l\u00f5ika, kui l\u00f5vil\u00f5ua alumised paar \u00f5it on avanemas.<\/p>","protected":false},"excerpt":{"rendered":"<p><em>Antirrhinum majus<\/em><\/p>\n<p>Taime k\u00f5rgus:\u00a0 60-150 cm<\/p>\n<p>Idanemine: 4-12 p\u00e4eva, 18-22C juures<\/p>\n<p>K\u00fclvist \u00f5itsemiseni: 110-120 p\u00e4eva<\/p>\n<p>Vaasiiga: 7-10 p\u00e4eva<\/p>","protected":false},"featured_media":6297,"template":"","meta":{"om_disable_all_campaigns":false,"_monsterinsights_skip_tracking":false,"_monsterinsights_sitenote_active":false,"_monsterinsights_sitenote_note":"","_monsterinsights_sitenote_category":0},"product_brand":[],"product_cat":[36],"product_tag":[40,42,37,39,38],"class_list":{"0":"post-2014","1":"product","2":"type-product","3":"status-publish","4":"has-post-thumbnail","6":"product_cat-lovilouad","7":"product_tag-antirrhinum-majus","8":"product_tag-lavendel","9":"product_tag-loviloug","10":"product_tag-potomac","11":"product_tag-snapdragon","13":"first","14":"instock","15":"shipping-taxable","16":"purchasable","17":"product-type-variable"},"aioseo_notices":[],"jetpack_sharing_enabled":true,"_links":{"self":[{"href":"https:\/\/sooditalulilled.ee\/en\/wp-json\/wp\/v2\/product\/2014","targetHints":{"allow":["GET"]}}],"collection":[{"href":"https:\/\/sooditalulilled.ee\/en\/wp-json\/wp\/v2\/product"}],"about":[{"href":"https:\/\/sooditalulilled.ee\/en\/wp-json\/wp\/v2\/types\/product"}],"wp:featuredmedia":[{"embeddable":true,"href":"https:\/\/sooditalulilled.ee\/en\/wp-json\/wp\/v2\/media\/6297"}],"wp:attachment":[{"href":"https:\/\/sooditalulilled.ee\/en\/wp-json\/wp\/v2\/media?parent=2014"}],"wp:term":[{"taxonomy":"product_brand","embeddable":true,"href":"https:\/\/sooditalulilled.ee\/en\/wp-json\/wp\/v2\/product_brand?post=2014"},{"taxonomy":"product_cat","embeddable":true,"href":"https:\/\/sooditalulilled.ee\/en\/wp-json\/wp\/v2\/product_cat?post=2014"},{"taxonomy":"product_tag","embeddable":true,"href":"https:\/\/sooditalulilled.ee\/en\/wp-json\/wp\/v2\/product_tag?post=2014"}],"curies":[{"name":"wp","href":"https:\/\/api.w.org\/{rel}","templated":true}]}}