{"id":2018,"date":"2025-03-11T09:14:18","date_gmt":"2025-03-11T09:14:18","guid":{"rendered":"https:\/\/sooditalulilled.ee\/?post_type=product&#038;p=2018"},"modified":"2026-03-28T13:43:14","modified_gmt":"2026-03-28T13:43:14","slug":"loviloug-madame-butterfly-bronze-white","status":"publish","type":"product","link":"https:\/\/sooditalulilled.ee\/en\/product\/loviloug-madame-butterfly-bronze-white\/","title":{"rendered":"L\u00f5vil\u00f5ug &#8216;Madame Butterfly Ivory&#8217;, Grupp 3-4"},"content":{"rendered":"<p data-start=\"135\" data-end=\"422\"><strong data-start=\"135\" data-end=\"192\">L\u00f5vil\u00f5ug \u2018Madame Butterfly Ivory\u2019 <em>(Antirrhinum majus)<\/em><\/strong> on erakordselt kaunis topelt\u00f5ieline sort, mille kreemikasvalged, siidiselt kihilised \u00f5ied meenutavad v\u00e4ikeseid liblikaid. \u00d5rn elevandiluu toon ja pehme tekstuur loovad peenral v\u00f5i kimbus luksusliku, kuid samas loodusliku mulje.<\/p>\n<p data-start=\"424\" data-end=\"671\">\u2018Madame Butterfly Ivory\u2019 kuulub hinnatud Butterfly-sarja, mida armastatakse just nende t\u00e4idlaste, roosilaadsete \u00f5isikute p\u00e4rast. Ta \u00f5itseb rikkalikult kogu suve, sobides suurep\u00e4raselt l\u00f5ikelilleks ning lisades igasse kimpu \u00f5rnust ja pidulikkust.<\/p>\n<p data-start=\"673\" data-end=\"813\">Klassikaline, rahulik ja ajatult kaunis \u2013 <strong data-start=\"715\" data-end=\"743\">\u2018Madame Butterfly Ivory\u2019<\/strong> toob aeda ja vaasi p\u00e4ikesevalguse ja elegantsi \u00f5rna puudutuse.<\/p>\n<p>&nbsp;<\/p>\n<p><span style=\"text-decoration: underline;\">KASVATAMISE N\u00d5UANDED:<\/span><\/p>\n<p>Ettekasvatamine: k\u00fclva seemned toas 6-8 n\u00e4dalat enne \u00f5ue istutamist. Taimed v\u00f5ib istutada \u00f5ue juba enne viimaste \u00f6\u00f6k\u00fclmade m\u00f6\u00f6dumist &#8211; taimed taluvad m\u00f5ningaid miinuskraade (ca -6C). NB! Kaitse noori taimi kevadise p\u00e4ikse eest varjutuskanga v\u00f5i kattelooriga!<\/p>\n<p>\u00c4ra kata k\u00fclvi mullaga \u2013 seemned vajavad idanemiseks valgust. V\u00f5imalusel kata k\u00fclv \u00f5rnalt vermikuliidiga, et s\u00e4ilitada seemnete idanemiseks vajalik niiskus.<\/p>\n<p>Pikima vaasiea saamiseks l\u00f5ika, kui l\u00f5vil\u00f5ua alumised paar \u00f5it on avanemas.<\/p>","protected":false},"excerpt":{"rendered":"<p><em>Antirrhinum majus<\/em><\/p>\n<p>Taime k\u00f5rgus:\u00a0 60-75 cm<\/p>\n<p>Idanemine: 4-12 p\u00e4eva, 18-22C juures<\/p>\n<p>K\u00fclvist \u00f5itsemiseni: 110-120 p\u00e4eva<\/p>\n<p>Vaasiiga: 7-10 p\u00e4eva<\/p>","protected":false},"featured_media":4081,"template":"","meta":{"om_disable_all_campaigns":false,"_monsterinsights_skip_tracking":false,"_monsterinsights_sitenote_active":false,"_monsterinsights_sitenote_note":"","_monsterinsights_sitenote_category":0},"product_brand":[],"product_cat":[36],"product_tag":[40,44,37,43,38],"class_list":{"0":"post-2018","1":"product","2":"type-product","3":"status-publish","4":"has-post-thumbnail","6":"product_cat-lovilouad","7":"product_tag-antirrhinum-majus","8":"product_tag-bronze","9":"product_tag-loviloug","10":"product_tag-madame-butterfly","11":"product_tag-snapdragon","13":"first","14":"instock","15":"shipping-taxable","16":"purchasable","17":"product-type-variable"},"aioseo_notices":[],"jetpack_sharing_enabled":true,"_links":{"self":[{"href":"https:\/\/sooditalulilled.ee\/en\/wp-json\/wp\/v2\/product\/2018","targetHints":{"allow":["GET"]}}],"collection":[{"href":"https:\/\/sooditalulilled.ee\/en\/wp-json\/wp\/v2\/product"}],"about":[{"href":"https:\/\/sooditalulilled.ee\/en\/wp-json\/wp\/v2\/types\/product"}],"wp:featuredmedia":[{"embeddable":true,"href":"https:\/\/sooditalulilled.ee\/en\/wp-json\/wp\/v2\/media\/4081"}],"wp:attachment":[{"href":"https:\/\/sooditalulilled.ee\/en\/wp-json\/wp\/v2\/media?parent=2018"}],"wp:term":[{"taxonomy":"product_brand","embeddable":true,"href":"https:\/\/sooditalulilled.ee\/en\/wp-json\/wp\/v2\/product_brand?post=2018"},{"taxonomy":"product_cat","embeddable":true,"href":"https:\/\/sooditalulilled.ee\/en\/wp-json\/wp\/v2\/product_cat?post=2018"},{"taxonomy":"product_tag","embeddable":true,"href":"https:\/\/sooditalulilled.ee\/en\/wp-json\/wp\/v2\/product_tag?post=2018"}],"curies":[{"name":"wp","href":"https:\/\/api.w.org\/{rel}","templated":true}]}}