{"id":2020,"date":"2025-03-11T09:16:38","date_gmt":"2025-03-11T09:16:38","guid":{"rendered":"https:\/\/sooditalulilled.ee\/?post_type=product&#038;p=2020"},"modified":"2026-03-28T13:44:02","modified_gmt":"2026-03-28T13:44:02","slug":"loviloug-snapstar-champagne","status":"publish","type":"product","link":"https:\/\/sooditalulilled.ee\/en\/product\/loviloug-snapstar-champagne\/","title":{"rendered":"L\u00f5vil\u00f5ug &#8216;Snapstar Champagne&#8217;, Grupp 1-2"},"content":{"rendered":"<p data-start=\"131\" data-end=\"434\"><strong data-start=\"131\" data-end=\"184\">L\u00f5vil\u00f5ug \u2018Snapstar Champagne\u2019<em> (Antirrhinum majus)<\/em><\/strong> on \u00f5rn ja \u0161ikk suvelill, mille pehmed virsiku- ja \u0161ampanjatoonid toovad aeda maheda, luksusliku valguse. Tema \u00f5isikud on t\u00e4is lopsakaid, siidiselt helkivaid \u00f5isi, mis avanevad \u00fcksteise j\u00e4rel ja moodustavad graatsilise v\u00e4rvitulba kogu suve jooksul.<\/p>\n<p data-start=\"436\" data-end=\"688\">\u2018Snapstar Champagne\u2019 sobib suurep\u00e4raselt l\u00f5ikelilleks \u2013 tugevad varred, kaunid pastelsed toonid ja pikk vaasielu teevad temast lemmiku nii aianduses kui ka floristikas. Taim \u00f5itseb rikkalikult ja lisab peenrale romantilist, kuid samas kaasaegset ilu. Ideaalne valik neile, kes hindavad mahedaid toone ja elegantset lihtsust \u2013 t\u00f5eline suveklassika, mis ei l\u00e4he kunagi moest.<\/p>\n<p>&nbsp;<\/p>\n<p><span style=\"text-decoration: underline;\">KASVATAMISE N\u00d5UANDED<em>:<\/em><\/span><\/p>\n<p>Ettekasvatamine: k\u00fclva seemned 6-8 n\u00e4dalat enne \u00f5ue istutamist. Taimed v\u00f5ib istutada \u00f5ue juba enne viimaste \u00f6\u00f6k\u00fclmade m\u00f6\u00f6dumist &#8211; taimed taluvad m\u00f5ningaid miinuskraade (ca -6C). NB! Kaitse noori taimi kevadise p\u00e4ikse eest varjutuskanga v\u00f5i kattelooriga!<\/p>\n<p>\u00c4ra kata k\u00fclvi mullaga &#8211; seemned vajavad idanemiseks valgust. V\u00f5imalusel kata k\u00fclv \u00f5rnalt vermikuliidiga, et s\u00e4ilitada seemnete idanemiseks vajalik niiskus.<\/p>\n<p>Pikima vaasiea saamiseks l\u00f5ika, kui l\u00f5vil\u00f5ua alumised paar \u00f5it on avanemas.<\/p>","protected":false},"excerpt":{"rendered":"<p class=\"lk7499ae_ProductDetail_productDetailLatinName\"><em>Antirrhinum majus<\/em><\/p>\n<p>Taime k\u00f5rgus:\u00a0 60-100 cm<\/p>\n<p>Idanemine:\u00a0 4-12 p\u00e4eva, 18-22C juures<\/p>\n<p>K\u00fclvist \u00f5itsemiseni: ~110-120 p\u00e4eva<\/p>\n<p>Vaasiiga: 7-10 p\u00e4eva<\/p>","protected":false},"featured_media":6163,"template":"","meta":{"om_disable_all_campaigns":false,"_monsterinsights_skip_tracking":false,"_monsterinsights_sitenote_active":false,"_monsterinsights_sitenote_note":"","_monsterinsights_sitenote_category":0},"product_brand":[],"product_cat":[36],"product_tag":[40,46,37,38,45],"class_list":{"0":"post-2020","1":"product","2":"type-product","3":"status-publish","4":"has-post-thumbnail","6":"product_cat-lovilouad","7":"product_tag-antirrhinum-majus","8":"product_tag-champagne","9":"product_tag-loviloug","10":"product_tag-snapdragon","11":"product_tag-snapstar","13":"first","14":"instock","15":"sale","16":"shipping-taxable","17":"purchasable","18":"product-type-variable"},"aioseo_notices":[],"jetpack_sharing_enabled":true,"_links":{"self":[{"href":"https:\/\/sooditalulilled.ee\/en\/wp-json\/wp\/v2\/product\/2020","targetHints":{"allow":["GET"]}}],"collection":[{"href":"https:\/\/sooditalulilled.ee\/en\/wp-json\/wp\/v2\/product"}],"about":[{"href":"https:\/\/sooditalulilled.ee\/en\/wp-json\/wp\/v2\/types\/product"}],"wp:featuredmedia":[{"embeddable":true,"href":"https:\/\/sooditalulilled.ee\/en\/wp-json\/wp\/v2\/media\/6163"}],"wp:attachment":[{"href":"https:\/\/sooditalulilled.ee\/en\/wp-json\/wp\/v2\/media?parent=2020"}],"wp:term":[{"taxonomy":"product_brand","embeddable":true,"href":"https:\/\/sooditalulilled.ee\/en\/wp-json\/wp\/v2\/product_brand?post=2020"},{"taxonomy":"product_cat","embeddable":true,"href":"https:\/\/sooditalulilled.ee\/en\/wp-json\/wp\/v2\/product_cat?post=2020"},{"taxonomy":"product_tag","embeddable":true,"href":"https:\/\/sooditalulilled.ee\/en\/wp-json\/wp\/v2\/product_tag?post=2020"}],"curies":[{"name":"wp","href":"https:\/\/api.w.org\/{rel}","templated":true}]}}