{"id":2024,"date":"2025-03-11T09:24:13","date_gmt":"2025-03-11T09:24:13","guid":{"rendered":"https:\/\/sooditalulilled.ee\/?post_type=product&#038;p=2024"},"modified":"2026-03-25T12:53:15","modified_gmt":"2026-03-25T12:53:15","slug":"kaaruline-parkjuur-qis-white","status":"publish","type":"product","link":"https:\/\/sooditalulilled.ee\/en\/product\/kaaruline-parkjuur-qis-white\/","title":{"rendered":"K\u00e4\u00e4ruline Parkjuur &#8216;QIS White&#8217;"},"content":{"rendered":"<p data-start=\"139\" data-end=\"458\"><strong data-start=\"139\" data-end=\"193\">K\u00e4\u00e4ruline parkjuur \u2018QIS White\u2019 (Limonium sinuatum)<\/strong> on \u00f5rn ja samas kauakestev ilu, mida hindavad nii l\u00f5ikelilleaednikud kui kuivatatud kimpude loojad. Tema \u00f5isikud on peenelt lainjal servaliste lehtede kohal justkui v\u00e4ikesed lumivalged pilvekesed, mis p\u00fcsivad v\u00e4rskena uskumatult kaua \u2013 ja kuivatatult veelgi kauem.<\/p>\n<p data-start=\"460\" data-end=\"735\">\u2018QIS White\u2019 erip\u00e4ra on puhas valge toon ja sirged, tugevad varred, mis teevad temast ideaalse p\u00f5hitaime pehmetesse, looduslikesse ja romantilistesse kimpudesse. Ta lisab kimpu \u00f5hku, tekstuuri ja \u00f5rna s\u00e4ra \u2013 ilma liigse kontrastita, lihtsalt vaikse ilu ja harmooniaga.<\/p>\n<p data-start=\"737\" data-end=\"988\">Kuivatatuna j\u00e4\u00e4vad tema \u00f5ied t\u00e4pselt sama kauniks \u2013 v\u00e4rv ei tuhmu, kuju ei kaota. See teeb temast suurep\u00e4rase valiku ka neile, kes soovivad luua kuivatatud lilleseadeid, p\u00e4rgasid v\u00f5i sisekujunduslikke lillekimpe, mis kestavad l\u00e4bi aastaaegade.<\/p>\n<p data-start=\"990\" data-end=\"1129\" data-is-last-node=\"\" data-is-only-node=\"\">Kerget, helendavat ja ajatut ilu \u2013 \u2018QIS White\u2019 on nagu suvine valgus, mis j\u00e4\u00e4b alles ka siis, kui p\u00e4ev on juba \u00f5htusse vajunud.<\/p>\n<p>&nbsp;<\/p>\n<p><span style=\"text-decoration: underline;\">KASVATAMINE <em>(soovituslik)<\/em>:<\/span><\/p>\n<p>Ettekasvatus: K\u00fclva seemned 4-6 n\u00e4dalat enne \u00f5ue istutamist. Kui seemned on idanenud, kasvata seemikuid ~16-kraadisesse ruumis, et taim kasvataks tugevad juured. Istuta taimed \u00f5ue, kui \u00f6\u00f6k\u00fclmaoht on m\u00f6\u00f6dunud.<\/p>\n<p>\u00c4ra kata k\u00fclvi mullaga &#8211; seemned vajavad idanemiseks valgust. V\u00f5imalusel kata k\u00fclv \u00f5rnalt vermikuliidiga.<\/p>\n<p>L\u00f5ike vaasi panekuks v\u00f5i kuivatamiseks siis, kui peaaegu k\u00f5ik \u00f5ied varrel on avanenud.<\/p>","protected":false},"excerpt":{"rendered":"<div class=\"elementor-element elementor-element-0597da5 e-flex e-con-boxed wpr-particle-no wpr-jarallax-no wpr-parallax-no wpr-sticky-section-no e-con e-parent e-lazyloaded\" data-id=\"0597da5\" data-element_type=\"container\">\n<div class=\"e-con-inner\">\n<div class=\"elementor-element elementor-element-30b6f61 e-con-full e-flex wpr-particle-no wpr-jarallax-no wpr-parallax-no wpr-sticky-section-no e-con e-child\" data-id=\"30b6f61\" data-element_type=\"container\">\n<div class=\"elementor-element elementor-element-bab1de8 elementor-widget elementor-widget-wpr-product-excerpt\" data-id=\"bab1de8\" data-element_type=\"widget\" data-widget_type=\"wpr-product-excerpt.default\">\n<div class=\"elementor-widget-container\">\n<div class=\"wpr-product-excerpt\">\n<p class=\"lk7499ae_ProductDetail_productDetailLatinName\"><em>Limonium sinuatum<\/em><\/p>\n<p>Taime k\u00f5rgus: 50-75 cm<\/p>\n<p>Idanemine: 4-8 p\u00e4eva, 18-22C juures<\/p>\n<p>K\u00fclvist \u00f5itsemiseni: 110-120 p\u00e4eva<\/p>\n<p>Vaasiiga: 7-14 p\u00e4eva<\/p>\n<\/div>\n<\/div>\n<\/div>\n<\/div>\n<\/div>\n<\/div>","protected":false},"featured_media":5574,"template":"","meta":{"om_disable_all_campaigns":false,"_monsterinsights_skip_tracking":false,"_monsterinsights_sitenote_active":false,"_monsterinsights_sitenote_note":"","_monsterinsights_sitenote_category":0},"product_brand":[],"product_cat":[107,47],"product_tag":[48,96,53,49,52,50,27],"class_list":{"0":"post-2024","1":"product","2":"type-product","3":"status-publish","4":"has-post-thumbnail","6":"product_cat-kuivkimbulilled","7":"product_cat-parkjuured","8":"product_tag-kaaruline-parkjuur","9":"product_tag-kuivkimbulill","10":"product_tag-limonium","11":"product_tag-parkjuur","12":"product_tag-qis","13":"product_tag-statice","14":"product_tag-valge","16":"first","17":"outofstock","18":"shipping-taxable","19":"purchasable","20":"product-type-variable"},"aioseo_notices":[],"jetpack_sharing_enabled":true,"_links":{"self":[{"href":"https:\/\/sooditalulilled.ee\/en\/wp-json\/wp\/v2\/product\/2024","targetHints":{"allow":["GET"]}}],"collection":[{"href":"https:\/\/sooditalulilled.ee\/en\/wp-json\/wp\/v2\/product"}],"about":[{"href":"https:\/\/sooditalulilled.ee\/en\/wp-json\/wp\/v2\/types\/product"}],"wp:featuredmedia":[{"embeddable":true,"href":"https:\/\/sooditalulilled.ee\/en\/wp-json\/wp\/v2\/media\/5574"}],"wp:attachment":[{"href":"https:\/\/sooditalulilled.ee\/en\/wp-json\/wp\/v2\/media?parent=2024"}],"wp:term":[{"taxonomy":"product_brand","embeddable":true,"href":"https:\/\/sooditalulilled.ee\/en\/wp-json\/wp\/v2\/product_brand?post=2024"},{"taxonomy":"product_cat","embeddable":true,"href":"https:\/\/sooditalulilled.ee\/en\/wp-json\/wp\/v2\/product_cat?post=2024"},{"taxonomy":"product_tag","embeddable":true,"href":"https:\/\/sooditalulilled.ee\/en\/wp-json\/wp\/v2\/product_tag?post=2024"}],"curies":[{"name":"wp","href":"https:\/\/api.w.org\/{rel}","templated":true}]}}