{"id":2026,"date":"2025-03-11T09:28:28","date_gmt":"2025-03-11T09:28:28","guid":{"rendered":"https:\/\/sooditalulilled.ee\/?post_type=product&#038;p=2026"},"modified":"2026-03-27T14:21:17","modified_gmt":"2026-03-27T14:21:17","slug":"kosmos-cupcake-blush","status":"publish","type":"product","link":"https:\/\/sooditalulilled.ee\/en\/product\/kosmos-cupcake-blush\/","title":{"rendered":"Kosmos &#8216;Cupcakes Blush&#8217;"},"content":{"rendered":"<p><strong data-start=\"132\" data-end=\"179\">Kosmos \u2018Cupcakes Blush\u2019 (Cosmos bipinnatus)<\/strong> on t\u00f5eline suveunelma lill \u2013 \u00f5rn nagu pilv ja s\u00e4rav nagu hommikup\u00e4ike. Selle eriliselt lainetavad kroonlehed moodustavad justkui v\u00e4ikeseid pabertopse, mis \u00f5\u00f5tsuvad \u00f5rnalt tuules. V\u00e4rvilt on \u00f5ied heledad, pehme roosaka varjundiga, mille servad kumavad vastu sooja valguse k\u00e4es \u2013 nagu \u00f5hetus p\u00f5sel.<\/p>\n<p>\u2018Cupcakes Blush\u2019 toob aeda helgust, rahu ja romantilist \u00f5hulisust. Iga taim kasvatab k\u00fcmneid graatsilisi \u00f5isi, mis sobivad imeliselt nii l\u00f5ikelilleks vaasi kui suvisesse segapeenrasse teiste \u00f5rnade lillede vahele. \u00d5itseb rikkalikult kogu suve ja j\u00e4\u00e4b kauniks kuni esimeste \u00f6\u00f6k\u00fclmadeni.<\/p>\n<p>&nbsp;<\/p>\n<p><span style=\"text-decoration: underline;\">KASVATAMISE N\u00d5UANDED:<\/span><\/p>\n<p>Ettekasvatus: k\u00fclva seemned toas 4-5 n\u00e4dalat enne \u00f5ue istutamist ning istuta taimed \u00f5ue, kui viimased \u00f6\u00f6k\u00fclmad on m\u00f6\u00f6das.<\/p>\n<p>Otsek\u00fclv: k\u00fclva otse peenrasse, kui \u00f6\u00f6k\u00fclmaoht on m\u00f6\u00f6dunud.<\/p>\n<p>N\u00e4pista latv, kui taim on 20-30 cm k\u00f5rgune. See innustab taime kasvatama k\u00fclgv\u00f5rseid ja nii saad \u00fchelt taimelt rohkem \u00f5isi.<\/p>\n<p>Vaasi panekuks l\u00f5ika, kui \u00f5ied on \u00e4sja avanemas v\u00f5i pooleldi avanenud \u2013 nii saad lillele pikima vaasiea. Mida rohkem \u00f5isi l\u00f5ikad, seda rohkem \u00f5isi ka taim kasvatab.<\/p>","protected":false},"excerpt":{"rendered":"<div class=\"elementor-element elementor-element-0597da5 e-flex e-con-boxed wpr-particle-no wpr-jarallax-no wpr-parallax-no wpr-sticky-section-no e-con e-parent e-lazyloaded\" data-id=\"0597da5\" data-element_type=\"container\">\n<div class=\"e-con-inner\">\n<div class=\"elementor-element elementor-element-30b6f61 e-con-full e-flex wpr-particle-no wpr-jarallax-no wpr-parallax-no wpr-sticky-section-no e-con e-child\" data-id=\"30b6f61\" data-element_type=\"container\">\n<div class=\"elementor-element elementor-element-bab1de8 elementor-widget elementor-widget-wpr-product-excerpt\" data-id=\"bab1de8\" data-element_type=\"widget\" data-widget_type=\"wpr-product-excerpt.default\">\n<div class=\"elementor-widget-container\">\n<div class=\"wpr-product-excerpt\">\n<p>Taime k\u00f5rgus:\u00a0 60-120 cm<\/p>\n<p>Idanemine: 7-10 p\u00e4eva, 16-22C juures<\/p>\n<p>K\u00fclvist \u00f5itsemiseni: 75-90 p\u00e4eva<\/p>\n<p>Vaasiiga: 5-6 p\u00e4eva<\/p>\n<\/div>\n<\/div>\n<\/div>\n<\/div>\n<\/div>\n<\/div>","protected":false},"featured_media":4695,"template":"","meta":{"om_disable_all_campaigns":false,"_monsterinsights_skip_tracking":false,"_monsterinsights_sitenote_active":false,"_monsterinsights_sitenote_note":"","_monsterinsights_sitenote_category":0},"product_brand":[],"product_cat":[54],"product_tag":[56,58,57,55,29],"class_list":{"0":"post-2026","1":"product","2":"type-product","3":"status-publish","4":"has-post-thumbnail","6":"product_cat-kosmosed","7":"product_tag-cosmos","8":"product_tag-cosmos-bipinnatus","9":"product_tag-cupcake","10":"product_tag-kosmos","11":"product_tag-roosa","13":"first","14":"instock","15":"shipping-taxable","16":"purchasable","17":"product-type-variable"},"aioseo_notices":[],"jetpack_sharing_enabled":true,"_links":{"self":[{"href":"https:\/\/sooditalulilled.ee\/en\/wp-json\/wp\/v2\/product\/2026","targetHints":{"allow":["GET"]}}],"collection":[{"href":"https:\/\/sooditalulilled.ee\/en\/wp-json\/wp\/v2\/product"}],"about":[{"href":"https:\/\/sooditalulilled.ee\/en\/wp-json\/wp\/v2\/types\/product"}],"wp:featuredmedia":[{"embeddable":true,"href":"https:\/\/sooditalulilled.ee\/en\/wp-json\/wp\/v2\/media\/4695"}],"wp:attachment":[{"href":"https:\/\/sooditalulilled.ee\/en\/wp-json\/wp\/v2\/media?parent=2026"}],"wp:term":[{"taxonomy":"product_brand","embeddable":true,"href":"https:\/\/sooditalulilled.ee\/en\/wp-json\/wp\/v2\/product_brand?post=2026"},{"taxonomy":"product_cat","embeddable":true,"href":"https:\/\/sooditalulilled.ee\/en\/wp-json\/wp\/v2\/product_cat?post=2026"},{"taxonomy":"product_tag","embeddable":true,"href":"https:\/\/sooditalulilled.ee\/en\/wp-json\/wp\/v2\/product_tag?post=2026"}],"curies":[{"name":"wp","href":"https:\/\/api.w.org\/{rel}","templated":true}]}}