{"id":2028,"date":"2025-03-11T09:31:22","date_gmt":"2025-03-11T09:31:22","guid":{"rendered":"https:\/\/sooditalulilled.ee\/?post_type=product&#038;p=2028"},"modified":"2026-03-28T13:43:14","modified_gmt":"2026-03-28T13:43:14","slug":"kosmos-cupcakes-white","status":"publish","type":"product","link":"https:\/\/sooditalulilled.ee\/en\/product\/kosmos-cupcakes-white\/","title":{"rendered":"Kosmos &#8216;Cupcakes White&#8217;"},"content":{"rendered":"<p data-start=\"142\" data-end=\"480\"><strong data-start=\"142\" data-end=\"189\">Kosmos \u2018Cupcakes White\u2019 (Cosmos bipinnatus)<\/strong> on kui suvine valguse kehastus \u2013 \u00f5huline, puhas ja peenelt graatsiline. Selle lummavad \u00f5ied meenutavad valgeid paberist tassikesi, mille lainelised kroonlehed p\u00fc\u00fcavad kinni iga p\u00e4ikesekiire. Iga taim loob pilkup\u00fc\u00fcdva valge pilve, mis helendab peenral ja toob aeda rahu ning kerguse tunde.<\/p>\n<p data-start=\"482\" data-end=\"801\">\u2018Cupcakes White\u2019 on ideaalne valik neile, kes armastavad lihtsust ja looduse elegantsi. Ta sobib suurep\u00e4raselt teiste \u00f5rnade suvelillede sekka, r\u00f5hutades nende v\u00e4rve oma vaikse valgusega, ning on imeline l\u00f5ikelill, mis annab igale kimpudele puhta ja peene ilme. \u00d5itseb rikkalikult kogu suve, kuni hiliste s\u00fcgis\u00f6\u00f6deni.<\/p>\n<p>&nbsp;<\/p>\n<p><span style=\"text-decoration: underline;\">KASVATAMINE:<\/span><\/p>\n<p>Ettekasvatus: k\u00fclva seemned toas 4-5 n\u00e4dalat enne \u00f5ue istutamist ning istuta taimed \u00f5ue, kui viimased \u00f6\u00f6k\u00fclmad on m\u00f6\u00f6das.<\/p>\n<p>Otsek\u00fclv (soovitatav): k\u00fclva otse peenrasse, kui \u00f6\u00f6k\u00fclmaoht on m\u00f6\u00f6dunud.<\/p>\n<p>N\u00e4pista latv, kui taim on 20-30 cm k\u00f5rgune. See innustab taime kasvatama k\u00fclgv\u00f5rseid ja nii saad \u00fchelt taimelt rohkem \u00f5isi.<\/p>\n<p>Vaasi panekuks l\u00f5ika, kui \u00f5ied on \u00e4sja avanemas v\u00f5i pooleldi avanenud \u2013 nii saad lillele pikima vaasiea. Mida rohkem \u00f5isi l\u00f5ikad, seda rohkem \u00f5isi ka taim kasvatab.<\/p>","protected":false},"excerpt":{"rendered":"<p>Taime k\u00f5rgus:\u00a0 60-120 cm<\/p>\n<p>Idanemine: 7-10 p\u00e4eva, 16-22C juures<\/p>\n<p>K\u00fclvist \u00f5itsemiseni: 75-90 p\u00e4eva<\/p>\n<p>Vaasiiga: 5-6 p\u00e4eva<\/p>","protected":false},"featured_media":4014,"template":"","meta":{"om_disable_all_campaigns":false,"_monsterinsights_skip_tracking":false,"_monsterinsights_sitenote_active":false,"_monsterinsights_sitenote_note":"","_monsterinsights_sitenote_category":0},"product_brand":[],"product_cat":[54],"product_tag":[56,58,59,55,27],"class_list":{"0":"post-2028","1":"product","2":"type-product","3":"status-publish","4":"has-post-thumbnail","6":"product_cat-kosmosed","7":"product_tag-cosmos","8":"product_tag-cosmos-bipinnatus","9":"product_tag-cupcakes","10":"product_tag-kosmos","11":"product_tag-valge","13":"first","14":"instock","15":"shipping-taxable","16":"purchasable","17":"product-type-variable"},"aioseo_notices":[],"jetpack_sharing_enabled":true,"_links":{"self":[{"href":"https:\/\/sooditalulilled.ee\/en\/wp-json\/wp\/v2\/product\/2028","targetHints":{"allow":["GET"]}}],"collection":[{"href":"https:\/\/sooditalulilled.ee\/en\/wp-json\/wp\/v2\/product"}],"about":[{"href":"https:\/\/sooditalulilled.ee\/en\/wp-json\/wp\/v2\/types\/product"}],"wp:featuredmedia":[{"embeddable":true,"href":"https:\/\/sooditalulilled.ee\/en\/wp-json\/wp\/v2\/media\/4014"}],"wp:attachment":[{"href":"https:\/\/sooditalulilled.ee\/en\/wp-json\/wp\/v2\/media?parent=2028"}],"wp:term":[{"taxonomy":"product_brand","embeddable":true,"href":"https:\/\/sooditalulilled.ee\/en\/wp-json\/wp\/v2\/product_brand?post=2028"},{"taxonomy":"product_cat","embeddable":true,"href":"https:\/\/sooditalulilled.ee\/en\/wp-json\/wp\/v2\/product_cat?post=2028"},{"taxonomy":"product_tag","embeddable":true,"href":"https:\/\/sooditalulilled.ee\/en\/wp-json\/wp\/v2\/product_tag?post=2028"}],"curies":[{"name":"wp","href":"https:\/\/api.w.org\/{rel}","templated":true}]}}