{"id":2030,"date":"2025-03-11T09:33:08","date_gmt":"2025-03-11T09:33:08","guid":{"rendered":"https:\/\/sooditalulilled.ee\/?post_type=product&#038;p=2030"},"modified":"2026-03-28T13:43:14","modified_gmt":"2026-03-28T13:43:14","slug":"kosmos-double-click-snow-puff","status":"publish","type":"product","link":"https:\/\/sooditalulilled.ee\/en\/product\/kosmos-double-click-snow-puff\/","title":{"rendered":"Kosmos Double Click Snow Puff"},"content":{"rendered":"<p data-start=\"114\" data-end=\"434\"><strong data-start=\"114\" data-end=\"169\">Kosmos \u2018Double Click Snow Puff\u2019 (<em>Cosmos bipinnatus)<\/em><\/strong> on kui suvine lumesadu \u2013 puhastest valgetest kroonlehtedest koosnev \u00f5huline pilv, mis t\u00e4idab aia pehmuse ja valgusega. Selle sordi suured, t\u00e4idis\u00f5ielised \u00f5ied on justkui v\u00e4ikesed kohevused, mis \u00f5\u00f5tsuvad elegantselt peenral ja toovad aeda rahu ning kerguse tunde.<\/p>\n<p data-start=\"436\" data-end=\"751\">\u2018Snow Puff\u2019 on suurep\u00e4rane valik neile, kes armastavad klassikalist, lihtsat ja samas luksuslikku ilu. Ta sobib imeh\u00e4sti teiste kosmose sortide k\u00f5rvale, r\u00f5hutades nende v\u00e4rve oma puhta valgusega. Ideaalne l\u00f5ikelill kimpudesse ja imeline lisand romantilisse suveaeda, kus iga \u00f5is n\u00e4ib helendavat omaenda valgusest.<\/p>\n<p>&nbsp;<\/p>\n<p><span style=\"text-decoration: underline;\">KASVATAMISE N\u00d5UANDED:<\/span><\/p>\n<p>Ettekasvatus: k\u00fclva seemned 4-5 n\u00e4dalat enne \u00f5ue istutamist ning istuta taimed \u00f5ue, kui viimased \u00f6\u00f6k\u00fclmad on m\u00f6\u00f6das.<\/p>\n<p>Otsek\u00fclv: k\u00fclva otse peenrasse, kui \u00f6\u00f6k\u00fclmaoht on m\u00f6\u00f6dunud.<\/p>\n<p>N\u00e4pista latv, kui taim on 20-30 cm k\u00f5rgune. See innustab taime kasvatama k\u00fclgv\u00f5rseid ja nii saad \u00fchelt taimelt rohkem \u00f5isi.<\/p>\n<p>Vaasi panekuks l\u00f5ika, kui \u00f5ied on \u00e4sja avanemas v\u00f5i pooleldi avanenud \u2013 nii saad lillele pikima vaasiea. Mida rohkem \u00f5isi l\u00f5ikad, seda rohkem \u00f5isi ka taim kasvatab.<\/p>","protected":false},"excerpt":{"rendered":"<p class=\"lk7499ae_ProductDetail_productDetailLatinName\"><em>Cosmos bipinnatus<\/em><\/p>\n<p>Taime k\u00f5rgus:\u00a0 60-120 cm<\/p>\n<p>Idanemine: 7-10 p\u00e4eva, 16-22C juures<\/p>\n<p>K\u00fclvist \u00f5itsemiseni: 75-90 p\u00e4eva<\/p>\n<p>Vaasiiga: 5-6 p\u00e4eva<\/p>","protected":false},"featured_media":6282,"template":"","meta":{"om_disable_all_campaigns":false,"_monsterinsights_skip_tracking":false,"_monsterinsights_sitenote_active":false,"_monsterinsights_sitenote_note":"","_monsterinsights_sitenote_category":0},"product_brand":[],"product_cat":[54],"product_tag":[56,58,60,55,27],"class_list":{"0":"post-2030","1":"product","2":"type-product","3":"status-publish","4":"has-post-thumbnail","6":"product_cat-kosmosed","7":"product_tag-cosmos","8":"product_tag-cosmos-bipinnatus","9":"product_tag-double-click","10":"product_tag-kosmos","11":"product_tag-valge","13":"first","14":"instock","15":"shipping-taxable","16":"purchasable","17":"product-type-variable"},"aioseo_notices":[],"jetpack_sharing_enabled":true,"_links":{"self":[{"href":"https:\/\/sooditalulilled.ee\/en\/wp-json\/wp\/v2\/product\/2030","targetHints":{"allow":["GET"]}}],"collection":[{"href":"https:\/\/sooditalulilled.ee\/en\/wp-json\/wp\/v2\/product"}],"about":[{"href":"https:\/\/sooditalulilled.ee\/en\/wp-json\/wp\/v2\/types\/product"}],"wp:featuredmedia":[{"embeddable":true,"href":"https:\/\/sooditalulilled.ee\/en\/wp-json\/wp\/v2\/media\/6282"}],"wp:attachment":[{"href":"https:\/\/sooditalulilled.ee\/en\/wp-json\/wp\/v2\/media?parent=2030"}],"wp:term":[{"taxonomy":"product_brand","embeddable":true,"href":"https:\/\/sooditalulilled.ee\/en\/wp-json\/wp\/v2\/product_brand?post=2030"},{"taxonomy":"product_cat","embeddable":true,"href":"https:\/\/sooditalulilled.ee\/en\/wp-json\/wp\/v2\/product_cat?post=2030"},{"taxonomy":"product_tag","embeddable":true,"href":"https:\/\/sooditalulilled.ee\/en\/wp-json\/wp\/v2\/product_tag?post=2030"}],"curies":[{"name":"wp","href":"https:\/\/api.w.org\/{rel}","templated":true}]}}