{"id":2032,"date":"2025-03-11T09:34:51","date_gmt":"2025-03-11T09:34:51","guid":{"rendered":"https:\/\/sooditalulilled.ee\/?post_type=product&#038;p=2032"},"modified":"2026-03-27T14:10:22","modified_gmt":"2026-03-27T14:10:22","slug":"kosmos-double-click-rose-bonbon","status":"publish","type":"product","link":"https:\/\/sooditalulilled.ee\/en\/product\/kosmos-double-click-rose-bonbon\/","title":{"rendered":"Kosmos &#8216;Double Click Rose BonBon&#8217;"},"content":{"rendered":"<p data-start=\"185\" data-end=\"484\"><strong data-start=\"185\" data-end=\"242\">Kosmos \u2018Double Click Rose BonBon\u2019 <em>(Cosmos bipinnatus)<\/em><\/strong> on kui suvine roos pilvede seas \u2013 rikkalikult t\u00e4idis\u00f5ieline, \u00f5rnalt roosa ja lummavalt pehme. Selle sordi suured, kohevad \u00f5ied meenutavad v\u00e4ikeseid siidiseid roose, mis \u00f5\u00f5tsuvad graatsiliselt peenra kohal ja p\u00fc\u00fcavad kinni iga p\u00e4ikesekiire.<\/p>\n<p data-start=\"486\" data-end=\"812\">\u2018Rose BonBon\u2019 on loodud neile, kes armastavad romantilist ja klassikalist ilu. Tema \u00f5rnroosad toonid toovad aeda helgust ja soojust, sobides ideaalselt l\u00f5ikelilleks v\u00f5i suviste segapeenarde keskpunktiks. \u00d5itseb rikkalikult kogu suve, pakkudes lopsakat ja kauakestvat \u00f5itemerd, mis r\u00f5\u00f5mustab nii vaatajat kui ka tolmeldajaid.<\/p>\n<p>&nbsp;<\/p>\n<p><span style=\"text-decoration: underline;\">KASVATAMISE N\u00d5UANDED:<\/span><\/p>\n<p>Ettekasvatus: k\u00fclva seemned toas 4-5 n\u00e4dalat enne \u00f5ue istutamist ning istuta taimed \u00f5ue, kui viimased \u00f6\u00f6k\u00fclmad on m\u00f6\u00f6das.<\/p>\n<p>Otsek\u00fclv: k\u00fclva otse peenrasse, kui \u00f6\u00f6k\u00fclmaoht on m\u00f6\u00f6dunud.<\/p>\n<p>N\u00e4pista latv, kui taim on 20-30 cm k\u00f5rgune. See innustab taime kasvatama k\u00fclgv\u00f5rseid ja nii saad \u00fchelt taimelt rohkem \u00f5isi.<\/p>\n<p>Vaasi panekuks l\u00f5ika, kui \u00f5ied on \u00e4sja avanemas v\u00f5i pooleldi avanenud \u2013 nii saad lillele pikima vaasiea. Mida rohkem \u00f5isi l\u00f5ikad, seda rohkem \u00f5isi ka taim kasvatab.<\/p>","protected":false},"excerpt":{"rendered":"<p class=\"lk7499ae_ProductDetail_productDetailLatinName\"><em>Cosmos bipinnatus<\/em><\/p>\n<p>Taime k\u00f5rgus:\u00a0 60-120 cm<\/p>\n<p>Idanemine: 7-10 p\u00e4eva, 16-22C juures<\/p>\n<p>K\u00fclvist \u00f5itsemiseni: 75-90 p\u00e4eva<\/p>\n<p>Vaasiiga: 5-6 p\u00e4eva<\/p>","protected":false},"featured_media":2033,"template":"","meta":{"om_disable_all_campaigns":false,"_monsterinsights_skip_tracking":false,"_monsterinsights_sitenote_active":false,"_monsterinsights_sitenote_note":"","_monsterinsights_sitenote_category":0},"product_brand":[],"product_cat":[54],"product_tag":[56,58,60,55,29],"class_list":{"0":"post-2032","1":"product","2":"type-product","3":"status-publish","4":"has-post-thumbnail","6":"product_cat-kosmosed","7":"product_tag-cosmos","8":"product_tag-cosmos-bipinnatus","9":"product_tag-double-click","10":"product_tag-kosmos","11":"product_tag-roosa","13":"first","14":"instock","15":"shipping-taxable","16":"purchasable","17":"product-type-variable"},"aioseo_notices":[],"jetpack_sharing_enabled":true,"_links":{"self":[{"href":"https:\/\/sooditalulilled.ee\/en\/wp-json\/wp\/v2\/product\/2032","targetHints":{"allow":["GET"]}}],"collection":[{"href":"https:\/\/sooditalulilled.ee\/en\/wp-json\/wp\/v2\/product"}],"about":[{"href":"https:\/\/sooditalulilled.ee\/en\/wp-json\/wp\/v2\/types\/product"}],"wp:featuredmedia":[{"embeddable":true,"href":"https:\/\/sooditalulilled.ee\/en\/wp-json\/wp\/v2\/media\/2033"}],"wp:attachment":[{"href":"https:\/\/sooditalulilled.ee\/en\/wp-json\/wp\/v2\/media?parent=2032"}],"wp:term":[{"taxonomy":"product_brand","embeddable":true,"href":"https:\/\/sooditalulilled.ee\/en\/wp-json\/wp\/v2\/product_brand?post=2032"},{"taxonomy":"product_cat","embeddable":true,"href":"https:\/\/sooditalulilled.ee\/en\/wp-json\/wp\/v2\/product_cat?post=2032"},{"taxonomy":"product_tag","embeddable":true,"href":"https:\/\/sooditalulilled.ee\/en\/wp-json\/wp\/v2\/product_tag?post=2032"}],"curies":[{"name":"wp","href":"https:\/\/api.w.org\/{rel}","templated":true}]}}