{"id":2034,"date":"2025-03-11T09:37:54","date_gmt":"2025-03-11T09:37:54","guid":{"rendered":"https:\/\/sooditalulilled.ee\/?post_type=product&#038;p=2034"},"modified":"2026-03-25T09:35:09","modified_gmt":"2026-03-25T09:35:09","slug":"kosmos-double-click-bicolor-pink","status":"publish","type":"product","link":"https:\/\/sooditalulilled.ee\/en\/product\/kosmos-double-click-bicolor-pink\/","title":{"rendered":"Kosmos &#8216;Double Click Bicolor Pink&#8217;"},"content":{"rendered":"<p data-start=\"63\" data-end=\"421\"><strong data-start=\"63\" data-end=\"122\">Kosmos \u2018Double Click Bicolour Pink\u2019 <em>(Cosmos bipinnatus)<\/em><\/strong> on luksuslik ja samas m\u00e4nguline sort, mille kahekordsed \u00f5ied s\u00e4tendavad eri toonides roosas. \u00d5rnvalged ja s\u00fcgavroosad kroonlehed sulanduvad omavahel nagu vesiv\u00e4rvid, luues peenral pehme, romantilise kontrasti. Iga taim on justkui miniatuurne lillepall, mis on t\u00e4is elu, valgust ja suvist kergust.<\/p>\n<p data-start=\"423\" data-end=\"768\">\u2018Double Click Bicolour Pink\u2019 toob aeda t\u00f5elise rikkalikkuse \u2013 ta \u00f5itseb lopsakalt ja kauakestvalt, pakkudes silmailu kogu suve. Ideaalne valik neile, kes armastavad veidi dramaatilist, ent samas pehmet ilu. Sobib suurep\u00e4raselt l\u00f5ikelilleks, segapeenrasse v\u00f5i loodusliku ilmega lilleaeda, kus ta toob igasse p\u00e4eva killukese romantikat ja r\u00f5\u00f5mu.<\/p>\n<p>&nbsp;<\/p>\n<p><span style=\"text-decoration: underline;\">KASVATAMISE N\u00d5UANDED:<\/span><\/p>\n<p>Ettekasvatus: k\u00fclva seemned toas 4-5 n\u00e4dalat enne \u00f5ue istutamist ning istuta taimed \u00f5ue, kui viimased \u00f6\u00f6k\u00fclmad on m\u00f6\u00f6das.<\/p>\n<p>Otsek\u00fclv: k\u00fclva otse peenrasse, kui \u00f6\u00f6k\u00fclmaoht on m\u00f6\u00f6dunud.<\/p>\n<p>N\u00e4pista latv, kui taim on 20-30 cm k\u00f5rgune. See innustab taime kasvatama k\u00fclgv\u00f5rseid ja nii saad \u00fchelt taimelt rohkem \u00f5isi.<\/p>\n<p>Vaasi panekuks l\u00f5ika, kui \u00f5ied on \u00e4sja avanemas v\u00f5i pooleldi avanenud \u2013 nii saad lillele pikima vaasiea. Mida rohkem \u00f5isi l\u00f5ikad, seda rohkem \u00f5isi ka taim kasvatab.<\/p>","protected":false},"excerpt":{"rendered":"<p><em>Cosmos bipinnatus<\/em><\/p>\n<p>Taime k\u00f5rgus:\u00a0 60-120 cm<\/p>\n<p>Idanemine: 7-10 p\u00e4eva, 16-22C juures<\/p>\n<p>K\u00fclvist \u00f5itsemiseni: 75-90 p\u00e4eva<\/p>\n<p>Vaasiiga: 5-6 p\u00e4eva<\/p>","protected":false},"featured_media":4697,"template":"","meta":{"om_disable_all_campaigns":false,"_monsterinsights_skip_tracking":false,"_monsterinsights_sitenote_active":false,"_monsterinsights_sitenote_note":"","_monsterinsights_sitenote_category":0},"product_brand":[],"product_cat":[54],"product_tag":[56,58,60,55,29,61],"class_list":{"0":"post-2034","1":"product","2":"type-product","3":"status-publish","4":"has-post-thumbnail","6":"product_cat-kosmosed","7":"product_tag-cosmos","8":"product_tag-cosmos-bipinnatus","9":"product_tag-double-click","10":"product_tag-kosmos","11":"product_tag-roosa","12":"product_tag-taidisoieline","14":"first","15":"instock","16":"shipping-taxable","17":"purchasable","18":"product-type-variable"},"aioseo_notices":[],"jetpack_sharing_enabled":true,"_links":{"self":[{"href":"https:\/\/sooditalulilled.ee\/en\/wp-json\/wp\/v2\/product\/2034","targetHints":{"allow":["GET"]}}],"collection":[{"href":"https:\/\/sooditalulilled.ee\/en\/wp-json\/wp\/v2\/product"}],"about":[{"href":"https:\/\/sooditalulilled.ee\/en\/wp-json\/wp\/v2\/types\/product"}],"wp:featuredmedia":[{"embeddable":true,"href":"https:\/\/sooditalulilled.ee\/en\/wp-json\/wp\/v2\/media\/4697"}],"wp:attachment":[{"href":"https:\/\/sooditalulilled.ee\/en\/wp-json\/wp\/v2\/media?parent=2034"}],"wp:term":[{"taxonomy":"product_brand","embeddable":true,"href":"https:\/\/sooditalulilled.ee\/en\/wp-json\/wp\/v2\/product_brand?post=2034"},{"taxonomy":"product_cat","embeddable":true,"href":"https:\/\/sooditalulilled.ee\/en\/wp-json\/wp\/v2\/product_cat?post=2034"},{"taxonomy":"product_tag","embeddable":true,"href":"https:\/\/sooditalulilled.ee\/en\/wp-json\/wp\/v2\/product_tag?post=2034"}],"curies":[{"name":"wp","href":"https:\/\/api.w.org\/{rel}","templated":true}]}}