{"id":2058,"date":"2025-03-11T10:04:23","date_gmt":"2025-03-11T10:04:23","guid":{"rendered":"https:\/\/sooditalulilled.ee\/?post_type=product&#038;p=2058"},"modified":"2026-04-01T19:17:10","modified_gmt":"2026-04-01T19:17:10","slug":"suureoieline-orlaia","status":"publish","type":"product","link":"https:\/\/sooditalulilled.ee\/en\/product\/suureoieline-orlaia\/","title":{"rendered":"Suure\u00f5ieline Orlaia &#8216;White Finch&#8217;"},"content":{"rendered":"<p data-start=\"108\" data-end=\"424\"><strong data-start=\"108\" data-end=\"166\">Suure\u00f5ieline orlaia \u2018White Finch\u2019 (Orlaya grandiflora)<\/strong> on justkui \u00f5huline pitsiloor, mis \u00f5itseb suvevalguses. Tema lumivalged, pitsilised \u00f5isikud meenutavad peeneid, k\u00e4sitsi tikitud linikuid, mis on asetatud \u00f5rnalt rohelisele lehekangale. Iga \u00f5is on kerge ja helendav \u2013 looduslikult elegantne, ilma liialdusteta.<\/p>\n<p data-start=\"426\" data-end=\"728\">\u2018White Finch\u2019 on hinnatud l\u00f5ikelilleaedade p\u00e4rl, sest ta kasvatab sirged, peened varred ja \u00f5isikud, mis annavad kimpudele kergust ja voolavust. Ta sobib suurep\u00e4raselt teiste \u00f5ite vahele, loomas pehmeid \u00fcleminekuid ja hingamisruumi \u2013 justkui valge valgus, mis seob k\u00f5ik harmooniliseks tervikuks.<\/p>\n<p data-start=\"730\" data-end=\"985\">Peenral lisab ta romantilist, looduslikku \u00f5hkkonda, meenutades metsiku niidu ilu, mis \u00f5itseb vabalt ja sundimatult.<br data-start=\"849\" data-end=\"852\" \/>Kuigi \u00f5is n\u00e4eb \u00f5rn v\u00e4lja, on taim ise vastupidav ja kerge hooldada \u2013 nagu v\u00e4ike \u00fcllatus, mis t\u00f5estab, et ilu ei pea olema habras.<\/p>\n<p data-start=\"987\" data-end=\"1093\" data-is-last-node=\"\" data-is-only-node=\"\">\u00d5huline, puhas ja ajatu \u2013 <strong data-start=\"1015\" data-end=\"1032\">\u2018White Finch\u2019<\/strong> on lill, mis annab aiale valguse ja kimbule hingamise.<\/p>\n<p>&nbsp;<\/p>\n<p><span style=\"text-decoration: underline;\">KASVATAMINE <em>(soovituslik)<\/em>:<\/span><\/p>\n<p>Otsek\u00fclv: k\u00fclva seemned otse peenrasse varakevadel.<\/p>\n<p>Ettekasvatus: k\u00fclva 4-6 n\u00e4dalat enne \u00f5ue istutamist. Kata k\u00fclv \u00f5rnalt mullaga. Istuta taimed \u00f5ue, kui ilmad on veel jahedad. Taimed taluvad m\u00f5ningaid miinuskraade.<\/p>\n<p>Vaasi panemiseks l\u00f5ika orlaia, kui \u00f5ied on pooleldi avanenud. L\u00f5ika kindlasti kas hommikul v\u00f5i \u00f5htul, kui temperatuurid on madalamad.<\/p>","protected":false},"excerpt":{"rendered":"<p><span style=\"text-decoration: underline;\"><strong>Soodi Talu Lilled p\u00f5llult korjatud seeme!<\/strong><\/span><\/p>\n<p class=\"product-subtitle text-center\"><em>Orlaya grandiflora<\/em><\/p>\n<p>Taime k\u00f5rgus: 60-75 cm<\/p>\n<p>Idanemine: 12-16 p\u00e4eva, 16-18C juures<\/p>\n<p>K\u00fclvist \u00f5itsemiseni: 65-70 p\u00e4eva<\/p>\n<p>Vaasiiga: 7-10 p\u00e4eva<\/p>\n<p>&nbsp;<\/p>","protected":false},"featured_media":6298,"template":"","meta":{"om_disable_all_campaigns":false,"_monsterinsights_skip_tracking":false,"_monsterinsights_sitenote_active":false,"_monsterinsights_sitenote_note":"","_monsterinsights_sitenote_category":0},"product_brand":[],"product_cat":[18,139],"product_tag":[86,87,27],"class_list":{"0":"post-2058","1":"product","2":"type-product","3":"status-publish","4":"has-post-thumbnail","6":"product_cat-muud-seemned","7":"product_cat-rohelus-taitelilled","8":"product_tag-orlaia","9":"product_tag-orlaya-grandiflora","10":"product_tag-valge","12":"first","13":"instock","14":"shipping-taxable","15":"purchasable","16":"product-type-variable"},"aioseo_notices":[],"jetpack_sharing_enabled":true,"_links":{"self":[{"href":"https:\/\/sooditalulilled.ee\/en\/wp-json\/wp\/v2\/product\/2058","targetHints":{"allow":["GET"]}}],"collection":[{"href":"https:\/\/sooditalulilled.ee\/en\/wp-json\/wp\/v2\/product"}],"about":[{"href":"https:\/\/sooditalulilled.ee\/en\/wp-json\/wp\/v2\/types\/product"}],"wp:featuredmedia":[{"embeddable":true,"href":"https:\/\/sooditalulilled.ee\/en\/wp-json\/wp\/v2\/media\/6298"}],"wp:attachment":[{"href":"https:\/\/sooditalulilled.ee\/en\/wp-json\/wp\/v2\/media?parent=2058"}],"wp:term":[{"taxonomy":"product_brand","embeddable":true,"href":"https:\/\/sooditalulilled.ee\/en\/wp-json\/wp\/v2\/product_brand?post=2058"},{"taxonomy":"product_cat","embeddable":true,"href":"https:\/\/sooditalulilled.ee\/en\/wp-json\/wp\/v2\/product_cat?post=2058"},{"taxonomy":"product_tag","embeddable":true,"href":"https:\/\/sooditalulilled.ee\/en\/wp-json\/wp\/v2\/product_tag?post=2058"}],"curies":[{"name":"wp","href":"https:\/\/api.w.org\/{rel}","templated":true}]}}