{"id":2306,"date":"2025-03-12T15:33:39","date_gmt":"2025-03-12T15:33:39","guid":{"rendered":"https:\/\/sooditalulilled.ee\/?post_type=product&#038;p=2306"},"modified":"2026-03-27T14:10:22","modified_gmt":"2026-03-27T14:10:22","slug":"lohnav-neitsikummel-cameron","status":"publish","type":"product","link":"https:\/\/sooditalulilled.ee\/en\/product\/lohnav-neitsikummel-cameron\/","title":{"rendered":"L\u00f5hnav neitsikummel Cameron"},"content":{"rendered":"<p data-start=\"144\" data-end=\"480\"><strong data-start=\"144\" data-end=\"177\">L\u00f5hnav neitsikummel \u2018Cameron\u2019<\/strong> (<em data-start=\"179\" data-end=\"201\">Tanacetum parthenium<\/em>) on r\u00f5\u00f5msameelne ja romantiline suvelill, mille v\u00e4ikesed, s\u00e4ravvalged kollase s\u00fcdamikuga \u00f5ied meenutavad metsikuid karikakraid \u2013 lihtsad, ent alati v\u00e4rsked ja elur\u00f5\u00f5msad. Tema lopsakas, erkroheline lehestik on meeldivalt l\u00f5hnav, lisades igale peenrale loodusl\u00e4hedast karakterit.<\/p>\n<p data-start=\"482\" data-end=\"731\">\u2018Cameron\u2019 on madalakasvuline, h\u00e4sti harunev sort, mis \u00f5itseb rikkalikult kogu suve v\u00e4ltel. Ta sobib suurep\u00e4raselt peenra serva, \u00fcrdiaeda v\u00f5i vaasi \u2013 tema tugevad varred ja v\u00e4ikesed, tihedad \u00f5ied loovad kimpu kerge, loodusliku ja pisut metsiku r\u00fctmi.<\/p>\n<p data-start=\"733\" data-end=\"970\">Kimpudes on \u2018Cameron\u2019 ideaalne t\u00e4ite\u00f5is, mis toob teised v\u00e4rvid esile ja lisab kompositsioonile helgust ja struktuuri. Tema klassikaline valge-kollane toonivalik on \u00fchtaegu tagasihoidlik ja s\u00e4rav, sobitudes k\u00f5igega ja sobitudes k\u00f5ikjale.<\/p>\n<p data-start=\"972\" data-end=\"1175\" data-is-last-node=\"\" data-is-only-node=\"\"><strong data-start=\"972\" data-end=\"985\">\u2018Cameron\u2019<\/strong> on taim neile, kes hindavad lihtsat ilu, looduse l\u00e4hedust ja ajatut v\u00f5lu. See on suvelill, mis ei n\u00f5ua t\u00e4helepanu \u2013 aga toob seda alati endaga kaasa. Naturaalne, v\u00e4rske ja alati omal kohal.<\/p>\n<p>&nbsp;<\/p>\n<p><span style=\"text-decoration: underline;\">KASVATAMINE <em>(soovituslik):<\/em><\/span><\/p>\n<p>Ettekasvatamine: k\u00fclva seemned 8-10 n\u00e4dalat enne taimede \u00f5ue istutamist. \u00c4ra kata k\u00fclvi mullaga &#8211; seemned vajavad idanemiseks valgust. V\u00f5id k\u00fclvi katta \u00f5rna vermikuliidikihiga, et seemnetel s\u00e4iliks idanemiseks vajalik niiskus. Istuta taimed \u00f5ue, kui kevadine \u00f6\u00f6k\u00fclmaoht on m\u00f6\u00f6dunud.<\/p>\n<p>Otsek\u00fclv: k\u00fclva seemned otse peenrasse, kui viimased kevadised \u00f6\u00f6k\u00fclmad on m\u00f6\u00f6dunud.<\/p>\n<p>J\u00e4rgmisel aastal \u00f5itsemiseks: kasvata ette 6-8 n\u00e4dalat enne esimest prognoositud \u00f6\u00f6k\u00fclma kuup\u00e4eva s\u00fcgisel <em>(first frost date) <\/em>v\u00f5i k\u00fclva seemned otse peenrasse suve teises pooles (juuli-august).<\/p>\n<p>Sobib ideaalselt l\u00f5ikelilleks. Kui p\u00e4rast \u00f5itsemist l\u00f5igata varred maapinnani maha, v\u00f5ib taim minna samal aastal ka teist korda \u00f5itsema.<\/p>","protected":false},"excerpt":{"rendered":"<p class=\"lk7499ae_ProductDetail_productDetailLatinName\"><em>Tanacetum parthenium<\/em><\/p>\n<p>Taime k\u00f5rgus: 60-80cm<\/p>\n<p>Idanemine: 7-10 p\u00e4eva, 18-22C juures<\/p>\n<p>K\u00fclvist \u00f5itsemiseni: 100-110 p\u00e4eva<\/p>\n<p>Vaasiiga: 7-10 p\u00e4eva<\/p>","protected":false},"featured_media":6299,"template":"","meta":{"om_disable_all_campaigns":false,"_monsterinsights_skip_tracking":false,"_monsterinsights_sitenote_active":false,"_monsterinsights_sitenote_note":"","_monsterinsights_sitenote_category":0},"product_brand":[],"product_cat":[18,179,139],"product_tag":[95,94,27],"class_list":{"0":"post-2306","1":"product","2":"type-product","3":"status-publish","4":"has-post-thumbnail","6":"product_cat-muud-seemned","7":"product_cat-neitsikummel","8":"product_cat-rohelus-taitelilled","9":"product_tag-feverfew","10":"product_tag-neitsikummel","11":"product_tag-valge","13":"first","14":"outofstock","15":"shipping-taxable","16":"purchasable","17":"product-type-variable"},"aioseo_notices":[],"jetpack_sharing_enabled":true,"_links":{"self":[{"href":"https:\/\/sooditalulilled.ee\/en\/wp-json\/wp\/v2\/product\/2306","targetHints":{"allow":["GET"]}}],"collection":[{"href":"https:\/\/sooditalulilled.ee\/en\/wp-json\/wp\/v2\/product"}],"about":[{"href":"https:\/\/sooditalulilled.ee\/en\/wp-json\/wp\/v2\/types\/product"}],"wp:featuredmedia":[{"embeddable":true,"href":"https:\/\/sooditalulilled.ee\/en\/wp-json\/wp\/v2\/media\/6299"}],"wp:attachment":[{"href":"https:\/\/sooditalulilled.ee\/en\/wp-json\/wp\/v2\/media?parent=2306"}],"wp:term":[{"taxonomy":"product_brand","embeddable":true,"href":"https:\/\/sooditalulilled.ee\/en\/wp-json\/wp\/v2\/product_brand?post=2306"},{"taxonomy":"product_cat","embeddable":true,"href":"https:\/\/sooditalulilled.ee\/en\/wp-json\/wp\/v2\/product_cat?post=2306"},{"taxonomy":"product_tag","embeddable":true,"href":"https:\/\/sooditalulilled.ee\/en\/wp-json\/wp\/v2\/product_tag?post=2306"}],"curies":[{"name":"wp","href":"https:\/\/api.w.org\/{rel}","templated":true}]}}