{"id":2998,"date":"2025-04-04T19:23:47","date_gmt":"2025-04-04T19:23:47","guid":{"rendered":"https:\/\/sooditalulilled.ee\/?post_type=product&#038;p=2998"},"modified":"2026-04-02T16:11:09","modified_gmt":"2026-04-02T16:11:09","slug":"olelill-silvery-rose-100tk","status":"publish","type":"product","link":"https:\/\/sooditalulilled.ee\/en\/product\/olelill-silvery-rose-100tk\/","title":{"rendered":"\u00d5lelill &#8216;King Size Silvery Rose&#8217;"},"content":{"rendered":"<p data-start=\"138\" data-end=\"436\"><strong data-start=\"138\" data-end=\"199\">\u00d5lelill \u2018King Size Silvery Rose\u2019 <em>(Helichrysum bracteatum)<\/em><\/strong> on t\u00f5eline kuivlillede kuninganna \u2013 suured, siidiselt helkivad \u00f5ied s\u00e4ravad \u00f5rna roosakaspunase tooniga, millele lisandub h\u00f5bedane s\u00e4ra. Tema kroonlehed on \u00f5hukesed ja\u00a0 helkivad, justkui p\u00e4ikese k\u00e4es s\u00e4tendavad p\u00e4rlmutterhelbed.<\/p>\n<p data-start=\"438\" data-end=\"798\">\u2018King Size Silvery Rose\u2019 on suure\u00f5ieline sort, mille tugevad varred ja erakordselt vastupidavad \u00f5ied sobivad suurep\u00e4raselt nii l\u00f5ikelilleks kui ka kuivlillekimpudesse. \u00d5itseb kogu suve, tuues aeda sooja, romantilise v\u00e4rvim\u00e4ngu ja r\u00f5\u00f5msa valguse. Ideaalne neile, kes armastavad ajatuid, loodusliku ilmega lilli, mis s\u00e4ilitavad oma ilu ka talvises interj\u00f6\u00f6ris.<\/p>\n<p>&nbsp;<\/p>\n<p><span style=\"text-decoration: underline;\">KASVATAMISE N\u00d5UANDED:<\/span><\/p>\n<p>Ettekasvatus: k\u00fclva seemned 4-6 n\u00e4dalat enne \u00f5ue istutamist. Taimed istuta \u00f5ue, kui \u00f6\u00f6k\u00fclma oht on m\u00f6\u00f6das.<\/p>\n<p>\u00c4ra kata k\u00fclvi mullaga \u2013 seemned vajavad idanemiseks valgust. V\u00f5imalusel kata k\u00fclv \u00f5rna vermikuliidikihiga. Kui taimed on idanenud, kasvata soovituslikult veidi jahedamas ruumis.<\/p>\n<p>Parim aeg l\u00f5ikamiseks on, kui pool \u00f5iest on avanenud ja enne tolmeldamist.<\/p>","protected":false},"excerpt":{"rendered":"<p><em>Helichrysum bracteatum<\/em><\/p>\n<p>Taime k\u00f5rgus: 90-120 cm<\/p>\n<p>Idanemine: 7-10 p\u00e4eva, 21-24C juures<\/p>\n<p>K\u00fclvist \u00f5itsemiseni: 80-90 p\u00e4eva<\/p>\n<p>Vaasiiga: 7+ p\u00e4eva<\/p>","protected":false},"featured_media":6289,"template":"","meta":{"om_disable_all_campaigns":false,"_monsterinsights_skip_tracking":false,"_monsterinsights_sitenote_active":false,"_monsterinsights_sitenote_note":"","_monsterinsights_sitenote_category":0},"product_brand":[],"product_cat":[107,104],"product_tag":[],"class_list":{"0":"post-2998","1":"product","2":"type-product","3":"status-publish","4":"has-post-thumbnail","6":"product_cat-kuivkimbulilled","7":"product_cat-olelilled","9":"first","10":"instock","11":"shipping-taxable","12":"purchasable","13":"product-type-variable"},"aioseo_notices":[],"jetpack_sharing_enabled":true,"_links":{"self":[{"href":"https:\/\/sooditalulilled.ee\/en\/wp-json\/wp\/v2\/product\/2998","targetHints":{"allow":["GET"]}}],"collection":[{"href":"https:\/\/sooditalulilled.ee\/en\/wp-json\/wp\/v2\/product"}],"about":[{"href":"https:\/\/sooditalulilled.ee\/en\/wp-json\/wp\/v2\/types\/product"}],"wp:featuredmedia":[{"embeddable":true,"href":"https:\/\/sooditalulilled.ee\/en\/wp-json\/wp\/v2\/media\/6289"}],"wp:attachment":[{"href":"https:\/\/sooditalulilled.ee\/en\/wp-json\/wp\/v2\/media?parent=2998"}],"wp:term":[{"taxonomy":"product_brand","embeddable":true,"href":"https:\/\/sooditalulilled.ee\/en\/wp-json\/wp\/v2\/product_brand?post=2998"},{"taxonomy":"product_cat","embeddable":true,"href":"https:\/\/sooditalulilled.ee\/en\/wp-json\/wp\/v2\/product_cat?post=2998"},{"taxonomy":"product_tag","embeddable":true,"href":"https:\/\/sooditalulilled.ee\/en\/wp-json\/wp\/v2\/product_tag?post=2998"}],"curies":[{"name":"wp","href":"https:\/\/api.w.org\/{rel}","templated":true}]}}