{"id":3004,"date":"2025-04-05T19:58:45","date_gmt":"2025-04-05T19:58:45","guid":{"rendered":"https:\/\/sooditalulilled.ee\/?post_type=product&#038;p=3004"},"modified":"2026-04-01T07:34:49","modified_gmt":"2026-04-01T07:34:49","slug":"olelill-silvery-white-100tk","status":"publish","type":"product","link":"https:\/\/sooditalulilled.ee\/en\/product\/olelill-silvery-white-100tk\/","title":{"rendered":"\u00d5lelill &#8216;King Size Silvery White&#8217;"},"content":{"rendered":"<p data-start=\"142\" data-end=\"463\"><strong data-start=\"142\" data-end=\"204\">\u00d5lelill \u2018King Size Silvery White\u2019 <em>(Helichrysum bracteatum)<\/em><\/strong> on suvise valguse kehastus \u2013 suurte, p\u00e4rlmuttervalgete \u00f5itega sort, mis s\u00e4rab nagu hommikune kastep\u00e4ike. Tema siidiselt l\u00e4ikivad kroonlehed helgivad \u00f5rnalt h\u00f5bedaselt ja toovad peenrale puhta, rahuliku ilu, mis sobib nii klassikalisse kui looduslikku aeda.<\/p>\n<p data-start=\"465\" data-end=\"799\">\u2018King Size Silvery White\u2019 on tugeva kasvuga ja rikkalikult \u00f5itsev \u00f5lelill, mille \u00f5ied p\u00fcsivad kaunina ka p\u00e4rast kuivatamist. Ta sobib suurep\u00e4raselt l\u00f5ikelilleks, kuivlillekimpudesse ja dekoratsioonidesse, lisades igasse kooslusse kergust ja ajatut elegantsi. T\u00e4iuslik valik neile, kes hindavad looduse lihtsat, kuid luksuslikku ilu.<\/p>\n<p>&nbsp;<\/p>\n<p><span style=\"text-decoration: underline;\">KASVATAMISE N\u00d5UANDED:<\/span><\/p>\n<p>Ettekasvatus: k\u00fclva seemned 4-6 n\u00e4dalat enne \u00f5ue istutamist. Taimed istuta \u00f5ue, kui \u00f6\u00f6k\u00fclma oht on m\u00f6\u00f6das.<\/p>\n<p>\u00c4ra kata k\u00fclvi mullaga \u2013 seemned vajavad idanemiseks valgust. V\u00f5imalusel kata k\u00fclv \u00f5rna vermikuliidikihiga.<\/p>\n<p>Parim aeg l\u00f5ikamiseks on, kui pool \u00f5iest on avanenud ja enne tolmeldamist.<\/p>","protected":false},"excerpt":{"rendered":"<p><em>Helichrysum bracteatum<\/em><\/p>\n<p>Taime k\u00f5rgus: 90-120 cm<\/p>\n<p>Idanemine: 7-10 p\u00e4eva, 21-24C juures<\/p>\n<p>K\u00fclvist \u00f5itsemiseni: 80-90 p\u00e4eva<\/p>\n<p>Vaasiiga: 7+ p\u00e4eva<\/p>","protected":false},"featured_media":3039,"template":"","meta":{"om_disable_all_campaigns":false,"_monsterinsights_skip_tracking":false,"_monsterinsights_sitenote_active":false,"_monsterinsights_sitenote_note":"","_monsterinsights_sitenote_category":0},"product_brand":[],"product_cat":[107,104],"product_tag":[],"class_list":{"0":"post-3004","1":"product","2":"type-product","3":"status-publish","4":"has-post-thumbnail","6":"product_cat-kuivkimbulilled","7":"product_cat-olelilled","9":"first","10":"instock","11":"shipping-taxable","12":"purchasable","13":"product-type-variable"},"aioseo_notices":[],"jetpack_sharing_enabled":true,"_links":{"self":[{"href":"https:\/\/sooditalulilled.ee\/en\/wp-json\/wp\/v2\/product\/3004","targetHints":{"allow":["GET"]}}],"collection":[{"href":"https:\/\/sooditalulilled.ee\/en\/wp-json\/wp\/v2\/product"}],"about":[{"href":"https:\/\/sooditalulilled.ee\/en\/wp-json\/wp\/v2\/types\/product"}],"wp:featuredmedia":[{"embeddable":true,"href":"https:\/\/sooditalulilled.ee\/en\/wp-json\/wp\/v2\/media\/3039"}],"wp:attachment":[{"href":"https:\/\/sooditalulilled.ee\/en\/wp-json\/wp\/v2\/media?parent=3004"}],"wp:term":[{"taxonomy":"product_brand","embeddable":true,"href":"https:\/\/sooditalulilled.ee\/en\/wp-json\/wp\/v2\/product_brand?post=3004"},{"taxonomy":"product_cat","embeddable":true,"href":"https:\/\/sooditalulilled.ee\/en\/wp-json\/wp\/v2\/product_cat?post=3004"},{"taxonomy":"product_tag","embeddable":true,"href":"https:\/\/sooditalulilled.ee\/en\/wp-json\/wp\/v2\/product_tag?post=3004"}],"curies":[{"name":"wp","href":"https:\/\/api.w.org\/{rel}","templated":true}]}}