{"id":3010,"date":"2025-04-05T20:15:36","date_gmt":"2025-04-05T20:15:36","guid":{"rendered":"https:\/\/sooditalulilled.ee\/?post_type=product&#038;p=3010"},"modified":"2026-04-01T19:17:11","modified_gmt":"2026-04-01T19:17:11","slug":"hurmeline-tahtpea-white-25tk","status":"publish","type":"product","link":"https:\/\/sooditalulilled.ee\/en\/product\/hurmeline-tahtpea-white-25tk\/","title":{"rendered":"Hurmeline t\u00e4htpea &#8216;Snowmaiden&#8217;"},"content":{"rendered":"<p data-start=\"118\" data-end=\"485\"><strong data-start=\"118\" data-end=\"176\">Hurmeline t\u00e4htpea \u2018Snowmaiden\u2019 <em>(Scabiosa atropurpurea)<\/em><\/strong> on kui suvine lumehelves \u2013 \u00f5rn, peen ja t\u00e4iuslik oma lihtsuses. Tema kreemikasvalged, siidjate kroonlehtedega \u00f5ied kerkivad graatsilistel vartel nagu v\u00e4ikesed tantsivad t\u00e4hed. Iga \u00f5is on pehmelt kumav ja elegantne, tuues aeda helgust ning kergust, mis sobib nii looduslikku kui romantilisse lillepeenrasse.<\/p>\n<p data-start=\"487\" data-end=\"718\">\u2018Snowmaiden\u2019 on suurep\u00e4rane l\u00f5ikelill \u2013 tema tugevad varred ja kauakestvad \u00f5ied teevad ta ideaalseks kimpudesse ja kuivlilledeks. \u00d5itseb suvest s\u00fcgiseni, meelitades ligi liblikaid ja mesilasi ning lisades aiale ajatut valget ilu.<\/p>\n<p>&nbsp;<\/p>\n<p><span style=\"text-decoration: underline;\">KASVATAMISE N\u00d5UANDED:<\/span><\/p>\n<p>Ettekasvatus: k\u00fclva seemned 4-8 n\u00e4dalat enne \u00f5ue istutamist. Istuta taimed \u00f5ue, kui \u00f6\u00f6k\u00fclmaoht on m\u00f6\u00f6dnud.<\/p>\n<p>Otsek\u00fclv: v\u00f5imalik on k\u00fclvata seemned ka otse peenrasse kevadel.<\/p>\n<p>K\u00f5ige pikema vaasiea saamiseks l\u00f5ika \u00f5ied vaasi v\u00f5i kimpu panekuks, kui \u00f5ied alles hakkavad avanema.<\/p>","protected":false},"excerpt":{"rendered":"<p class=\"product-subtitle text-center\"><em>Scabiosa atropurpurea<\/em><\/p>\n<p>Taime k\u00f5rgus: 60-90 cm<\/p>\n<p>Idanemine: 7-10 p\u00e4eva, 15-20C juures<\/p>\n<p>K\u00fclvist \u00f5itsemiseni: 75-100 p\u00e4eva<\/p>\n<p>Vaasiiga: 7-10 p\u00e4eva<\/p>","protected":false},"featured_media":4031,"template":"","meta":{"om_disable_all_campaigns":false,"_monsterinsights_skip_tracking":false,"_monsterinsights_sitenote_active":false,"_monsterinsights_sitenote_note":"","_monsterinsights_sitenote_category":0},"product_brand":[],"product_cat":[18,180],"product_tag":[],"class_list":{"0":"post-3010","1":"product","2":"type-product","3":"status-publish","4":"has-post-thumbnail","6":"product_cat-muud-seemned","7":"product_cat-tahtpead","9":"first","10":"instock","11":"shipping-taxable","12":"purchasable","13":"product-type-variable"},"aioseo_notices":[],"jetpack_sharing_enabled":true,"_links":{"self":[{"href":"https:\/\/sooditalulilled.ee\/en\/wp-json\/wp\/v2\/product\/3010","targetHints":{"allow":["GET"]}}],"collection":[{"href":"https:\/\/sooditalulilled.ee\/en\/wp-json\/wp\/v2\/product"}],"about":[{"href":"https:\/\/sooditalulilled.ee\/en\/wp-json\/wp\/v2\/types\/product"}],"wp:featuredmedia":[{"embeddable":true,"href":"https:\/\/sooditalulilled.ee\/en\/wp-json\/wp\/v2\/media\/4031"}],"wp:attachment":[{"href":"https:\/\/sooditalulilled.ee\/en\/wp-json\/wp\/v2\/media?parent=3010"}],"wp:term":[{"taxonomy":"product_brand","embeddable":true,"href":"https:\/\/sooditalulilled.ee\/en\/wp-json\/wp\/v2\/product_brand?post=3010"},{"taxonomy":"product_cat","embeddable":true,"href":"https:\/\/sooditalulilled.ee\/en\/wp-json\/wp\/v2\/product_cat?post=3010"},{"taxonomy":"product_tag","embeddable":true,"href":"https:\/\/sooditalulilled.ee\/en\/wp-json\/wp\/v2\/product_tag?post=3010"}],"curies":[{"name":"wp","href":"https:\/\/api.w.org\/{rel}","templated":true}]}}