{"id":3011,"date":"2025-04-05T20:15:44","date_gmt":"2025-04-05T20:15:44","guid":{"rendered":"https:\/\/sooditalulilled.ee\/?post_type=product&#038;p=3011"},"modified":"2026-04-04T13:39:08","modified_gmt":"2026-04-04T13:39:08","slug":"hurmeline-tahtpea-tall-double-rose-25tk","status":"publish","type":"product","link":"https:\/\/sooditalulilled.ee\/en\/product\/hurmeline-tahtpea-tall-double-rose-25tk\/","title":{"rendered":"Hurmeline t\u00e4htpea &#8216;Salmon Queen&#8217;"},"content":{"rendered":"<p data-start=\"117\" data-end=\"412\"><strong data-start=\"117\" data-end=\"177\">Hurmeline t\u00e4htpea \u2018Salmon Queen\u2019 <em>(Scabiosa atropurpurea)<\/em><\/strong> on t\u00f5eline suvekuninganna \u2013 \u00f5rnade l\u00f5heroosade kroonlehtedega, mis helgivad valguses nagu pehme siid. Tema t\u00e4iuslikud kerakujulised \u00f5ied on korraga nii romantilised kui ka elur\u00f5\u00f5msad, lisades peenrale sooja ja naiselikku v\u00e4rvitooni.<\/p>\n<p data-start=\"414\" data-end=\"724\">\u2018Salmon Queen\u2019 \u00f5itseb rikkalikult kogu suve, t\u00e4ites aia \u00f5rna l\u00f5hna ja liblikate sumina. Tugevad varred ja vastupidavad \u00f5ied teevad ta suurep\u00e4raseks nii l\u00f5ikelilleks kui ka kuivlilledeks. Sobib ideaalselt teiste pastelltoonides suvelillede k\u00f5rvale, tuues igasse aeda killukese pehmet elegantsi ja suvist s\u00e4ra.<\/p>\n<p>&nbsp;<\/p>\n<p><span style=\"text-decoration: underline;\">KASVATAMISE N\u00d5UANDED:<\/span><\/p>\n<p>Ettekasvatus: k\u00fclva seemned 4-8 n\u00e4dalat enne \u00f5ue istutamist. Istuta taimed \u00f5ue, kui \u00f6\u00f6k\u00fclmaoht on m\u00f6\u00f6dnud.<\/p>\n<p>Otsek\u00fclv: v\u00f5imalik on k\u00fclvata seemned ka otse peenrasse kevadel.<\/p>\n<p>K\u00f5ige pikema vaasiea saamiseks l\u00f5ika \u00f5ied vaasi v\u00f5i kimpu panekuks, kui \u00f5ied alles hakkavad avanema.<\/p>","protected":false},"excerpt":{"rendered":"<p class=\"product-subtitle text-center\"><em>Scabiosa atropurpurea<\/em><\/p>\n<p>Taime k\u00f5rgus: 60-90 cm<\/p>\n<p>Idanemine: 7-10 p\u00e4eva, 15-20C juures<\/p>\n<p>K\u00fclvist \u00f5itsemiseni: 75-100 p\u00e4eva<\/p>\n<p>Vaasiiga: 7-10 p\u00e4eva<\/p>","protected":false},"featured_media":6292,"template":"","meta":{"om_disable_all_campaigns":false,"_monsterinsights_skip_tracking":false,"_monsterinsights_sitenote_active":false,"_monsterinsights_sitenote_note":"","_monsterinsights_sitenote_category":0},"product_brand":[],"product_cat":[18,180],"product_tag":[],"class_list":{"0":"post-3011","1":"product","2":"type-product","3":"status-publish","4":"has-post-thumbnail","6":"product_cat-muud-seemned","7":"product_cat-tahtpead","9":"first","10":"instock","11":"shipping-taxable","12":"purchasable","13":"product-type-variable"},"aioseo_notices":[],"jetpack_sharing_enabled":true,"_links":{"self":[{"href":"https:\/\/sooditalulilled.ee\/en\/wp-json\/wp\/v2\/product\/3011","targetHints":{"allow":["GET"]}}],"collection":[{"href":"https:\/\/sooditalulilled.ee\/en\/wp-json\/wp\/v2\/product"}],"about":[{"href":"https:\/\/sooditalulilled.ee\/en\/wp-json\/wp\/v2\/types\/product"}],"wp:featuredmedia":[{"embeddable":true,"href":"https:\/\/sooditalulilled.ee\/en\/wp-json\/wp\/v2\/media\/6292"}],"wp:attachment":[{"href":"https:\/\/sooditalulilled.ee\/en\/wp-json\/wp\/v2\/media?parent=3011"}],"wp:term":[{"taxonomy":"product_brand","embeddable":true,"href":"https:\/\/sooditalulilled.ee\/en\/wp-json\/wp\/v2\/product_brand?post=3011"},{"taxonomy":"product_cat","embeddable":true,"href":"https:\/\/sooditalulilled.ee\/en\/wp-json\/wp\/v2\/product_cat?post=3011"},{"taxonomy":"product_tag","embeddable":true,"href":"https:\/\/sooditalulilled.ee\/en\/wp-json\/wp\/v2\/product_tag?post=3011"}],"curies":[{"name":"wp","href":"https:\/\/api.w.org\/{rel}","templated":true}]}}