{"id":3057,"date":"2025-04-11T08:40:27","date_gmt":"2025-04-11T08:40:27","guid":{"rendered":"https:\/\/sooditalulilled.ee\/?post_type=product&#038;p=3057"},"modified":"2026-03-30T20:19:45","modified_gmt":"2026-03-30T20:19:45","slug":"hiina-aster-lady-coral-salmon-50tk","status":"publish","type":"product","link":"https:\/\/sooditalulilled.ee\/en\/product\/hiina-aster-lady-coral-salmon-50tk\/","title":{"rendered":"Hiina aster &#8216;Lady Coral Salmon&#8217;"},"content":{"rendered":"<p data-start=\"0\" data-end=\"315\"><strong>Hiina aster \u2018Lady Coral Salmon\u2019<\/strong> on soe ja k\u00fclluslik nagu suvine virsikukook \u2013 tema suured, roositaolised \u00f5ied avanevad rikkalikus l\u00f5he- ja virsikukarva varjundis, kiirgades pehmust, soojust ja eluj\u00f5udu. Toon on t\u00e4pselt see soe aktsent, mis toob aeda v\u00f5i kimpu p\u00e4ikesevalguse puudutuse.<\/p>\n<p data-start=\"317\" data-end=\"621\">\u2018Lady Coral Salmon\u2019 on osa prestii\u017esest Lady Coral sarjast, mis on armastatud oma tugeva kasvu, p\u00fcstise hoiakuga varte ja erakordselt t\u00e4idlaste, kerajate \u00f5ite poolest. Tema \u00f5ied seisavad vaasis kaua ning sobivad suurep\u00e4raselt nii romantilistesse kimpudesse kui suurejoonelisteks lilleinstallatsioonideks.<\/p>\n<p data-start=\"623\" data-end=\"858\">Aias pakub see sort elegantset, ent r\u00f5\u00f5msameelset kontrasti roosade, valgete ja lilla toonidega \u2013 luues sooja, loodusl\u00e4hedase ja kutsuva \u00f5hustiku. Tema l\u00f5heline varjund ei ole liiga intensiivne, vaid t\u00e4pselt parajalt mahe ja luksuslik.<\/p>\n<p data-start=\"860\" data-end=\"1072\" data-is-last-node=\"\" data-is-only-node=\"\">\u2018Lady Coral Salmon\u2019 on sort neile, kes armastavad klassikalist ilu, kuid soovivad sellele lisada veidi p\u00e4ikeselist iseloomu. Hell, s\u00e4rav ja vastupandamatult naiselik \u2013 see on aster, mis ei j\u00e4\u00e4 kunagi m\u00e4rkamatuks.<\/p>\n<p>&nbsp;<\/p>\n<p><span style=\"text-decoration: underline;\">KASVATAMINE\u00a0<em>(soovituslik)<\/em>:<\/span><\/p>\n<p>Ettekasvatus: k\u00fclva seemned 6-8 n\u00e4dalat enne \u00f5ue istutamist. Taimed istuta \u00f5ue, kui \u00f6\u00f6k\u00fclma oht on m\u00f6\u00f6das.<\/p>\n<p>T\u00e4iskasvanud astri taimed kannatavad kuni -6 kraadist k\u00fclma, kuid noortele taimedele v\u00f5ib \u00f6\u00f6k\u00fclm teha liiga ning kasv v\u00f5ib pidurduda.<\/p>\n<p>\u00c4ra kata k\u00fclvi mullaga \u2013 seemned vajavad idanemiseks valgust. V\u00f5imalusel kata k\u00fclv \u00f5rna vermikuliidikihiga.<\/p>\n<p>Latva ei ole vaja n\u00e4pistada \u2013 astrid hargnevad iseseisvalt.<\/p>\n<p>L\u00f5ika lilled vaasi panekuks, kui \u00f5ied on pooleldi avanenud. \u00d5ied ei kannata vihma \u2013 t\u00f5mbuvad pruuniks.<\/p>","protected":false},"excerpt":{"rendered":"<p class=\"product-title\"><em>Callistephus chinensis<\/em><\/p>\n<p>Pakis ~50 seemet<\/p>\n<p>Taime k\u00f5rgus: 50-70 cm<\/p>\n<p>Idanemine: 7-10 p\u00e4eva, 20-22C juures<\/p>\n<p>K\u00fclvist \u00f5itsemiseni: 110-120 p\u00e4eva<\/p>\n<p>Vaasiiga: 7-14 p\u00e4eva<\/p>","protected":false},"featured_media":6334,"template":"","meta":{"om_disable_all_campaigns":false,"_monsterinsights_skip_tracking":false,"_monsterinsights_sitenote_active":false,"_monsterinsights_sitenote_note":"","_monsterinsights_sitenote_category":0},"product_brand":[],"product_cat":[22],"product_tag":[],"class_list":{"0":"post-3057","1":"product","2":"type-product","3":"status-publish","4":"has-post-thumbnail","6":"product_cat-hiina-astrid","8":"first","9":"instock","10":"shipping-taxable","11":"purchasable","12":"product-type-variable"},"aioseo_notices":[],"jetpack_sharing_enabled":true,"_links":{"self":[{"href":"https:\/\/sooditalulilled.ee\/en\/wp-json\/wp\/v2\/product\/3057","targetHints":{"allow":["GET"]}}],"collection":[{"href":"https:\/\/sooditalulilled.ee\/en\/wp-json\/wp\/v2\/product"}],"about":[{"href":"https:\/\/sooditalulilled.ee\/en\/wp-json\/wp\/v2\/types\/product"}],"wp:featuredmedia":[{"embeddable":true,"href":"https:\/\/sooditalulilled.ee\/en\/wp-json\/wp\/v2\/media\/6334"}],"wp:attachment":[{"href":"https:\/\/sooditalulilled.ee\/en\/wp-json\/wp\/v2\/media?parent=3057"}],"wp:term":[{"taxonomy":"product_brand","embeddable":true,"href":"https:\/\/sooditalulilled.ee\/en\/wp-json\/wp\/v2\/product_brand?post=3057"},{"taxonomy":"product_cat","embeddable":true,"href":"https:\/\/sooditalulilled.ee\/en\/wp-json\/wp\/v2\/product_cat?post=3057"},{"taxonomy":"product_tag","embeddable":true,"href":"https:\/\/sooditalulilled.ee\/en\/wp-json\/wp\/v2\/product_tag?post=3057"}],"curies":[{"name":"wp","href":"https:\/\/api.w.org\/{rel}","templated":true}]}}