{"id":3096,"date":"2025-04-11T21:28:22","date_gmt":"2025-04-11T21:28:22","guid":{"rendered":"https:\/\/sooditalulilled.ee\/?post_type=product&#038;p=3096"},"modified":"2026-03-14T05:35:56","modified_gmt":"2026-03-14T05:35:56","slug":"kosmos-apricotta-25tk","status":"publish","type":"product","link":"https:\/\/sooditalulilled.ee\/en\/product\/kosmos-apricotta-25tk\/","title":{"rendered":"Kosmos &#8216;Apricotta&#8217;"},"content":{"rendered":"<p data-start=\"146\" data-end=\"499\"><strong data-start=\"146\" data-end=\"188\">Kosmos \u2018Apricotta\u2019 (Cosmos bipinnatus)<\/strong> on t\u00f5eline suvelillede maailma \u2013 sooja aprikoositooni ja \u00f5rna roosaka varjundiga \u2013 pilgup\u00fc\u00fcdja, mis toob peenrale unen\u00e4olise kuma. Tema \u00f5ied on justkui p\u00e4ikeseloojangu peegeldus: keskelt kuldse varjundiga ja servadelt \u00f5rnalt virsikuroosad, \u00f5hk\u00f5rnade laineliste kroonlehtedega, mis liiguvad tuules nagu siid.<\/p>\n<p data-start=\"501\" data-end=\"841\">\u2018Apricotta\u2019 loob aeda rahuliku ja romantilise meeleolu, sobitudes imekaunilt teiste pastelsetes toonides suvelilledega. Iga taim on kui v\u00e4ike kunstiteos \u2013 kerge, \u00f5huline ja samas rikkalikult \u00f5itsev kuni esimeste s\u00fcgisvihmadeni. Ideaalne l\u00f5ikelill, mis toob soojust ja valgust igasse kimpudesse ning muudab iga ruumi pehmelt p\u00e4ikeseliseks.<\/p>\n<p>&nbsp;<\/p>\n<p><span style=\"text-decoration: underline;\">KASVATAMISE N\u00d5UANDED:<\/span><\/p>\n<p>Ettekasvatus: k\u00fclva seemned toas 4-5 n\u00e4dalat enne \u00f5ue istutamist ning istuta taimed \u00f5ue, kui viimased \u00f6\u00f6k\u00fclmad on m\u00f6\u00f6das.<\/p>\n<p>Otsek\u00fclv: k\u00fclva otse peenrasse, kui \u00f6\u00f6k\u00fclmaoht on m\u00f6\u00f6dunud.<\/p>\n<p>N\u00e4pista latv, kui taim on 20-30 cm k\u00f5rgune. See innustab taime kasvatama k\u00fclgv\u00f5rseid ja nii saad \u00fchelt taimelt rohkem \u00f5isi.<\/p>\n<p>Vaasi panekuks l\u00f5ika, kui \u00f5ied on \u00e4sja avanemas v\u00f5i pooleldi avanenud \u2013 nii saad lillele pikima vaasiea. Mida rohkem \u00f5isi l\u00f5ikad, seda rohkem \u00f5isi ka taim kasvatab.<\/p>","protected":false},"excerpt":{"rendered":"<p class=\"product-subtitle text-center\"><em>Cosmos bipinnatus<\/em><\/p>\n<p>Taime k\u00f5rgus:\u00a0 60-120 cm<\/p>\n<p>Idanemine: 7-10 p\u00e4eva, 16-22C juures<\/p>\n<p>K\u00fclvist \u00f5itsemiseni: 75-90 p\u00e4eva<\/p>\n<p>Vaasiiga: 5-6 p\u00e4eva<\/p>","protected":false},"featured_media":6283,"template":"","meta":{"om_disable_all_campaigns":false,"_monsterinsights_skip_tracking":false,"_monsterinsights_sitenote_active":false,"_monsterinsights_sitenote_note":"","_monsterinsights_sitenote_category":0},"product_brand":[],"product_cat":[54],"product_tag":[],"class_list":{"0":"post-3096","1":"product","2":"type-product","3":"status-publish","4":"has-post-thumbnail","6":"product_cat-kosmosed","8":"first","9":"instock","10":"shipping-taxable","11":"purchasable","12":"product-type-variable"},"aioseo_notices":[],"jetpack_sharing_enabled":true,"_links":{"self":[{"href":"https:\/\/sooditalulilled.ee\/en\/wp-json\/wp\/v2\/product\/3096","targetHints":{"allow":["GET"]}}],"collection":[{"href":"https:\/\/sooditalulilled.ee\/en\/wp-json\/wp\/v2\/product"}],"about":[{"href":"https:\/\/sooditalulilled.ee\/en\/wp-json\/wp\/v2\/types\/product"}],"wp:featuredmedia":[{"embeddable":true,"href":"https:\/\/sooditalulilled.ee\/en\/wp-json\/wp\/v2\/media\/6283"}],"wp:attachment":[{"href":"https:\/\/sooditalulilled.ee\/en\/wp-json\/wp\/v2\/media?parent=3096"}],"wp:term":[{"taxonomy":"product_brand","embeddable":true,"href":"https:\/\/sooditalulilled.ee\/en\/wp-json\/wp\/v2\/product_brand?post=3096"},{"taxonomy":"product_cat","embeddable":true,"href":"https:\/\/sooditalulilled.ee\/en\/wp-json\/wp\/v2\/product_cat?post=3096"},{"taxonomy":"product_tag","embeddable":true,"href":"https:\/\/sooditalulilled.ee\/en\/wp-json\/wp\/v2\/product_tag?post=3096"}],"curies":[{"name":"wp","href":"https:\/\/api.w.org\/{rel}","templated":true}]}}