{"id":3104,"date":"2025-04-11T22:12:02","date_gmt":"2025-04-11T22:12:02","guid":{"rendered":"https:\/\/sooditalulilled.ee\/?post_type=product&#038;p=3104"},"modified":"2026-03-25T16:45:35","modified_gmt":"2026-03-25T16:45:35","slug":"metsporgand-dara","status":"publish","type":"product","link":"https:\/\/sooditalulilled.ee\/en\/product\/metsporgand-dara\/","title":{"rendered":"Metsporgand &#8216;Dara&#8217;"},"content":{"rendered":"<p data-start=\"60\" data-end=\"412\"><strong data-start=\"60\" data-end=\"98\">Metsporgand \u2018Dara\u2019 (Daucus carota)<\/strong> on \u00fcks neist taimedest, mis toob peenrasse ja kimpudesse t\u00f5elise loodusliku elegantsi. Tema pitsilised sarik\u00f5isikud avanevad v\u00e4rvigammas, mis ulatub \u00f5rnast koorevalgest ja tolmroosast kuni s\u00fcgava burgundiavioletseni. Just see <em data-start=\"325\" data-end=\"340\">\u00f5rn v\u00e4rvim\u00e4ng<\/em> teeb \u2018Dara\u2019 lummavaks \u2013 iga \u00f5isik on omaette v\u00e4ike, \u00f5huline kunstiteos.<\/p>\n<p data-start=\"414\" data-end=\"688\">\u2018Dara\u2019 on armastatud l\u00f5ikelilleaedades, sest ta kasvatab peenelt sirgeid, graatsiliselt kaarduvaid varsi, mis annavad igale kimbule liikumist ja pehmust. Kimbus ei t\u00f5mba ta t\u00e4helepanu endale j\u00f5uliselt, vaid loob helgust ja ruumi, nagu kerge tuulehoog suvep\u00e4eval.<\/p>\n<p data-start=\"690\" data-end=\"904\">Tema olemus on metsik ja samas \u00f5rn \u2013 justkui aasal \u00f5itsev lill, mis pole kunagi p\u00fc\u00fcdnud olla midagi muud kui lihtsalt ilus.<br data-start=\"817\" data-end=\"820\" \/>Ta sobib eriti h\u00e4sti loodusliku, romantilise, veidi boheemlasliku aedniku s\u00fcdamesse.<\/p>\n<p data-start=\"906\" data-end=\"1030\" data-is-last-node=\"\" data-is-only-node=\"\">Pitsiline, \u00f5huline ja maitsekalt erakordne \u2013 <strong data-start=\"953\" data-end=\"963\">\u2018Dara\u2019<\/strong> on lill, mis paneb peenra sosistama suveloojutuse v\u00e4rvides.<\/p>\n<p>&nbsp;<\/p>\n<p><span style=\"text-decoration: underline;\">KASVATAMINE <em>(soovituslik)<\/em>:<\/span><\/p>\n<p>Ettekasvatus: k\u00fclva seemned v\u00e4hemalt 6-8 n\u00e4dalat enne viimast prognoositavat \u00f6\u00f6k\u00fclma kuup\u00e4eva. P\u00e4rast idanemist kasvata jahedas ja valges kohas. Istuta taimed \u00f5ue p\u00e4rast \u00f6\u00f6k\u00fclmade m\u00f6\u00f6dumist.<\/p>\n<p>Otsek\u00fclv: k\u00fclva seemned varakevadel v\u00f5i s\u00fcgisel otse kasvukohale.<\/p>\n<p>\u00c4ra kata k\u00fclvi mullaga.<\/p>\n<p>L\u00f5ika kimpu v\u00f5i vaasi panekuks, kui \u00f5isikuid on t\u00e4ielikult avanenud.<\/p>","protected":false},"excerpt":{"rendered":"<p class=\"product-subtitle text-center\"><em>Daucus carota<\/em><\/p>\n<p>Taime k\u00f5rgus: 90-120 cm<\/p>\n<p>Idanemine: 12-16 p\u00e4eva, 16-24C juures<\/p>\n<p>K\u00fclvist \u00f5itsemiseni: 100-110 p\u00e4eva<\/p>\n<p>Vaasiiga: 6-8 p\u00e4eva<\/p>","protected":false},"featured_media":3105,"template":"","meta":{"om_disable_all_campaigns":false,"_monsterinsights_skip_tracking":false,"_monsterinsights_sitenote_active":false,"_monsterinsights_sitenote_note":"","_monsterinsights_sitenote_category":0},"product_brand":[],"product_cat":[18,139],"product_tag":[],"class_list":{"0":"post-3104","1":"product","2":"type-product","3":"status-publish","4":"has-post-thumbnail","6":"product_cat-muud-seemned","7":"product_cat-rohelus-taitelilled","9":"first","10":"instock","11":"shipping-taxable","12":"purchasable","13":"product-type-variable"},"aioseo_notices":[],"jetpack_sharing_enabled":true,"_links":{"self":[{"href":"https:\/\/sooditalulilled.ee\/en\/wp-json\/wp\/v2\/product\/3104","targetHints":{"allow":["GET"]}}],"collection":[{"href":"https:\/\/sooditalulilled.ee\/en\/wp-json\/wp\/v2\/product"}],"about":[{"href":"https:\/\/sooditalulilled.ee\/en\/wp-json\/wp\/v2\/types\/product"}],"wp:featuredmedia":[{"embeddable":true,"href":"https:\/\/sooditalulilled.ee\/en\/wp-json\/wp\/v2\/media\/3105"}],"wp:attachment":[{"href":"https:\/\/sooditalulilled.ee\/en\/wp-json\/wp\/v2\/media?parent=3104"}],"wp:term":[{"taxonomy":"product_brand","embeddable":true,"href":"https:\/\/sooditalulilled.ee\/en\/wp-json\/wp\/v2\/product_brand?post=3104"},{"taxonomy":"product_cat","embeddable":true,"href":"https:\/\/sooditalulilled.ee\/en\/wp-json\/wp\/v2\/product_cat?post=3104"},{"taxonomy":"product_tag","embeddable":true,"href":"https:\/\/sooditalulilled.ee\/en\/wp-json\/wp\/v2\/product_tag?post=3104"}],"curies":[{"name":"wp","href":"https:\/\/api.w.org\/{rel}","templated":true}]}}