{"id":3697,"date":"2025-09-27T19:47:49","date_gmt":"2025-09-27T19:47:49","guid":{"rendered":"https:\/\/sooditalulilled.ee\/?post_type=product&#038;p=3697"},"modified":"2026-01-28T11:37:36","modified_gmt":"2026-01-28T11:37:36","slug":"aasia-tulikas-amandine-chamallow","status":"publish","type":"product","link":"https:\/\/sooditalulilled.ee\/en\/product\/aasia-tulikas-amandine-chamallow\/","title":{"rendered":"Aasia tulikas &#8216;Amandine Chamallow&#8217;"},"content":{"rendered":"<p data-start=\"137\" data-end=\"356\">\u00d5rn ja luksuslik \u2013 \u2018Amandine Chamallow\u2019 toob aeda v\u00f5i vaasi pastelsete roosade ja koorevalgete toonide maagia. Selle sordi suured, kihilised \u00f5ied meenutavad vahukomme ja loovad romantilise meeleolu igal aastaajal.<\/p>\n<p data-start=\"358\" data-end=\"514\">Tugevad varred ja rikkalik \u00f5itsemine teevad sellest suurep\u00e4rase l\u00f5ikelille pulma- ja kingikimpudesse ning elegantse pilgup\u00fc\u00fcdja nii peenral kui vaasis.<\/p>\n<p data-start=\"118\" data-end=\"385\">Amandine sarja Aasia tulikad on aretatud spetsiaalselt l\u00f5ikelilleks.\u00a0Need taimed taluvad h\u00e4sti hiliskevade ja varasuve kuumust, mist\u00f5ttu pakuvad nad rikkalikku \u00f5iteilu just siis, kui teised sordid juba h\u00e4\u00e4buvad.<\/p>\n<p data-start=\"387\" data-end=\"695\">Kuna Amandine on k\u00fclma suhtes tundlikum, algab \u00f5itsemine veidi hiljem, kuid kestab see-eest kauem, t\u00e4ites aia v\u00f5i vaasi kauaoodatud luksusliku \u00f5itepeoga.<\/p>\n<p data-start=\"697\" data-end=\"842\">Amandine tulikas on ideaalne valik neile, kes otsivad kauap\u00fcsivaid, t\u00e4idlaseid ja romantilise ilmega l\u00f5ikelilli.<\/p>","protected":false},"excerpt":{"rendered":"<p><strong>Mugulad saabuvad hiljemalt n\u00e4dalal 19.-23.01.<\/strong><\/p>","protected":false},"featured_media":3698,"template":"","meta":{"om_disable_all_campaigns":false,"_monsterinsights_skip_tracking":false,"_monsterinsights_sitenote_active":false,"_monsterinsights_sitenote_note":"","_monsterinsights_sitenote_category":0},"product_brand":[],"product_cat":[117,118],"product_tag":[],"class_list":{"0":"post-3697","1":"product","2":"type-product","3":"status-publish","4":"has-post-thumbnail","6":"product_cat-kevadlilled","7":"product_cat-aasia-tulikad","9":"first","10":"outofstock","11":"shipping-taxable","12":"purchasable","13":"product-type-variable"},"aioseo_notices":[],"jetpack_sharing_enabled":true,"_links":{"self":[{"href":"https:\/\/sooditalulilled.ee\/en\/wp-json\/wp\/v2\/product\/3697","targetHints":{"allow":["GET"]}}],"collection":[{"href":"https:\/\/sooditalulilled.ee\/en\/wp-json\/wp\/v2\/product"}],"about":[{"href":"https:\/\/sooditalulilled.ee\/en\/wp-json\/wp\/v2\/types\/product"}],"wp:featuredmedia":[{"embeddable":true,"href":"https:\/\/sooditalulilled.ee\/en\/wp-json\/wp\/v2\/media\/3698"}],"wp:attachment":[{"href":"https:\/\/sooditalulilled.ee\/en\/wp-json\/wp\/v2\/media?parent=3697"}],"wp:term":[{"taxonomy":"product_brand","embeddable":true,"href":"https:\/\/sooditalulilled.ee\/en\/wp-json\/wp\/v2\/product_brand?post=3697"},{"taxonomy":"product_cat","embeddable":true,"href":"https:\/\/sooditalulilled.ee\/en\/wp-json\/wp\/v2\/product_cat?post=3697"},{"taxonomy":"product_tag","embeddable":true,"href":"https:\/\/sooditalulilled.ee\/en\/wp-json\/wp\/v2\/product_tag?post=3697"}],"curies":[{"name":"wp","href":"https:\/\/api.w.org\/{rel}","templated":true}]}}