{"id":3709,"date":"2025-09-28T09:41:22","date_gmt":"2025-09-28T09:41:22","guid":{"rendered":"https:\/\/sooditalulilled.ee\/?post_type=product&#038;p=3709"},"modified":"2026-01-28T11:37:21","modified_gmt":"2026-01-28T11:37:21","slug":"aasia-tulikas-amandine-porcelain","status":"publish","type":"product","link":"https:\/\/sooditalulilled.ee\/en\/product\/aasia-tulikas-amandine-porcelain\/","title":{"rendered":"Aasia tulikas &#8216;Amandine Porcelaine&#8217;"},"content":{"rendered":"<p data-start=\"205\" data-end=\"519\">Peen ja rafineeritud \u2013 \u2018Amandine Porcelaine\u2019 paistab silma oma \u00f5rna portselanvalge p\u00f5hitooni ja peente roosakate varjunditega, mis annavad \u00f5itele elegantse ja luksusliku ilme. Selle sordi suured, tihedalt kihilised \u00f5ied meenutavad t\u00e4idlasi roose ning loovad ajatu ja puhta meeleolu nii aias kui vaasis.<\/p>\n<p data-start=\"521\" data-end=\"820\">Tugevad ja sirged varred ning rikkalik \u00f5itsemine teevad <em data-start=\"581\" data-end=\"606\">Amandine Porcelaine\u2019ist<\/em> suurep\u00e4rase l\u00f5ikelille pulmakimpudesse, pidulikesse lilleseadetesse ja romantilistesse kompositsioonidesse. Samal ajal on see sort ka kaunis pilgup\u00fc\u00fcdja peenral, kus tema \u00f5rn v\u00e4rvim\u00e4ng p\u00e4\u00e4seb t\u00e4ielikult esile.<\/p>\n<p data-start=\"822\" data-end=\"1071\">Amandine sarja aasia tulikad on aretatud spetsiaalselt l\u00f5ikelillekasvatuseks. Need sordid taluvad h\u00e4sti hiliskevade ja varasuve soojemaid ilmasid, pakkudes kvaliteetset ja \u00fchtlast \u00f5itsemist ajal, mil paljud teised tulikasordid juba h\u00e4\u00e4buvad.<\/p>\n<p data-start=\"1073\" data-end=\"1424\">Kuna Amandine sordid on k\u00fclma suhtes veidi tundlikumad, algab \u00f5itsemine pisut hiljem, kuid kestab see-eest kauem ja \u00fchtlasemalt, t\u00e4ites aia v\u00f5i vaasi kaua kestva ja elegantse \u00f5iteiluga.<\/p>\n<p data-start=\"1426\" data-end=\"1634\">Amandine \u2018Porcelaine\u2019 on ideaalne valik neile, kes otsivad kauap\u00fcsivaid, t\u00e4idlasi ja peene v\u00e4rvigammaga l\u00f5ikelilli, mis sobivad suurep\u00e4raselt nii klassikalistesse kui ka modernsetesse lilleseadetesse.<\/p>","protected":false},"excerpt":{"rendered":"<p><strong>Mugulad saabuvad hiljemalt n\u00e4dalal 19.-23.01.<\/strong><\/p>","protected":false},"featured_media":3723,"template":"","meta":{"om_disable_all_campaigns":false,"_monsterinsights_skip_tracking":false,"_monsterinsights_sitenote_active":false,"_monsterinsights_sitenote_note":"","_monsterinsights_sitenote_category":0},"product_brand":[],"product_cat":[117,118],"product_tag":[],"class_list":{"0":"post-3709","1":"product","2":"type-product","3":"status-publish","4":"has-post-thumbnail","6":"product_cat-kevadlilled","7":"product_cat-aasia-tulikad","9":"first","10":"outofstock","11":"shipping-taxable","12":"purchasable","13":"product-type-variable"},"aioseo_notices":[],"jetpack_sharing_enabled":true,"_links":{"self":[{"href":"https:\/\/sooditalulilled.ee\/en\/wp-json\/wp\/v2\/product\/3709","targetHints":{"allow":["GET"]}}],"collection":[{"href":"https:\/\/sooditalulilled.ee\/en\/wp-json\/wp\/v2\/product"}],"about":[{"href":"https:\/\/sooditalulilled.ee\/en\/wp-json\/wp\/v2\/types\/product"}],"wp:featuredmedia":[{"embeddable":true,"href":"https:\/\/sooditalulilled.ee\/en\/wp-json\/wp\/v2\/media\/3723"}],"wp:attachment":[{"href":"https:\/\/sooditalulilled.ee\/en\/wp-json\/wp\/v2\/media?parent=3709"}],"wp:term":[{"taxonomy":"product_brand","embeddable":true,"href":"https:\/\/sooditalulilled.ee\/en\/wp-json\/wp\/v2\/product_brand?post=3709"},{"taxonomy":"product_cat","embeddable":true,"href":"https:\/\/sooditalulilled.ee\/en\/wp-json\/wp\/v2\/product_cat?post=3709"},{"taxonomy":"product_tag","embeddable":true,"href":"https:\/\/sooditalulilled.ee\/en\/wp-json\/wp\/v2\/product_tag?post=3709"}],"curies":[{"name":"wp","href":"https:\/\/api.w.org\/{rel}","templated":true}]}}