{"id":3733,"date":"2025-10-05T22:05:09","date_gmt":"2025-10-05T22:05:09","guid":{"rendered":"https:\/\/sooditalulilled.ee\/?post_type=product&#038;p=3733"},"modified":"2026-01-28T11:37:15","modified_gmt":"2026-01-28T11:37:15","slug":"aasia-tulikas-amandine-pastel","status":"publish","type":"product","link":"https:\/\/sooditalulilled.ee\/en\/product\/aasia-tulikas-amandine-pastel\/","title":{"rendered":"Aasia tulikas &#8216;Amandine Pastel Pink&#8217;"},"content":{"rendered":"<p data-start=\"207\" data-end=\"501\">\u00d5rn ja romantiline \u2013 \u2018Amandine Pastel Pink\u2019 v\u00f5lub oma pehmete pastelselt roosade toonidega, mis vahelduvad kreemikate ja \u00f5rnalt soojade varjunditega. Selle sordi suured, tihedalt kihilised \u00f5ied meenutavad lopsakaid roose ning loovad pehme ja unen\u00e4olise meeleolu nii aias kui vaasis.<\/p>\n<p data-start=\"503\" data-end=\"758\">Tugevad ja sirged varred koos rikkaliku ning \u00fchtlase \u00f5itsemisega teevad <em data-start=\"579\" data-end=\"605\">Amandine Pastel Pink\u2019ist<\/em> hinnatud l\u00f5ikelille pulmakimpudesse, romantilistesse lilleseadetesse ja kevadistesse kompositsioonidesse, olles samas ka kaunis pilgup\u00fc\u00fcdja peenral.<\/p>\n<p data-start=\"760\" data-end=\"994\">Amandine sarja aasia tulikad on aretatud spetsiaalselt l\u00f5ikelillekasvatuseks. Need sordid taluvad h\u00e4sti hiliskevade ja varasuve soojemaid ilmasid, pakkudes rikkalikku \u00f5iteilu ajal, mil paljud teised tulikasordid juba h\u00e4\u00e4buvad.<\/p>\n<p data-start=\"996\" data-end=\"1345\">Kuna Amandine sordid on k\u00fclma suhtes veidi tundlikumad, algab \u00f5itsemine pisut hiljem, kuid kestab see-eest kauem ja \u00fchtlasemalt, t\u00e4ites aia v\u00f5i vaasi kauaoodatud pastelsete \u00f5itepeoga.<\/p>\n<p data-start=\"1347\" data-end=\"1564\">Amandine \u2018Pastel Pink\u2019 on ideaalne valik neile, kes otsivad kauap\u00fcsivaid, t\u00e4idlasi ja \u00f5rnalt romantilise ilmega l\u00f5ikelilli, mis sobivad suurep\u00e4raselt nii klassikalistesse kui ka kaasaegsetesse lilleseadetesse.<\/p>","protected":false},"excerpt":{"rendered":"<p><strong>Mugulad saabuvad hiljemalt n\u00e4dalal 19.-23.01.<\/strong><\/p>","protected":false},"featured_media":5151,"template":"","meta":{"om_disable_all_campaigns":false,"_monsterinsights_skip_tracking":false,"_monsterinsights_sitenote_active":false,"_monsterinsights_sitenote_note":"","_monsterinsights_sitenote_category":0},"product_brand":[],"product_cat":[117,118],"product_tag":[],"class_list":{"0":"post-3733","1":"product","2":"type-product","3":"status-publish","4":"has-post-thumbnail","6":"product_cat-kevadlilled","7":"product_cat-aasia-tulikad","9":"first","10":"outofstock","11":"shipping-taxable","12":"purchasable","13":"product-type-variable"},"aioseo_notices":[],"jetpack_sharing_enabled":true,"_links":{"self":[{"href":"https:\/\/sooditalulilled.ee\/en\/wp-json\/wp\/v2\/product\/3733","targetHints":{"allow":["GET"]}}],"collection":[{"href":"https:\/\/sooditalulilled.ee\/en\/wp-json\/wp\/v2\/product"}],"about":[{"href":"https:\/\/sooditalulilled.ee\/en\/wp-json\/wp\/v2\/types\/product"}],"wp:featuredmedia":[{"embeddable":true,"href":"https:\/\/sooditalulilled.ee\/en\/wp-json\/wp\/v2\/media\/5151"}],"wp:attachment":[{"href":"https:\/\/sooditalulilled.ee\/en\/wp-json\/wp\/v2\/media?parent=3733"}],"wp:term":[{"taxonomy":"product_brand","embeddable":true,"href":"https:\/\/sooditalulilled.ee\/en\/wp-json\/wp\/v2\/product_brand?post=3733"},{"taxonomy":"product_cat","embeddable":true,"href":"https:\/\/sooditalulilled.ee\/en\/wp-json\/wp\/v2\/product_cat?post=3733"},{"taxonomy":"product_tag","embeddable":true,"href":"https:\/\/sooditalulilled.ee\/en\/wp-json\/wp\/v2\/product_tag?post=3733"}],"curies":[{"name":"wp","href":"https:\/\/api.w.org\/{rel}","templated":true}]}}