{"id":3769,"date":"2025-10-12T20:55:26","date_gmt":"2025-10-12T20:55:26","guid":{"rendered":"https:\/\/sooditalulilled.ee\/?post_type=product&#038;p=3769"},"modified":"2026-02-15T08:07:05","modified_gmt":"2026-02-15T08:07:05","slug":"anemoon-mistral-plus-panda-ettetellimine","status":"publish","type":"product","link":"https:\/\/sooditalulilled.ee\/en\/product\/anemoon-mistral-plus-panda-ettetellimine\/","title":{"rendered":"Anemoon Mistral Plus\u00ae &#8216;Panda&#8217; 4\/5"},"content":{"rendered":"<p data-start=\"294\" data-end=\"679\"><strong data-start=\"73\" data-end=\"106\">Anemoon Mistral Plus\u00ae \u2018Panda\u2019<\/strong><br data-start=\"106\" data-end=\"109\" \/>Elegantne ja pilkup\u00fc\u00fcdev anemoon, millel on puhas valge \u00f5is ja s\u00fcgavsametine s\u00fcdamik \u2013 klassikaline mustvalge kontrast, mis kehastab Itaalia stiili ja ajatut ilu. Mistral Plus\u00ae sari on tuntud oma suurte, tugevatel vartel \u00f5ite ja professionaalse kvaliteedi poolest \u2013 t\u00f5eline luksus igas aias ja kimbus.<\/p>","protected":false},"excerpt":{"rendered":"<p>Mugula suurus: 4\/5<\/p>\n<p>K\u00f5rgus: 20-45 cm<\/p>\n<p>\u00d5itsemisaeg: mai-juuli<\/p>\n<p><em>PS! Soovitatav valida tarne SmartPosti automaati!<\/em><\/p>","protected":false},"featured_media":3772,"template":"","meta":{"om_disable_all_campaigns":false,"_monsterinsights_skip_tracking":false,"_monsterinsights_sitenote_active":false,"_monsterinsights_sitenote_note":"","_monsterinsights_sitenote_category":0},"product_brand":[],"product_cat":[117,119],"product_tag":[],"class_list":{"0":"post-3769","1":"product","2":"type-product","3":"status-publish","4":"has-post-thumbnail","6":"product_cat-kevadlilled","7":"product_cat-anemoonid","9":"first","10":"outofstock","11":"sale","12":"shipping-taxable","13":"purchasable","14":"product-type-variable"},"aioseo_notices":[],"jetpack_sharing_enabled":true,"_links":{"self":[{"href":"https:\/\/sooditalulilled.ee\/en\/wp-json\/wp\/v2\/product\/3769","targetHints":{"allow":["GET"]}}],"collection":[{"href":"https:\/\/sooditalulilled.ee\/en\/wp-json\/wp\/v2\/product"}],"about":[{"href":"https:\/\/sooditalulilled.ee\/en\/wp-json\/wp\/v2\/types\/product"}],"wp:featuredmedia":[{"embeddable":true,"href":"https:\/\/sooditalulilled.ee\/en\/wp-json\/wp\/v2\/media\/3772"}],"wp:attachment":[{"href":"https:\/\/sooditalulilled.ee\/en\/wp-json\/wp\/v2\/media?parent=3769"}],"wp:term":[{"taxonomy":"product_brand","embeddable":true,"href":"https:\/\/sooditalulilled.ee\/en\/wp-json\/wp\/v2\/product_brand?post=3769"},{"taxonomy":"product_cat","embeddable":true,"href":"https:\/\/sooditalulilled.ee\/en\/wp-json\/wp\/v2\/product_cat?post=3769"},{"taxonomy":"product_tag","embeddable":true,"href":"https:\/\/sooditalulilled.ee\/en\/wp-json\/wp\/v2\/product_tag?post=3769"}],"curies":[{"name":"wp","href":"https:\/\/api.w.org\/{rel}","templated":true}]}}