{"id":3774,"date":"2025-10-12T21:07:47","date_gmt":"2025-10-12T21:07:47","guid":{"rendered":"https:\/\/sooditalulilled.ee\/?post_type=product&#038;p=3774"},"modified":"2025-11-02T21:08:08","modified_gmt":"2025-11-02T21:08:08","slug":"anemoon-mistral-plus-rarity-ettetellimine","status":"publish","type":"product","link":"https:\/\/sooditalulilled.ee\/en\/product\/anemoon-mistral-plus-rarity-ettetellimine\/","title":{"rendered":"Anemoon Mistral Plus\u00ae Rarity"},"content":{"rendered":"<p><strong data-start=\"209\" data-end=\"243\">Anemoon Mistral\u00ae Plus \u2018Rarity\u2019<\/strong><br data-start=\"243\" data-end=\"246\" \/>Haruldaselt kaunis ja erilise iseloomuga anemoon, mille siidjatel kroonlehtedel m\u00e4ngivad \u00f5rnad toonivarjundid roosast kuni s\u00fcgava lillani. <em data-start=\"385\" data-end=\"395\">\u2018Rarity\u2019<\/em> on \u00fcks Mistral\u00ae Plus sarja pilgup\u00fc\u00fcdjaid \u2013 iga \u00f5is on kui ainulaadne kunstiteos, mis toob peenra v\u00f5i kimbu keskmesse luksusliku v\u00e4rvim\u00e4ngu ja t\u00e4iusliku vormi. Tugevad varred, suured \u00f5ied ja professionaalne kvaliteet teevad sellest sordi, mis v\u00e4\u00e4rib oma nime \u2013 t\u00f5eline <strong data-start=\"664\" data-end=\"676\">rariteet<\/strong>.<\/p>","protected":false},"excerpt":{"rendered":"<p>Mugula suurus: 4\/5<\/p>\n<p>K\u00f5rgus: 20-45 cm<\/p>\n<p>\u00d5itsemisaeg: mai-juuli<\/p>\n<p><em>PS! Soovitatav valida tarne SmartPosti automaati!<\/em><\/p>","protected":false},"featured_media":3777,"template":"","meta":{"om_disable_all_campaigns":false,"_monsterinsights_skip_tracking":false,"_monsterinsights_sitenote_active":false,"_monsterinsights_sitenote_note":"","_monsterinsights_sitenote_category":0},"product_brand":[],"product_cat":[117,119],"product_tag":[],"class_list":{"0":"post-3774","1":"product","2":"type-product","3":"status-publish","4":"has-post-thumbnail","6":"product_cat-kevadlilled","7":"product_cat-anemoonid","9":"first","10":"outofstock","11":"shipping-taxable","12":"purchasable","13":"product-type-variable"},"aioseo_notices":[],"jetpack_sharing_enabled":true,"_links":{"self":[{"href":"https:\/\/sooditalulilled.ee\/en\/wp-json\/wp\/v2\/product\/3774","targetHints":{"allow":["GET"]}}],"collection":[{"href":"https:\/\/sooditalulilled.ee\/en\/wp-json\/wp\/v2\/product"}],"about":[{"href":"https:\/\/sooditalulilled.ee\/en\/wp-json\/wp\/v2\/types\/product"}],"wp:featuredmedia":[{"embeddable":true,"href":"https:\/\/sooditalulilled.ee\/en\/wp-json\/wp\/v2\/media\/3777"}],"wp:attachment":[{"href":"https:\/\/sooditalulilled.ee\/en\/wp-json\/wp\/v2\/media?parent=3774"}],"wp:term":[{"taxonomy":"product_brand","embeddable":true,"href":"https:\/\/sooditalulilled.ee\/en\/wp-json\/wp\/v2\/product_brand?post=3774"},{"taxonomy":"product_cat","embeddable":true,"href":"https:\/\/sooditalulilled.ee\/en\/wp-json\/wp\/v2\/product_cat?post=3774"},{"taxonomy":"product_tag","embeddable":true,"href":"https:\/\/sooditalulilled.ee\/en\/wp-json\/wp\/v2\/product_tag?post=3774"}],"curies":[{"name":"wp","href":"https:\/\/api.w.org\/{rel}","templated":true}]}}