{"id":3779,"date":"2025-10-12T21:13:14","date_gmt":"2025-10-12T21:13:14","guid":{"rendered":"https:\/\/sooditalulilled.ee\/?post_type=product&#038;p=3779"},"modified":"2026-01-24T06:29:15","modified_gmt":"2026-01-24T06:29:15","slug":"anemoon-mistral-plus-azzure-ettetellimine","status":"publish","type":"product","link":"https:\/\/sooditalulilled.ee\/en\/product\/anemoon-mistral-plus-azzure-ettetellimine\/","title":{"rendered":"Anemoon Mistral Plus\u00ae Azzurro"},"content":{"rendered":"<p><strong data-start=\"159\" data-end=\"193\">Anemoon Mistral\u00ae Plus \u2018Azzure\u2019<\/strong><br data-start=\"193\" data-end=\"196\" \/>Lummava sinakaslilla tooniga anemoon, mis toob igasse aeda v\u00f5i kimpu Vahemere \u00f5hulise elegantsi. <em data-start=\"296\" data-end=\"306\">\u2018Azzure\u2019<\/em> \u00f5ied on suured, siidiselt l\u00e4ikivad ja s\u00fcgava v\u00e4rvim\u00e4nguga, mis muutub valguse k\u00e4es peaaegu elavaks. Nagu k\u00f5ik Mistral\u00ae Plus sarja sordid, on ka <em data-start=\"451\" data-end=\"461\">\u2018Azzure\u2019<\/em> tuntud oma tugeva varre, suure \u00f5ie ja professionaalse l\u00f5ikelillekvaliteedi poolest \u2013 <strong data-start=\"547\" data-end=\"588\" data-is-only-node=\"\">ajatu ilu ja erakordne kvaliteet \u00fches<\/strong>.<\/p>","protected":false},"excerpt":{"rendered":"<p>Mugula suurus: 4\/5<\/p>\n<p>K\u00f5rgus: 20-45 cm<\/p>\n<p>\u00d5itsemisaeg: mai-juuli<\/p>\n<p><em>PS! Soovitatav valida tarne SmartPosti automaati!<\/em><\/p>","protected":false},"featured_media":3782,"template":"","meta":{"om_disable_all_campaigns":false,"_monsterinsights_skip_tracking":false,"_monsterinsights_sitenote_active":false,"_monsterinsights_sitenote_note":"","_monsterinsights_sitenote_category":0},"product_brand":[],"product_cat":[117,119],"product_tag":[],"class_list":{"0":"post-3779","1":"product","2":"type-product","3":"status-publish","4":"has-post-thumbnail","6":"product_cat-kevadlilled","7":"product_cat-anemoonid","9":"first","10":"outofstock","11":"sale","12":"shipping-taxable","13":"purchasable","14":"product-type-variable"},"aioseo_notices":[],"jetpack_sharing_enabled":true,"_links":{"self":[{"href":"https:\/\/sooditalulilled.ee\/en\/wp-json\/wp\/v2\/product\/3779","targetHints":{"allow":["GET"]}}],"collection":[{"href":"https:\/\/sooditalulilled.ee\/en\/wp-json\/wp\/v2\/product"}],"about":[{"href":"https:\/\/sooditalulilled.ee\/en\/wp-json\/wp\/v2\/types\/product"}],"wp:featuredmedia":[{"embeddable":true,"href":"https:\/\/sooditalulilled.ee\/en\/wp-json\/wp\/v2\/media\/3782"}],"wp:attachment":[{"href":"https:\/\/sooditalulilled.ee\/en\/wp-json\/wp\/v2\/media?parent=3779"}],"wp:term":[{"taxonomy":"product_brand","embeddable":true,"href":"https:\/\/sooditalulilled.ee\/en\/wp-json\/wp\/v2\/product_brand?post=3779"},{"taxonomy":"product_cat","embeddable":true,"href":"https:\/\/sooditalulilled.ee\/en\/wp-json\/wp\/v2\/product_cat?post=3779"},{"taxonomy":"product_tag","embeddable":true,"href":"https:\/\/sooditalulilled.ee\/en\/wp-json\/wp\/v2\/product_tag?post=3779"}],"curies":[{"name":"wp","href":"https:\/\/api.w.org\/{rel}","templated":true}]}}