{"id":3799,"date":"2025-10-15T10:28:32","date_gmt":"2025-10-15T10:28:32","guid":{"rendered":"https:\/\/sooditalulilled.ee\/?post_type=product&#038;p=3799"},"modified":"2026-03-05T10:58:20","modified_gmt":"2026-03-05T10:58:20","slug":"anemoon-rainbow-blue-white","status":"publish","type":"product","link":"https:\/\/sooditalulilled.ee\/en\/product\/anemoon-rainbow-blue-white\/","title":{"rendered":"Anemoon Rainbow Blue\/White"},"content":{"rendered":"<p data-start=\"137\" data-end=\"425\">Anemoon \u2018Rainbow Blue\/White\u2019 on pilkup\u00fc\u00fcdev kevadstaar, mille \u00f5ied m\u00e4ngivad kahe tooni vahel \u2013 puhas valge sulandub \u00f5rna \u00fcleminekuga kirkasse taevasinisesse v\u00f5i violetjasse serva. See v\u00e4rvikontrast annab igale \u00f5iele ainulaadse v\u00e4limuse, justkui k\u00e4sitsi maalitud akvarellina.<\/p>\n<p data-start=\"427\" data-end=\"658\">\u2018Rainbow\u2019 sarja anemoonid on tuntud oma suure\u00f5ielisuse ja tugeva varre poolest, mis teeb neist ideaalsed nii peenrakaunistuseks kui ka l\u00f5ikelilleks. Iga \u00f5is avaneb kui v\u00e4ike kunstiteos, tuues aeda v\u00f5i vaasi v\u00e4rskust ja elegantsi.<\/p>","protected":false},"excerpt":{"rendered":"<p>Mugula suurus: 3\/5<\/p>\n<p>K\u00f5rgus: 20-45 cm<\/p>\n<p>\u00d5itsemisaeg: mai-juuli<\/p>\n<p><em>PS! Soovitatav valida tarne SmartPosti automaati!<\/em><\/p>","protected":false},"featured_media":3804,"template":"","meta":{"om_disable_all_campaigns":false,"_monsterinsights_skip_tracking":false,"_monsterinsights_sitenote_active":false,"_monsterinsights_sitenote_note":"","_monsterinsights_sitenote_category":0},"product_brand":[],"product_cat":[117,119],"product_tag":[],"class_list":{"0":"post-3799","1":"product","2":"type-product","3":"status-publish","4":"has-post-thumbnail","6":"product_cat-kevadlilled","7":"product_cat-anemoonid","9":"first","10":"outofstock","11":"sale","12":"shipping-taxable","13":"purchasable","14":"product-type-variable"},"aioseo_notices":[],"jetpack_sharing_enabled":true,"_links":{"self":[{"href":"https:\/\/sooditalulilled.ee\/en\/wp-json\/wp\/v2\/product\/3799","targetHints":{"allow":["GET"]}}],"collection":[{"href":"https:\/\/sooditalulilled.ee\/en\/wp-json\/wp\/v2\/product"}],"about":[{"href":"https:\/\/sooditalulilled.ee\/en\/wp-json\/wp\/v2\/types\/product"}],"wp:featuredmedia":[{"embeddable":true,"href":"https:\/\/sooditalulilled.ee\/en\/wp-json\/wp\/v2\/media\/3804"}],"wp:attachment":[{"href":"https:\/\/sooditalulilled.ee\/en\/wp-json\/wp\/v2\/media?parent=3799"}],"wp:term":[{"taxonomy":"product_brand","embeddable":true,"href":"https:\/\/sooditalulilled.ee\/en\/wp-json\/wp\/v2\/product_brand?post=3799"},{"taxonomy":"product_cat","embeddable":true,"href":"https:\/\/sooditalulilled.ee\/en\/wp-json\/wp\/v2\/product_cat?post=3799"},{"taxonomy":"product_tag","embeddable":true,"href":"https:\/\/sooditalulilled.ee\/en\/wp-json\/wp\/v2\/product_tag?post=3799"}],"curies":[{"name":"wp","href":"https:\/\/api.w.org\/{rel}","templated":true}]}}