{"id":3818,"date":"2025-10-22T17:59:57","date_gmt":"2025-10-22T17:59:57","guid":{"rendered":"https:\/\/sooditalulilled.ee\/?post_type=product&#038;p=3818"},"modified":"2026-02-24T16:57:30","modified_gmt":"2026-02-24T16:57:30","slug":"eukalupt-baby-blue","status":"publish","type":"product","link":"https:\/\/sooditalulilled.ee\/en\/product\/eukalupt-baby-blue\/","title":{"rendered":"Eukal\u00fcpt &#8216;Baby Blue&#8217;"},"content":{"rendered":"<p data-start=\"184\" data-end=\"432\">Populaarne h\u00f5behall eukal\u00fcpt, mida hinnatakse tema v\u00e4rske aroomi ja \u00fcmarate, sinakashallide lehtede t\u00f5ttu. Kiirekasvuline ja aromaatne taim, mille oksad sobivad suurep\u00e4raselt <strong data-start=\"374\" data-end=\"429\">l\u00f5ikelilleks, kuivkimpudesse ja kodul\u00f5hnastajatesse<\/strong>.<\/p>\n<p data-start=\"434\" data-end=\"527\">Sobib kasvatamiseks kas <strong data-start=\"458\" data-end=\"495\">potis, kasvuhoones v\u00f5i suvel \u00f5ues<\/strong> soojas ja p\u00e4ikeselises kohas.<\/p>\n<p data-start=\"434\" data-end=\"527\">Loe lisa ka <a href=\"https:\/\/sooditalulilled.ee\/en\/millist-eukalupti-valida-kasvatamiseks\/\"><strong>SIIT<\/strong><\/a>, millist eukal\u00fcpti valida kasvatamiseks.<\/p>\n<p data-start=\"723\" data-end=\"746\"><span style=\"text-decoration: underline;\"><strong data-start=\"730\" data-end=\"746\">K\u00dcLVI- JA KASVATUSJUHISED:<\/strong><\/span><\/p>\n<ul data-start=\"747\" data-end=\"1231\">\n<li data-start=\"747\" data-end=\"825\">\n<p data-start=\"749\" data-end=\"825\"><strong data-start=\"749\" data-end=\"762\">K\u00fclviaeg:<\/strong> veebruar\u2013m\u00e4rts (v\u00f5ib alustada ka detsembris v\u00f5i jaanuaris lisavalgustusega)<\/p>\n<\/li>\n<li data-start=\"826\" data-end=\"929\">\n<p data-start=\"828\" data-end=\"929\"><strong data-start=\"828\" data-end=\"837\">K\u00fclv:<\/strong> puista seemned niiskele k\u00fclvisubstraadile, <strong data-start=\"881\" data-end=\"911\">\u00e4ra kata mullakihiga. <\/strong>V\u00f5id katta \u00f5rna kihi vermikuliidiga.<\/p>\n<\/li>\n<li data-start=\"930\" data-end=\"961\">\n<p data-start=\"932\" data-end=\"961\"><strong data-start=\"932\" data-end=\"948\">Temperatuur:<\/strong> +18\u2026+22 \u00b0C<\/p>\n<\/li>\n<li data-start=\"962\" data-end=\"994\">\n<p data-start=\"964\" data-end=\"994\"><strong data-start=\"964\" data-end=\"980\">Idanemisaeg:<\/strong> 2\u20134 n\u00e4dalat<\/p>\n<\/li>\n<li data-start=\"995\" data-end=\"1080\">\n<p data-start=\"997\" data-end=\"1080\"><strong data-start=\"997\" data-end=\"1018\">P\u00e4rast t\u00e4rkamist:<\/strong> hoia v\u00f5imalikult valges ja jahedamas ruumis (+15 &#8211; +20 \u00b0C ringis)<\/p>\n<\/li>\n<li data-start=\"1081\" data-end=\"1128\">\n<p data-start=\"1083\" data-end=\"1128\"><strong data-start=\"1083\" data-end=\"1095\">Pikeeri:<\/strong> kui taimedel on 2\u20133 p\u00e4rislehte<\/p>\n<\/li>\n<li data-start=\"1129\" data-end=\"1231\">\n<p data-start=\"1131\" data-end=\"1231\"><strong data-start=\"1131\" data-end=\"1146\">Istutamine:<\/strong> avamaale mai l\u00f5pus, kui \u00f6\u00f6k\u00fclmaoht on m\u00f6\u00f6das; kasvuhoonesse v\u00f5ib istutada varem<\/p>\n<\/li>\n<\/ul>\n<p data-start=\"1233\" data-end=\"1357\"><strong data-start=\"1236\" data-end=\"1249\">Kastmine:<\/strong> m\u00f5\u00f5dukalt \u2013 eukal\u00fcpt ei talu l\u00e4bivettimist<br data-start=\"1292\" data-end=\"1295\" \/><strong data-start=\"1298\" data-end=\"1312\">V\u00e4etamine:<\/strong> alates juunist iga 2\u20133 n\u00e4dala j\u00e4rel \u00f5rnalt<\/p>\n<p data-start=\"1364\" data-end=\"1476\"><strong data-start=\"1367\" data-end=\"1379\">N\u00f5uanne:<\/strong> regulaarselt k\u00e4rpides saad tihedama p\u00f5\u00f5sakuju ja rohkem sirgeid, tugevate lehtedega l\u00f5ikeoksi.<\/p>","protected":false},"excerpt":{"rendered":"<p><em>Eucalyptus pulverulenta<\/em><\/p>\n<p>Taime k\u00f5rgus: 60-200 cm<\/p>\n<p>Idanemine: 12-28 p\u00e4eva, 18-22C juures<\/p>\n<p>Vaasiiga: 14+ p\u00e4eva<\/p>","protected":false},"featured_media":3824,"template":"","meta":{"om_disable_all_campaigns":false,"_monsterinsights_skip_tracking":false,"_monsterinsights_sitenote_active":false,"_monsterinsights_sitenote_note":"","_monsterinsights_sitenote_category":0},"product_brand":[],"product_cat":[131,139],"product_tag":[178],"class_list":{"0":"post-3818","1":"product","2":"type-product","3":"status-publish","4":"has-post-thumbnail","6":"product_cat-eukaluptid","7":"product_cat-rohelus-taitelilled","8":"product_tag-eucalyptus-pulverulenta","10":"first","11":"outofstock","12":"sale","13":"shipping-taxable","14":"purchasable","15":"product-type-variable"},"aioseo_notices":[],"jetpack_sharing_enabled":true,"_links":{"self":[{"href":"https:\/\/sooditalulilled.ee\/en\/wp-json\/wp\/v2\/product\/3818","targetHints":{"allow":["GET"]}}],"collection":[{"href":"https:\/\/sooditalulilled.ee\/en\/wp-json\/wp\/v2\/product"}],"about":[{"href":"https:\/\/sooditalulilled.ee\/en\/wp-json\/wp\/v2\/types\/product"}],"wp:featuredmedia":[{"embeddable":true,"href":"https:\/\/sooditalulilled.ee\/en\/wp-json\/wp\/v2\/media\/3824"}],"wp:attachment":[{"href":"https:\/\/sooditalulilled.ee\/en\/wp-json\/wp\/v2\/media?parent=3818"}],"wp:term":[{"taxonomy":"product_brand","embeddable":true,"href":"https:\/\/sooditalulilled.ee\/en\/wp-json\/wp\/v2\/product_brand?post=3818"},{"taxonomy":"product_cat","embeddable":true,"href":"https:\/\/sooditalulilled.ee\/en\/wp-json\/wp\/v2\/product_cat?post=3818"},{"taxonomy":"product_tag","embeddable":true,"href":"https:\/\/sooditalulilled.ee\/en\/wp-json\/wp\/v2\/product_tag?post=3818"}],"curies":[{"name":"wp","href":"https:\/\/api.w.org\/{rel}","templated":true}]}}