{"id":3827,"date":"2025-10-22T18:20:47","date_gmt":"2025-10-22T18:20:47","guid":{"rendered":"https:\/\/sooditalulilled.ee\/?post_type=product&#038;p=3827"},"modified":"2026-02-20T13:34:39","modified_gmt":"2026-02-20T13:34:39","slug":"eukalupt-silver-dollar","status":"publish","type":"product","link":"https:\/\/sooditalulilled.ee\/en\/product\/eukalupt-silver-dollar\/","title":{"rendered":"Eukal\u00fcpt &#8216;Silver Dollar&#8217; (20 seemet)"},"content":{"rendered":"<p data-start=\"215\" data-end=\"516\">Elegantselt h\u00f5behall eukal\u00fcpt, tuntud oma \u00fcmarate, suurte ja pehme l\u00e4ikega lehtede poolest. \u2018Silver Dollar\u2019 on floristide ja aroomis\u00f5prade lemmik \u2013 tema v\u00e4rske aroom ja dekoratiivne v\u00e4limus teevad ta ideaalseks <strong>l\u00f5ikelilleks, kuivkimpudesse<\/strong> ja <strong>kodul\u00f5hnastajatesse<\/strong>.<\/p>\n<p data-start=\"518\" data-end=\"700\">Kasvab kiiresti ning sobib h\u00e4sti <strong>potis, kasvuhoones<\/strong> v\u00f5i <strong>suvel \u00f5ues<\/strong> kasvatamiseks. \u00d5ige hoolduse korral areneb tugev ja hargnev taim, mille oksi saab l\u00f5igata kogu hooaja v\u00e4ltel.<\/p>\n<p data-start=\"518\" data-end=\"700\">Loe lisa ka <a href=\"https:\/\/sooditalulilled.ee\/en\/millist-eukalupti-valida-kasvatamiseks\/\"><strong>SIIT<\/strong><\/a>, millist eukal\u00fcpti valida kasvatamiseks.<\/p>\n<p data-start=\"518\" data-end=\"700\"><span style=\"text-decoration: underline;\"><strong data-start=\"911\" data-end=\"927\">K\u00dcLVI- JA KASVATUSJUHISED:<\/strong><\/span><\/p>\n<ul data-start=\"928\" data-end=\"1344\">\n<li data-start=\"928\" data-end=\"960\">\n<p data-start=\"930\" data-end=\"960\"><strong data-start=\"930\" data-end=\"943\">K\u00fclviaeg:<\/strong> veebruar\u2013m\u00e4rts (v\u00f5ib alustada ka detsembris v\u00f5i jaanuaris lisavalgustusega)<\/p>\n<\/li>\n<li data-start=\"961\" data-end=\"1059\">\n<p data-start=\"963\" data-end=\"1059\"><strong data-start=\"963\" data-end=\"972\">K\u00fclv:<\/strong> puista seemned niiskele k\u00fclvimullale, <strong data-start=\"1011\" data-end=\"1041\">\u00e4ra kata paksu mullakihiga. <\/strong>V\u00f5id katta \u00f5rna kihi vermikuliidiga.<\/p>\n<\/li>\n<li data-start=\"1060\" data-end=\"1091\">\n<p data-start=\"1062\" data-end=\"1091\"><strong data-start=\"1062\" data-end=\"1078\">Temperatuur:<\/strong> +18\u2026+22 \u00b0C<\/p>\n<\/li>\n<li data-start=\"1092\" data-end=\"1124\">\n<p data-start=\"1094\" data-end=\"1124\"><strong data-start=\"1094\" data-end=\"1110\">Idanemisaeg:<\/strong> 2\u20134 n\u00e4dalat<\/p>\n<\/li>\n<li data-start=\"1125\" data-end=\"1205\">\n<p data-start=\"1127\" data-end=\"1205\"><strong data-start=\"1127\" data-end=\"1148\">P\u00e4rast t\u00e4rkamist:<\/strong> hoia noored taimed valges ja jahedamas ruumis (+15 &#8211; +20 \u00b0C)<\/p>\n<\/li>\n<li data-start=\"1206\" data-end=\"1253\">\n<p data-start=\"1208\" data-end=\"1253\"><strong data-start=\"1208\" data-end=\"1220\">Pikeeri:<\/strong> kui taimedel on 2\u20133 p\u00e4rislehte<\/p>\n<\/li>\n<li data-start=\"1254\" data-end=\"1344\">\n<p data-start=\"1256\" data-end=\"1344\"><strong data-start=\"1256\" data-end=\"1271\">Istutamine:<\/strong> avamaale mai l\u00f5pus, kui \u00f6\u00f6k\u00fclmaoht on m\u00f6\u00f6das; kasvuhoonesse v\u00f5ib istutada varem<\/p>\n<\/li>\n<\/ul>\n<p data-start=\"1346\" data-end=\"1515\"><strong data-start=\"1349\" data-end=\"1362\">Kastmine:<\/strong> m\u00f5\u00f5dukalt \u2013 lase mulla pealmisel kihil enne uut kastmist veidi kuivada<br data-start=\"1433\" data-end=\"1436\" \/><strong data-start=\"1439\" data-end=\"1453\">V\u00e4etamine:<\/strong> kasvuperioodil kord 2\u20133 n\u00e4dala tagant n\u00f5rga v\u00e4etiselahusega.<\/p>","protected":false},"excerpt":{"rendered":"<p><em>Eucalyptus cinerea<\/em><\/p>\n<p>Taime k\u00f5rgus: 80-250 cm<\/p>\n<p>Idanemine: 12-28 p\u00e4eva, 18-22C juures<\/p>\n<p>Vaasiiga: 14+ p\u00e4eva<\/p>","protected":false},"featured_media":3831,"template":"","meta":{"om_disable_all_campaigns":false,"_monsterinsights_skip_tracking":false,"_monsterinsights_sitenote_active":false,"_monsterinsights_sitenote_note":"","_monsterinsights_sitenote_category":0},"product_brand":[],"product_cat":[131,139],"product_tag":[],"class_list":{"0":"post-3827","1":"product","2":"type-product","3":"status-publish","4":"has-post-thumbnail","6":"product_cat-eukaluptid","7":"product_cat-rohelus-taitelilled","9":"first","10":"outofstock","11":"sale","12":"shipping-taxable","13":"purchasable","14":"product-type-simple"},"aioseo_notices":[],"jetpack_sharing_enabled":true,"_links":{"self":[{"href":"https:\/\/sooditalulilled.ee\/en\/wp-json\/wp\/v2\/product\/3827","targetHints":{"allow":["GET"]}}],"collection":[{"href":"https:\/\/sooditalulilled.ee\/en\/wp-json\/wp\/v2\/product"}],"about":[{"href":"https:\/\/sooditalulilled.ee\/en\/wp-json\/wp\/v2\/types\/product"}],"wp:featuredmedia":[{"embeddable":true,"href":"https:\/\/sooditalulilled.ee\/en\/wp-json\/wp\/v2\/media\/3831"}],"wp:attachment":[{"href":"https:\/\/sooditalulilled.ee\/en\/wp-json\/wp\/v2\/media?parent=3827"}],"wp:term":[{"taxonomy":"product_brand","embeddable":true,"href":"https:\/\/sooditalulilled.ee\/en\/wp-json\/wp\/v2\/product_brand?post=3827"},{"taxonomy":"product_cat","embeddable":true,"href":"https:\/\/sooditalulilled.ee\/en\/wp-json\/wp\/v2\/product_cat?post=3827"},{"taxonomy":"product_tag","embeddable":true,"href":"https:\/\/sooditalulilled.ee\/en\/wp-json\/wp\/v2\/product_tag?post=3827"}],"curies":[{"name":"wp","href":"https:\/\/api.w.org\/{rel}","templated":true}]}}