{"id":3967,"date":"2025-10-23T12:07:06","date_gmt":"2025-10-23T12:07:06","guid":{"rendered":"https:\/\/sooditalulilled.ee\/?post_type=product&#038;p=3967"},"modified":"2026-03-14T11:40:21","modified_gmt":"2026-03-14T11:40:21","slug":"eukalupt-small-leaved-gum","status":"publish","type":"product","link":"https:\/\/sooditalulilled.ee\/en\/product\/eukalupt-small-leaved-gum\/","title":{"rendered":"Eukal\u00fcpt &#8216;Small-Leaved Gum&#8217;"},"content":{"rendered":"<p data-start=\"185\" data-end=\"243\"><strong data-start=\"192\" data-end=\"241\">Eukal\u00fcpt <em data-start=\"203\" data-end=\"212\">parvula<\/em> \u2018Small-leaved gum\u2019<\/strong><\/p>\n<p data-start=\"245\" data-end=\"488\">Elegantselt peenikeste lehtedega ja \u00f5rnalt aromaatne <strong data-start=\"298\" data-end=\"342\">eukal\u00fcptiliik, mis on veidi k\u00fclmakindlam<\/strong> kui teised levinud sordid. \u2018Small-leaved gum\u2019 on hinnatud oma <strong data-start=\"405\" data-end=\"439\">\u00f5rnade, sinakashallide lehtede<\/strong> ja <strong data-start=\"443\" data-end=\"479\">v\u00e4rske, kergelt sidrunise aroomi<\/strong> t\u00f5ttu.<\/p>\n<p data-start=\"490\" data-end=\"725\">Taim kasvab kiiresti, moodustades peenema v\u00f5raga ja h\u00e4sti haruneva p\u00f5\u00f5sa, mille oksi kasutatakse sageli <strong data-start=\"594\" data-end=\"645\">l\u00f5ikelillena, kuivkimpudes ja kodul\u00f5hnastajates<\/strong>. Sobib kasvatamiseks potis, kasvuhoones v\u00f5i suvel ka \u00f5ues p\u00e4ikeselisel kohal.<\/p>\n<p data-start=\"727\" data-end=\"915\"><strong data-start=\"729\" data-end=\"739\">Sobib:<\/strong> l\u00f5ikeoksadeks, kuivkimpudesse ja aroomisegudesse<br data-start=\"788\" data-end=\"791\" \/><strong data-start=\"794\" data-end=\"806\">Asukoht:<\/strong> p\u00e4ikeseline v\u00f5i poolvari<br data-start=\"831\" data-end=\"834\" \/><strong data-start=\"837\" data-end=\"853\">Kasvuk\u00f5rgus:<\/strong> 80\u2013180 cm potis, kuni 3 m kasvuhoones v\u00f5i jahedas talveaias<\/p>\n<p data-start=\"727\" data-end=\"915\">Loe lisa ka <a href=\"https:\/\/sooditalulilled.ee\/en\/millist-eukalupti-valida-kasvatamiseks\/\"><strong>SIIT<\/strong><\/a>, millist eukal\u00fcpti valida kasvatamiseks.<\/p>\n<p data-start=\"922\" data-end=\"945\"><span style=\"text-decoration: underline;\"><strong data-start=\"929\" data-end=\"945\">K\u00dcLVI- JA KASVATUSJUHISED<\/strong><\/span><\/p>\n<ul data-start=\"946\" data-end=\"1349\">\n<li data-start=\"946\" data-end=\"978\">\n<p data-start=\"948\" data-end=\"978\"><strong data-start=\"948\" data-end=\"961\">K\u00fclviaeg:<\/strong> veebruar\u2013m\u00e4rts (v\u00f5ib alustada ka detsembris v\u00f5i jaanuaris lisavalgustusega)<\/p>\n<\/li>\n<li data-start=\"979\" data-end=\"1072\">\n<p data-start=\"981\" data-end=\"1072\"><strong data-start=\"981\" data-end=\"990\">K\u00fclv:<\/strong> puista seemned niiskele k\u00fclvimullale, <strong data-start=\"881\" data-end=\"911\">\u00e4ra kata paksu mullakihiga.\u00a0<\/strong>V\u00f5id katta \u00f5rna kihi vermikuliidiga.<\/p>\n<\/li>\n<li data-start=\"1073\" data-end=\"1104\">\n<p data-start=\"1075\" data-end=\"1104\"><strong data-start=\"1075\" data-end=\"1091\">Temperatuur:<\/strong> +18\u2026+22 \u00b0C<\/p>\n<\/li>\n<li data-start=\"1105\" data-end=\"1137\">\n<p data-start=\"1107\" data-end=\"1137\"><strong data-start=\"1107\" data-end=\"1123\">Idanemisaeg:<\/strong> 2\u20134 n\u00e4dalat<\/p>\n<\/li>\n<li data-start=\"1138\" data-end=\"1220\">\n<p data-start=\"1140\" data-end=\"1220\"><strong data-start=\"1140\" data-end=\"1161\">P\u00e4rast t\u00e4rkamist:<\/strong> hoia v\u00f5imalikult valges ja jahedamas ruumis (+12\u2026+16 \u00b0C)<\/p>\n<\/li>\n<li data-start=\"1221\" data-end=\"1268\">\n<p data-start=\"1223\" data-end=\"1268\"><strong data-start=\"1223\" data-end=\"1235\">Pikeeri:<\/strong> kui taimedel on 2\u20133 p\u00e4rislehte<\/p>\n<\/li>\n<li data-start=\"1269\" data-end=\"1349\">\n<p data-start=\"1271\" data-end=\"1349\"><strong data-start=\"1271\" data-end=\"1286\">Istutamine:<\/strong> avamaale mai l\u00f5pus, kui \u00f6\u00f6k\u00fclmaoht on m\u00f6\u00f6das; kasvuhoonesse v\u00f5ib istutada varem<\/p>\n<\/li>\n<\/ul>\n<p data-start=\"1351\" data-end=\"1495\"><strong data-start=\"1354\" data-end=\"1367\">Kastmine:<\/strong> hoia muld kergelt niiske, kuid v\u00e4ldi l\u00e4bivettimist<br data-start=\"1418\" data-end=\"1421\" \/><strong data-start=\"1424\" data-end=\"1438\">V\u00e4etamine:<\/strong> kasvuperioodil 2\u20133 n\u00e4dala tagant n\u00f5rga v\u00e4etiselahusega<\/p>\n<hr data-start=\"1497\" data-end=\"1500\" \/>\n<p data-start=\"1502\" data-end=\"1732\"><strong data-start=\"1505\" data-end=\"1517\">N\u00f5uanne:<\/strong> <em data-start=\"1518\" data-end=\"1538\">Eucalyptus parvula<\/em> on \u00fcks v\u00e4heseid liike, mis talub <strong data-start=\"1572\" data-end=\"1597\">jahedamat talvitumist<\/strong> \u2013 teda v\u00f5ib hoida valges ruumis temperatuuril +2\u2026+8 \u00b0C. Regulaarne v\u00f5rsete k\u00e4rpimine soodustab lopsakat kasvu ja tugevaid l\u00f5ikeoksi.<\/p>","protected":false},"excerpt":{"rendered":"<p><em>Eucalyptus parvula<\/em><\/p>\n<p>Taime k\u00f5rgus: 80-300 cm<\/p>\n<p>Idanemine: 12-28 p\u00e4eva, 18-22C juures<\/p>\n<p>Vaasiiga: 14+ p\u00e4eva<\/p>","protected":false},"featured_media":3971,"template":"","meta":{"om_disable_all_campaigns":false,"_monsterinsights_skip_tracking":false,"_monsterinsights_sitenote_active":false,"_monsterinsights_sitenote_note":"","_monsterinsights_sitenote_category":0},"product_brand":[],"product_cat":[131,139],"product_tag":[],"class_list":{"0":"post-3967","1":"product","2":"type-product","3":"status-publish","4":"has-post-thumbnail","6":"product_cat-eukaluptid","7":"product_cat-rohelus-taitelilled","9":"first","10":"outofstock","11":"sale","12":"shipping-taxable","13":"purchasable","14":"product-type-variable"},"aioseo_notices":[],"jetpack_sharing_enabled":true,"_links":{"self":[{"href":"https:\/\/sooditalulilled.ee\/en\/wp-json\/wp\/v2\/product\/3967","targetHints":{"allow":["GET"]}}],"collection":[{"href":"https:\/\/sooditalulilled.ee\/en\/wp-json\/wp\/v2\/product"}],"about":[{"href":"https:\/\/sooditalulilled.ee\/en\/wp-json\/wp\/v2\/types\/product"}],"wp:featuredmedia":[{"embeddable":true,"href":"https:\/\/sooditalulilled.ee\/en\/wp-json\/wp\/v2\/media\/3971"}],"wp:attachment":[{"href":"https:\/\/sooditalulilled.ee\/en\/wp-json\/wp\/v2\/media?parent=3967"}],"wp:term":[{"taxonomy":"product_brand","embeddable":true,"href":"https:\/\/sooditalulilled.ee\/en\/wp-json\/wp\/v2\/product_brand?post=3967"},{"taxonomy":"product_cat","embeddable":true,"href":"https:\/\/sooditalulilled.ee\/en\/wp-json\/wp\/v2\/product_cat?post=3967"},{"taxonomy":"product_tag","embeddable":true,"href":"https:\/\/sooditalulilled.ee\/en\/wp-json\/wp\/v2\/product_tag?post=3967"}],"curies":[{"name":"wp","href":"https:\/\/api.w.org\/{rel}","templated":true}]}}