{"id":4040,"date":"2025-11-01T17:16:42","date_gmt":"2025-11-01T17:16:42","guid":{"rendered":"https:\/\/sooditalulilled.ee\/?post_type=product&#038;p=4040"},"modified":"2026-03-27T14:21:10","modified_gmt":"2026-03-27T14:21:10","slug":"hurmeline-tahtpea-oxford-blue","status":"publish","type":"product","link":"https:\/\/sooditalulilled.ee\/en\/product\/hurmeline-tahtpea-oxford-blue\/","title":{"rendered":"Hurmeline t\u00e4htpea &#8216;Oxford Blue&#8217;"},"content":{"rendered":"<p data-start=\"142\" data-end=\"454\"><strong data-start=\"142\" data-end=\"201\">Hurmeline t\u00e4htpea \u2018Oxford Blue\u2019 <em>(Scabiosa atropurpurea)<\/em><\/strong> on elegantne suvelill, mille sametised s\u00fcgavsinised \u00f5ied loovad aeda rahuliku ja aristokraatliku meeleolu. Tema \u00fcmarad, siidiselt tekstuursed \u00f5ied meenutavad v\u00e4ikseid tantsivaid pallikesi, mis helgivad p\u00e4ikese k\u00e4es justkui safiirid rohelisel taustal.<\/p>\n<p data-start=\"456\" data-end=\"784\">\u2018Oxford Blue\u2019 on hinnatud oma rikkaliku ja pika \u00f5itsemisperioodi poolest \u2013 ta kaunistab peenraid suvest kuni s\u00fcgiseni ning meelitab ligi mesilasi ja liblikaid. Tugevate varte ja peene v\u00e4limuse t\u00f5ttu sobib ta suurep\u00e4raselt nii l\u00f5ikelilleks kui ka kuivlillekimpudesse. Iga \u00f5is lisab aeda killukese s\u00fcgavust ja suvist harmooniat.<\/p>\n<p>&nbsp;<\/p>\n<p><span style=\"text-decoration: underline;\">KASVATAMISE N\u00d5UANDED:<\/span><\/p>\n<p>Ettekasvatus: k\u00fclva seemned 4-8 n\u00e4dalat enne \u00f5ue istutamist. Istuta taimed \u00f5ue, kui \u00f6\u00f6k\u00fclmaoht on m\u00f6\u00f6dnud.<\/p>\n<p>Otsek\u00fclv: v\u00f5imalik on k\u00fclvata seemned ka otse peenrasse kevadel.<\/p>\n<p>K\u00f5ige pikema vaasiea saamiseks l\u00f5ika \u00f5ied vaasi v\u00f5i kimpu panekuks, kui \u00f5ied alles hakkavad avanema.<\/p>","protected":false},"excerpt":{"rendered":"<p class=\"product-subtitle text-center\"><em>Scabiosa atropurpurea<\/em><\/p>\n<p>Taime k\u00f5rgus: 60-90 cm<\/p>\n<p>Idanemine: 7-10 p\u00e4eva, 15-20C juures<\/p>\n<p>K\u00fclvist \u00f5itsemiseni: 75-100 p\u00e4eva<\/p>\n<p>Vaasiiga: 7-10 p\u00e4eva<\/p>","protected":false},"featured_media":4043,"template":"","meta":{"om_disable_all_campaigns":false,"_monsterinsights_skip_tracking":false,"_monsterinsights_sitenote_active":false,"_monsterinsights_sitenote_note":"","_monsterinsights_sitenote_category":0},"product_brand":[],"product_cat":[18,180],"product_tag":[],"class_list":{"0":"post-4040","1":"product","2":"type-product","3":"status-publish","4":"has-post-thumbnail","6":"product_cat-muud-seemned","7":"product_cat-tahtpead","9":"first","10":"instock","11":"shipping-taxable","12":"purchasable","13":"product-type-variable"},"aioseo_notices":[],"jetpack_sharing_enabled":true,"_links":{"self":[{"href":"https:\/\/sooditalulilled.ee\/en\/wp-json\/wp\/v2\/product\/4040","targetHints":{"allow":["GET"]}}],"collection":[{"href":"https:\/\/sooditalulilled.ee\/en\/wp-json\/wp\/v2\/product"}],"about":[{"href":"https:\/\/sooditalulilled.ee\/en\/wp-json\/wp\/v2\/types\/product"}],"wp:featuredmedia":[{"embeddable":true,"href":"https:\/\/sooditalulilled.ee\/en\/wp-json\/wp\/v2\/media\/4043"}],"wp:attachment":[{"href":"https:\/\/sooditalulilled.ee\/en\/wp-json\/wp\/v2\/media?parent=4040"}],"wp:term":[{"taxonomy":"product_brand","embeddable":true,"href":"https:\/\/sooditalulilled.ee\/en\/wp-json\/wp\/v2\/product_brand?post=4040"},{"taxonomy":"product_cat","embeddable":true,"href":"https:\/\/sooditalulilled.ee\/en\/wp-json\/wp\/v2\/product_cat?post=4040"},{"taxonomy":"product_tag","embeddable":true,"href":"https:\/\/sooditalulilled.ee\/en\/wp-json\/wp\/v2\/product_tag?post=4040"}],"curies":[{"name":"wp","href":"https:\/\/api.w.org\/{rel}","templated":true}]}}