{"id":4047,"date":"2025-11-01T17:27:55","date_gmt":"2025-11-01T17:27:55","guid":{"rendered":"https:\/\/sooditalulilled.ee\/?post_type=product&#038;p=4047"},"modified":"2026-02-24T16:57:27","modified_gmt":"2026-02-24T16:57:27","slug":"olelill-king-size-orange","status":"publish","type":"product","link":"https:\/\/sooditalulilled.ee\/en\/product\/olelill-king-size-orange\/","title":{"rendered":"\u00d5lelill &#8216;King Size Orange&#8217;"},"content":{"rendered":"<p data-start=\"113\" data-end=\"408\"><strong data-start=\"113\" data-end=\"168\">\u00d5lelill \u2018King Size Orange\u2019 <em>(Helichrysum bracteatum)<\/em><\/strong> on t\u00f5eline p\u00e4ikeseenergia kehastus \u2013 s\u00e4rav, sooja oran\u017ei tooniga lill, mis toob aeda eluj\u00f5udu ja r\u00f5\u00f5mu. Tema suured, siidiselt l\u00e4ikivad kroonlehed helgivad kuldse ja vaskse varjundiga, muutes iga peenra justkui suviseks p\u00e4ikesepuhanguks.<\/p>\n<p data-start=\"410\" data-end=\"777\">\u2018King Size Orange\u2019 on tugevakasvuline ja rikkalikult \u00f5itsev sort, mille vastupidavad \u00f5ied sobivad suurep\u00e4raselt nii l\u00f5ikelilleks kui ka kuivlillekimpudesse. Ta p\u00fcsib kaunina kogu suve ja s\u00e4ilitab oma v\u00e4rvi ka p\u00e4rast kuivatamist. Ideaalne valik neile, kes soovivad tuua oma aeda soojust, s\u00e4rtsu ja p\u00e4ikesevalguse puudutust \u2013 nii peenrale kui interj\u00f6\u00f6ri kaunistuseks.<\/p>\n<p>&nbsp;<\/p>\n<p><span style=\"text-decoration: underline;\">KASVATAMISE N\u00d5UANDED:<\/span><\/p>\n<p>Ettekasvatus: k\u00fclva seemned 4-6 n\u00e4dalat enne \u00f5ue istutamist. Taimed istuta \u00f5ue, kui \u00f6\u00f6k\u00fclma oht on m\u00f6\u00f6das.<\/p>\n<p>\u00c4ra kata k\u00fclvi mullaga \u2013 seemned vajavad idanemiseks valgust. V\u00f5imalusel kata k\u00fclv \u00f5rna vermikuliidikihiga. Kui taimed on idanenud, kasvata soovituslikult veidi jahedamas ruumis.<\/p>\n<p>Parim aeg l\u00f5ikamiseks on, kui pool \u00f5iest on avanenud ja enne tolmeldamist.<\/p>","protected":false},"excerpt":{"rendered":"<p><em>Helichrysum bracteatum<\/em><\/p>\n<p>Taime k\u00f5rgus: 90-120 cm<\/p>\n<p>Idanemine: 7-10 p\u00e4eva, 21-24C juures<\/p>\n<p>K\u00fclvist \u00f5itsemiseni: 80-90 p\u00e4eva<\/p>\n<p>Vaasiiga: 7+ p\u00e4eva<\/p>","protected":false},"featured_media":4051,"template":"","meta":{"om_disable_all_campaigns":false,"_monsterinsights_skip_tracking":false,"_monsterinsights_sitenote_active":false,"_monsterinsights_sitenote_note":"","_monsterinsights_sitenote_category":0},"product_brand":[],"product_cat":[107,104],"product_tag":[],"class_list":{"0":"post-4047","1":"product","2":"type-product","3":"status-publish","4":"has-post-thumbnail","6":"product_cat-kuivkimbulilled","7":"product_cat-olelilled","9":"first","10":"instock","11":"shipping-taxable","12":"purchasable","13":"product-type-variable"},"aioseo_notices":[],"jetpack_sharing_enabled":true,"_links":{"self":[{"href":"https:\/\/sooditalulilled.ee\/en\/wp-json\/wp\/v2\/product\/4047","targetHints":{"allow":["GET"]}}],"collection":[{"href":"https:\/\/sooditalulilled.ee\/en\/wp-json\/wp\/v2\/product"}],"about":[{"href":"https:\/\/sooditalulilled.ee\/en\/wp-json\/wp\/v2\/types\/product"}],"wp:featuredmedia":[{"embeddable":true,"href":"https:\/\/sooditalulilled.ee\/en\/wp-json\/wp\/v2\/media\/4051"}],"wp:attachment":[{"href":"https:\/\/sooditalulilled.ee\/en\/wp-json\/wp\/v2\/media?parent=4047"}],"wp:term":[{"taxonomy":"product_brand","embeddable":true,"href":"https:\/\/sooditalulilled.ee\/en\/wp-json\/wp\/v2\/product_brand?post=4047"},{"taxonomy":"product_cat","embeddable":true,"href":"https:\/\/sooditalulilled.ee\/en\/wp-json\/wp\/v2\/product_cat?post=4047"},{"taxonomy":"product_tag","embeddable":true,"href":"https:\/\/sooditalulilled.ee\/en\/wp-json\/wp\/v2\/product_tag?post=4047"}],"curies":[{"name":"wp","href":"https:\/\/api.w.org\/{rel}","templated":true}]}}