{"id":4052,"date":"2025-11-01T17:30:21","date_gmt":"2025-11-01T17:30:21","guid":{"rendered":"https:\/\/sooditalulilled.ee\/?post_type=product&#038;p=4052"},"modified":"2026-04-01T07:34:49","modified_gmt":"2026-04-01T07:34:49","slug":"olelill-king-size-salmon","status":"publish","type":"product","link":"https:\/\/sooditalulilled.ee\/en\/product\/olelill-king-size-salmon\/","title":{"rendered":"\u00d5lelill &#8216;King Size Salmon&#8217;"},"content":{"rendered":"<p data-start=\"173\" data-end=\"515\"><strong data-start=\"173\" data-end=\"228\">\u00d5lelill \u2018King Size Salmon\u2019 <em>(Helichrysum bracteatum)<\/em><\/strong> on pehme ja romantiline suvelill, mille \u00f5ied kumavad sooja l\u00f5heroosat tooni. Tema siidiselt l\u00e4ikivad kroonlehed helgivad p\u00e4ikese k\u00e4es \u00f5rnalt virsikuroosana, luues aeda maheda ja rahuliku meeleolu. Iga taim on justkui v\u00e4ike suvine p\u00e4ikesekiir, mis lisab peenrale soojust ja harmooniat.<\/p>\n<p data-start=\"517\" data-end=\"847\">\u2018King Size Salmon\u2019 on suure\u00f5ieline ja tugevakasvuline sort, mille p\u00fcsivad \u00f5ied sobivad suurep\u00e4raselt nii l\u00f5ikelilleks kui ka kuivlillekimpudesse. \u00d5itseb rikkalikult kogu suve ja s\u00e4ilitab oma v\u00e4rvi imeh\u00e4sti ka p\u00e4rast kuivatamist. T\u00e4iuslik valik neile, kes armastavad looduse pehmeid, unistavaid toone ja ajatult kaunist v\u00e4limust.<\/p>\n<p>&nbsp;<\/p>\n<p><span style=\"text-decoration: underline;\">KASVATAMISE N\u00d5UANDED:<\/span><\/p>\n<p>Ettekasvatus: k\u00fclva seemned 4-6 n\u00e4dalat enne \u00f5ue istutamist. Taimed istuta \u00f5ue, kui \u00f6\u00f6k\u00fclma oht on m\u00f6\u00f6das.<\/p>\n<p>\u00c4ra kata k\u00fclvi mullaga \u2013 seemned vajavad idanemiseks valgust. V\u00f5imalusel kata k\u00fclv \u00f5rna vermikuliidikihiga. Kui taimed on idanenud, kasvata soovituslikult veidi jahedamas ruumis.<\/p>\n<p>Parim aeg l\u00f5ikamiseks on, kui pool \u00f5iest on avanenud ja enne tolmeldamist.<\/p>","protected":false},"excerpt":{"rendered":"<p><em>Helichrysum bracteatum<\/em><\/p>\n<p>Taime k\u00f5rgus: 90-120 cm<\/p>\n<p>Idanemine: 7-10 p\u00e4eva, 21-24C juures<\/p>\n<p>K\u00fclvist \u00f5itsemiseni: 80-90 p\u00e4eva<\/p>\n<p>Vaasiiga: 7+ p\u00e4eva<\/p>","protected":false},"featured_media":4056,"template":"","meta":{"om_disable_all_campaigns":false,"_monsterinsights_skip_tracking":false,"_monsterinsights_sitenote_active":false,"_monsterinsights_sitenote_note":"","_monsterinsights_sitenote_category":0},"product_brand":[],"product_cat":[107,104],"product_tag":[],"class_list":{"0":"post-4052","1":"product","2":"type-product","3":"status-publish","4":"has-post-thumbnail","6":"product_cat-kuivkimbulilled","7":"product_cat-olelilled","9":"first","10":"instock","11":"shipping-taxable","12":"purchasable","13":"product-type-variable"},"aioseo_notices":[],"jetpack_sharing_enabled":true,"_links":{"self":[{"href":"https:\/\/sooditalulilled.ee\/en\/wp-json\/wp\/v2\/product\/4052","targetHints":{"allow":["GET"]}}],"collection":[{"href":"https:\/\/sooditalulilled.ee\/en\/wp-json\/wp\/v2\/product"}],"about":[{"href":"https:\/\/sooditalulilled.ee\/en\/wp-json\/wp\/v2\/types\/product"}],"wp:featuredmedia":[{"embeddable":true,"href":"https:\/\/sooditalulilled.ee\/en\/wp-json\/wp\/v2\/media\/4056"}],"wp:attachment":[{"href":"https:\/\/sooditalulilled.ee\/en\/wp-json\/wp\/v2\/media?parent=4052"}],"wp:term":[{"taxonomy":"product_brand","embeddable":true,"href":"https:\/\/sooditalulilled.ee\/en\/wp-json\/wp\/v2\/product_brand?post=4052"},{"taxonomy":"product_cat","embeddable":true,"href":"https:\/\/sooditalulilled.ee\/en\/wp-json\/wp\/v2\/product_cat?post=4052"},{"taxonomy":"product_tag","embeddable":true,"href":"https:\/\/sooditalulilled.ee\/en\/wp-json\/wp\/v2\/product_tag?post=4052"}],"curies":[{"name":"wp","href":"https:\/\/api.w.org\/{rel}","templated":true}]}}