{"id":4064,"date":"2025-11-01T17:53:17","date_gmt":"2025-11-01T17:53:17","guid":{"rendered":"https:\/\/sooditalulilled.ee\/?post_type=product&#038;p=4064"},"modified":"2026-03-25T12:37:33","modified_gmt":"2026-03-25T12:37:33","slug":"suur-mesilill-kiwi-blue","status":"publish","type":"product","link":"https:\/\/sooditalulilled.ee\/en\/product\/suur-mesilill-kiwi-blue\/","title":{"rendered":"Suur mesilill &#8216;Kiwi Blue&#8217;"},"content":{"rendered":"<p data-start=\"158\" data-end=\"477\"><strong data-start=\"158\" data-end=\"219\">Suur mesilill \u2018Kiwi Blue\u2019 <em>(Cerinthe major \u2018Purpurascens\u2019)<\/em><\/strong> on elegantne ja ainulaadne suvelill, mis toob aeda s\u00fcgavsinise ja violetse v\u00e4rvim\u00e4ngu. Tema vahatavate lehtede hallikasroheline toon loob kauni tausta kaarjatele vartel rippuvatele torujatele \u00f5itele, mis s\u00e4ravad sinakaslillades ja purpursetes varjundites.<\/p>\n<p data-start=\"479\" data-end=\"712\">\u2018Kiwi Blue\u2019 on t\u00f5eline mesilaste ja liblikate lemmik \u2013 rikkalik nektar muudab ta aias \u00fcheks olulisemaks tolmeldajate s\u00f6\u00f6gilauaks. Taim on vastupidav, kuivust taluv ja sobib h\u00e4sti nii peenrasse, looduslikku aeda kui ka l\u00f5ikelilleks.<\/p>\n<p data-start=\"714\" data-end=\"885\">Tema eriline v\u00e4rv ja kuju toovad aeda Vahemere h\u00f5ngu ja loodusliku elegantsi, muutes iga peenra v\u00f5i lillekimbu kergelt metsikuks, kuid samas harmooniliselt kauniks.<\/p>\n<p><span style=\"text-decoration: underline;\">KASVATAMISE N\u00d5UANDED:<\/span><\/p>\n<p>Ettekasvatus: k\u00fclva seemned 4-6 n\u00e4dalat enne \u00f5ue istutamist. Istuta taimed \u00f5ue, kui \u00f6\u00f6k\u00fclmaoht on m\u00f6\u00f6dnud.<\/p>\n<p>Otsek\u00fclv: v\u00f5imalik on k\u00fclvata seemned ka otse peenrasse kevadel.<\/p>\n<p>L\u00f5ike lilled vaasi panekuks, kui \u00f5ied on avanema hakanud. Soovituslik l\u00f5igata \u00f5ied kas varahommikul v\u00f5i \u00f5htul, et v\u00e4ltida n\u00e4rbumist. P\u00e4rast l\u00f5ikamist pista varreotsad 7-10 sekundiks keevasse vette ja seej\u00e4rel aseta kohe k\u00fclma vette.<\/p>","protected":false},"excerpt":{"rendered":"<p class=\"product-subtitle text-center\"><em>Cerinthe major \u2018Purpurascens\u2019<\/em><\/p>\n<p>Taime k\u00f5rgus: 60-80 cm<\/p>\n<p>Idanemine: 7-21 p\u00e4eva, 20-22C juures<\/p>\n<p>K\u00fclvist \u00f5itsemiseni: 65-70 p\u00e4eva<\/p>\n<p>Vaasiiga: 7-10 p\u00e4eva<\/p>","protected":false},"featured_media":4065,"template":"","meta":{"om_disable_all_campaigns":false,"_monsterinsights_skip_tracking":false,"_monsterinsights_sitenote_active":false,"_monsterinsights_sitenote_note":"","_monsterinsights_sitenote_category":0},"product_brand":[],"product_cat":[18],"product_tag":[],"class_list":{"0":"post-4064","1":"product","2":"type-product","3":"status-publish","4":"has-post-thumbnail","6":"product_cat-muud-seemned","8":"first","9":"instock","10":"shipping-taxable","11":"purchasable","12":"product-type-variable"},"aioseo_notices":[],"jetpack_sharing_enabled":true,"_links":{"self":[{"href":"https:\/\/sooditalulilled.ee\/en\/wp-json\/wp\/v2\/product\/4064","targetHints":{"allow":["GET"]}}],"collection":[{"href":"https:\/\/sooditalulilled.ee\/en\/wp-json\/wp\/v2\/product"}],"about":[{"href":"https:\/\/sooditalulilled.ee\/en\/wp-json\/wp\/v2\/types\/product"}],"wp:featuredmedia":[{"embeddable":true,"href":"https:\/\/sooditalulilled.ee\/en\/wp-json\/wp\/v2\/media\/4065"}],"wp:attachment":[{"href":"https:\/\/sooditalulilled.ee\/en\/wp-json\/wp\/v2\/media?parent=4064"}],"wp:term":[{"taxonomy":"product_brand","embeddable":true,"href":"https:\/\/sooditalulilled.ee\/en\/wp-json\/wp\/v2\/product_brand?post=4064"},{"taxonomy":"product_cat","embeddable":true,"href":"https:\/\/sooditalulilled.ee\/en\/wp-json\/wp\/v2\/product_cat?post=4064"},{"taxonomy":"product_tag","embeddable":true,"href":"https:\/\/sooditalulilled.ee\/en\/wp-json\/wp\/v2\/product_tag?post=4064"}],"curies":[{"name":"wp","href":"https:\/\/api.w.org\/{rel}","templated":true}]}}