{"id":4076,"date":"2025-11-01T18:09:42","date_gmt":"2025-11-01T18:09:42","guid":{"rendered":"https:\/\/sooditalulilled.ee\/?post_type=product&#038;p=4076"},"modified":"2026-03-21T06:05:55","modified_gmt":"2026-03-21T06:05:55","slug":"loviloug-snapstar-white-grupp-1-2","status":"publish","type":"product","link":"https:\/\/sooditalulilled.ee\/en\/product\/loviloug-snapstar-white-grupp-1-2\/","title":{"rendered":"L\u00f5vil\u00f5ug &#8216;Snapstar White&#8217;, Grupp 1-2"},"content":{"rendered":"<p data-start=\"129\" data-end=\"420\"><strong data-start=\"129\" data-end=\"178\">L\u00f5vil\u00f5ug \u2018Snapstar White\u2019 <em>(Antirrhinum majus)<\/em><\/strong> on puhta ilu kehastus \u2013 s\u00e4ravvalged \u00f5ied avanevad siidiselt l\u00e4ikivatel vartel, tuues aeda valguse ja rahu tunde. Tema lopsakad, pikad \u00f5isikud loovad klassikalise, kuid ajatu mulje, sobides ideaalselt nii kaasaegsesse kui romantilisse aeda.<\/p>\n<p data-start=\"422\" data-end=\"660\">\u2018Snapstar White\u2019 \u00f5itseb rikkalikult kogu suve, pakkudes kauneid l\u00f5ikelilli ja meelitades ligi mesilasi ning liblikaid. Tugev ja vastupidav taim sobib suurep\u00e4raselt peenrasse, r\u00f5dukasti v\u00f5i kimpudesse, kus ta lisab helgust ja harmooniat.<\/p>\n<p data-start=\"662\" data-end=\"800\">Lihtne, elegantne ja v\u00e4\u00e4rikas \u2013 <strong data-start=\"694\" data-end=\"714\">\u2018Snapstar White\u2019<\/strong> on suvine pilgup\u00fc\u00fcdja, mis r\u00f5\u00f5mustab oma selge ilu ja laitmatu graatsilisusega.<\/p>\n<p>&nbsp;<\/p>\n<p><span style=\"text-decoration: underline;\">KASVATAMISE N\u00d5UANDED<em>:<\/em><\/span><\/p>\n<p>Ettekasvatamine: k\u00fclva seemned 6-8 n\u00e4dalat enne \u00f5ue istutamist. Taimed v\u00f5ib istutada \u00f5ue juba enne viimaste \u00f6\u00f6k\u00fclmade m\u00f6\u00f6dumist &#8211; taimed taluvad m\u00f5ningaid miinuskraade (ca -6C). NB! Kaitse noori taimi kevadise p\u00e4ikse eest varjutuskanga v\u00f5i kattelooriga!<\/p>\n<p>\u00c4ra kata k\u00fclvi mullaga &#8211; seemned vajavad idanemiseks valgust. V\u00f5imalusel kata k\u00fclv \u00f5rnalt vermikuliidiga, et s\u00e4ilitada seemnete idanemiseks vajalik niiskus.<\/p>\n<p>Pikima vaasiea saamiseks l\u00f5ika, kui l\u00f5vil\u00f5ua alumised paar \u00f5it on avanemas.<\/p>","protected":false},"excerpt":{"rendered":"<p class=\"lk7499ae_ProductDetail_productDetailLatinName\"><em>Antirrhinum majus<\/em><\/p>\n<p>Taime k\u00f5rgus:\u00a0 60-100 cm<\/p>\n<p>Idanemine:\u00a0 4-12 p\u00e4eva, 18-22C juures<\/p>\n<p>K\u00fclvist \u00f5itsemiseni: ~110-120 p\u00e4eva<\/p>\n<p>Vaasiiga: 7-10 p\u00e4eva<\/p>","protected":false},"featured_media":4080,"template":"","meta":{"om_disable_all_campaigns":false,"_monsterinsights_skip_tracking":false,"_monsterinsights_sitenote_active":false,"_monsterinsights_sitenote_note":"","_monsterinsights_sitenote_category":0},"product_brand":[],"product_cat":[36],"product_tag":[40,46,37,38,45],"class_list":{"0":"post-4076","1":"product","2":"type-product","3":"status-publish","4":"has-post-thumbnail","6":"product_cat-lovilouad","7":"product_tag-antirrhinum-majus","8":"product_tag-champagne","9":"product_tag-loviloug","10":"product_tag-snapdragon","11":"product_tag-snapstar","13":"first","14":"outofstock","15":"sale","16":"shipping-taxable","17":"purchasable","18":"product-type-variable"},"aioseo_notices":[],"jetpack_sharing_enabled":true,"_links":{"self":[{"href":"https:\/\/sooditalulilled.ee\/en\/wp-json\/wp\/v2\/product\/4076","targetHints":{"allow":["GET"]}}],"collection":[{"href":"https:\/\/sooditalulilled.ee\/en\/wp-json\/wp\/v2\/product"}],"about":[{"href":"https:\/\/sooditalulilled.ee\/en\/wp-json\/wp\/v2\/types\/product"}],"wp:featuredmedia":[{"embeddable":true,"href":"https:\/\/sooditalulilled.ee\/en\/wp-json\/wp\/v2\/media\/4080"}],"wp:attachment":[{"href":"https:\/\/sooditalulilled.ee\/en\/wp-json\/wp\/v2\/media?parent=4076"}],"wp:term":[{"taxonomy":"product_brand","embeddable":true,"href":"https:\/\/sooditalulilled.ee\/en\/wp-json\/wp\/v2\/product_brand?post=4076"},{"taxonomy":"product_cat","embeddable":true,"href":"https:\/\/sooditalulilled.ee\/en\/wp-json\/wp\/v2\/product_cat?post=4076"},{"taxonomy":"product_tag","embeddable":true,"href":"https:\/\/sooditalulilled.ee\/en\/wp-json\/wp\/v2\/product_tag?post=4076"}],"curies":[{"name":"wp","href":"https:\/\/api.w.org\/{rel}","templated":true}]}}