{"id":4085,"date":"2025-11-01T18:19:52","date_gmt":"2025-11-01T18:19:52","guid":{"rendered":"https:\/\/sooditalulilled.ee\/?post_type=product&#038;p=4085"},"modified":"2026-03-25T16:45:37","modified_gmt":"2026-03-25T16:45:37","slug":"loviloug-madame-butterfly-cherry-bronze-grupp-3-4","status":"publish","type":"product","link":"https:\/\/sooditalulilled.ee\/en\/product\/loviloug-madame-butterfly-cherry-bronze-grupp-3-4\/","title":{"rendered":"L\u00f5vil\u00f5ug &#8216;Madame Butterfly Cherry Bronze&#8217;, Grupp 3-4"},"content":{"rendered":"<p data-start=\"144\" data-end=\"436\"><strong data-start=\"144\" data-end=\"209\">L\u00f5vil\u00f5ug \u2018Madame Butterfly Cherry Bronze\u2019<em> (Antirrhinum majus)<\/em><\/strong> on s\u00fcgava, sametise v\u00e4rvitooniga topelt\u00f5ieline sort, mis toob aeda ja kimpudesse lummava luksuse. Tema rikkalikud kirsipunased \u00f5ied, milles aimub pronksist ja vaskjat kuma, avanevad t\u00e4idlastes kobarates nagu v\u00e4ikesed roosid.<\/p>\n<p data-start=\"438\" data-end=\"681\">\u2018Madame Butterfly Cherry Bronze\u2019 on hinnatud oma erakordse \u00f5iekuju ja v\u00e4rvi s\u00fcgavuse t\u00f5ttu \u2013 see on sort, mis k\u00f6idab pilku nii peenral kui vaasis. \u00d5itseb kogu suve, olles vastupidav ning sobib suurep\u00e4raselt ka l\u00f5ikelilleks.<\/p>\n<p data-start=\"683\" data-end=\"867\">Soojus, elegants ja j\u00f5ulisus \u00fches \u00f5ies \u2013 <strong data-start=\"724\" data-end=\"760\">\u2018Madame Butterfly Cherry Bronze\u2019<\/strong> on t\u00e4iuslik valik neile, kes armastavad veidi dramaatilisemat, ent siiski pehmet ja looduslikku ilu.<\/p>\n<p>&nbsp;<\/p>\n<p><span style=\"text-decoration: underline;\">KASVATAMISE N\u00d5UANDED:<\/span><\/p>\n<p>Ettekasvatamine: k\u00fclva seemned toas 6-8 n\u00e4dalat enne \u00f5ue istutamist. Taimed v\u00f5ib istutada \u00f5ue juba enne viimaste \u00f6\u00f6k\u00fclmade m\u00f6\u00f6dumist &#8211; taimed taluvad m\u00f5ningaid miinuskraade (ca -6C). NB! Kaitse noori taimi kevadise p\u00e4ikse eest varjutuskanga v\u00f5i kattelooriga!<\/p>\n<p>\u00c4ra kata k\u00fclvi mullaga \u2013 seemned vajavad idanemiseks valgust. V\u00f5imalusel kata k\u00fclv \u00f5rnalt vermikuliidiga, et s\u00e4ilitada seemnete idanemiseks vajalik niiskus.<\/p>\n<p>Pikima vaasiea saamiseks l\u00f5ika, kui l\u00f5vil\u00f5ua alumised paar \u00f5it on avanemas.<\/p>","protected":false},"excerpt":{"rendered":"<p><em>Antirrhinum majus<\/em><\/p>\n<p>Taime k\u00f5rgus:\u00a0 60-75 cm<\/p>\n<p>Idanemine: 4-12 p\u00e4eva, 18-22C juures<\/p>\n<p>K\u00fclvist \u00f5itsemiseni: 110-120 p\u00e4eva<\/p>\n<p>Vaasiiga: 7-10 p\u00e4eva<\/p>","protected":false},"featured_media":4089,"template":"","meta":{"om_disable_all_campaigns":false,"_monsterinsights_skip_tracking":false,"_monsterinsights_sitenote_active":false,"_monsterinsights_sitenote_note":"","_monsterinsights_sitenote_category":0},"product_brand":[],"product_cat":[36],"product_tag":[40,44,37,43,38],"class_list":{"0":"post-4085","1":"product","2":"type-product","3":"status-publish","4":"has-post-thumbnail","6":"product_cat-lovilouad","7":"product_tag-antirrhinum-majus","8":"product_tag-bronze","9":"product_tag-loviloug","10":"product_tag-madame-butterfly","11":"product_tag-snapdragon","13":"first","14":"outofstock","15":"shipping-taxable","16":"purchasable","17":"product-type-variable"},"aioseo_notices":[],"jetpack_sharing_enabled":true,"_links":{"self":[{"href":"https:\/\/sooditalulilled.ee\/en\/wp-json\/wp\/v2\/product\/4085","targetHints":{"allow":["GET"]}}],"collection":[{"href":"https:\/\/sooditalulilled.ee\/en\/wp-json\/wp\/v2\/product"}],"about":[{"href":"https:\/\/sooditalulilled.ee\/en\/wp-json\/wp\/v2\/types\/product"}],"wp:featuredmedia":[{"embeddable":true,"href":"https:\/\/sooditalulilled.ee\/en\/wp-json\/wp\/v2\/media\/4089"}],"wp:attachment":[{"href":"https:\/\/sooditalulilled.ee\/en\/wp-json\/wp\/v2\/media?parent=4085"}],"wp:term":[{"taxonomy":"product_brand","embeddable":true,"href":"https:\/\/sooditalulilled.ee\/en\/wp-json\/wp\/v2\/product_brand?post=4085"},{"taxonomy":"product_cat","embeddable":true,"href":"https:\/\/sooditalulilled.ee\/en\/wp-json\/wp\/v2\/product_cat?post=4085"},{"taxonomy":"product_tag","embeddable":true,"href":"https:\/\/sooditalulilled.ee\/en\/wp-json\/wp\/v2\/product_tag?post=4085"}],"curies":[{"name":"wp","href":"https:\/\/api.w.org\/{rel}","templated":true}]}}