{"id":4103,"date":"2025-11-01T18:32:57","date_gmt":"2025-11-01T18:32:57","guid":{"rendered":"https:\/\/sooditalulilled.ee\/?post_type=product&#038;p=4103"},"modified":"2026-04-01T19:17:10","modified_gmt":"2026-04-01T19:17:10","slug":"loviloug-potomac-pink-grupp-3-4","status":"publish","type":"product","link":"https:\/\/sooditalulilled.ee\/en\/product\/loviloug-potomac-pink-grupp-3-4\/","title":{"rendered":"L\u00f5vil\u00f5ug &#8216;Potomac Pink&#8217;, Grupp 3-4"},"content":{"rendered":"<p data-start=\"124\" data-end=\"426\"><strong data-start=\"124\" data-end=\"171\">L\u00f5vil\u00f5ug \u2018Potomac Pink\u2019 <em>(Antirrhinum majus)<\/em><\/strong> on s\u00e4rava, kuid samas pehme roosatooniga l\u00f5ikelillesort, mis toob aeda ja kimpudesse klassikalist suvist elegantsi. Tema sihvakad varred ja t\u00e4iuslikult vormitud \u00f5isikud on loodud professionaalseks l\u00f5ikeks \u2013 tugevad, vastupidavad ja \u00fchtlase \u00f5itsemisega.<\/p>\n<p data-start=\"428\" data-end=\"689\">\u2018Potomac Pink\u2019 kuulub tunnustatud Potomac-sarja, mida hinnatakse just varte sirguse ja kuumataluvuse poolest. \u00d5rnroosa toon on universaalne ja harmoneerub suurep\u00e4raselt teiste lilledega, olgu see siis romantilises pulmakimbus v\u00f5i v\u00e4rskes suvel\u00f5ikeliste segus.<\/p>\n<p data-start=\"691\" data-end=\"850\">Peen, usaldusv\u00e4\u00e4rne ja alati elegantne \u2013 <strong data-start=\"732\" data-end=\"750\">\u2018Potomac Pink\u2019<\/strong> on roosade l\u00f5vil\u00f5ugade seas t\u00f5eline klassika, mis r\u00f5\u00f5mustab nii aednikku kui lillearmastajat.<\/p>\n<p>&nbsp;<\/p>\n<p><span style=\"text-decoration: underline;\">KASVATAMISE N\u00d5UANDED:<\/span><\/p>\n<p>Ettekasvatamine: k\u00fclva seemned 8-10 n\u00e4dalat enne \u00f5ue istutamist. Taimed v\u00f5ib istutada \u00f5ue juba enne viimaste \u00f6\u00f6k\u00fclmade m\u00f6\u00f6dumist \u2013 taimed taluvad m\u00f5ningaid miinuskraade (ca -6C). NB! Kaitse noori taimi kevadise p\u00e4ikse eest varjutuskanga v\u00f5i kattelooriga!<\/p>\n<p>\u00c4ra kata k\u00fclvi mullaga \u2013 seemned vajavad idanemiseks valgust. V\u00f5imalusel kata k\u00fclv \u00f5rnalt vermikuliidiga, et s\u00e4ilitada seemnete idanemiseks vajalik niiskus.<\/p>\n<p>Pikima vaasiea saamiseks l\u00f5ika, kui l\u00f5vil\u00f5ua alumised paar \u00f5it on avanemas.<\/p>","protected":false},"excerpt":{"rendered":"<p><em>Antirrhinum majus<\/em><\/p>\n<p>Taime k\u00f5rgus:\u00a0 60-150 cm<\/p>\n<p>Idanemine: 4-12 p\u00e4eva, 18-22C juures<\/p>\n<p>K\u00fclvist \u00f5itsemiseni: ~110-120 p\u00e4eva<\/p>\n<p>Vaasiiga: 7-10 p\u00e4eva<\/p>","protected":false},"featured_media":4107,"template":"","meta":{"om_disable_all_campaigns":false,"_monsterinsights_skip_tracking":false,"_monsterinsights_sitenote_active":false,"_monsterinsights_sitenote_note":"","_monsterinsights_sitenote_category":0},"product_brand":[],"product_cat":[36],"product_tag":[40,37,39,38],"class_list":{"0":"post-4103","1":"product","2":"type-product","3":"status-publish","4":"has-post-thumbnail","6":"product_cat-lovilouad","7":"product_tag-antirrhinum-majus","8":"product_tag-loviloug","9":"product_tag-potomac","10":"product_tag-snapdragon","12":"first","13":"instock","14":"shipping-taxable","15":"purchasable","16":"product-type-variable"},"aioseo_notices":[],"jetpack_sharing_enabled":true,"_links":{"self":[{"href":"https:\/\/sooditalulilled.ee\/en\/wp-json\/wp\/v2\/product\/4103","targetHints":{"allow":["GET"]}}],"collection":[{"href":"https:\/\/sooditalulilled.ee\/en\/wp-json\/wp\/v2\/product"}],"about":[{"href":"https:\/\/sooditalulilled.ee\/en\/wp-json\/wp\/v2\/types\/product"}],"wp:featuredmedia":[{"embeddable":true,"href":"https:\/\/sooditalulilled.ee\/en\/wp-json\/wp\/v2\/media\/4107"}],"wp:attachment":[{"href":"https:\/\/sooditalulilled.ee\/en\/wp-json\/wp\/v2\/media?parent=4103"}],"wp:term":[{"taxonomy":"product_brand","embeddable":true,"href":"https:\/\/sooditalulilled.ee\/en\/wp-json\/wp\/v2\/product_brand?post=4103"},{"taxonomy":"product_cat","embeddable":true,"href":"https:\/\/sooditalulilled.ee\/en\/wp-json\/wp\/v2\/product_cat?post=4103"},{"taxonomy":"product_tag","embeddable":true,"href":"https:\/\/sooditalulilled.ee\/en\/wp-json\/wp\/v2\/product_tag?post=4103"}],"curies":[{"name":"wp","href":"https:\/\/api.w.org\/{rel}","templated":true}]}}