{"id":4108,"date":"2025-11-01T18:35:25","date_gmt":"2025-11-01T18:35:25","guid":{"rendered":"https:\/\/sooditalulilled.ee\/?post_type=product&#038;p=4108"},"modified":"2026-03-30T07:39:21","modified_gmt":"2026-03-30T07:39:21","slug":"loviloug-potomac-orange-grupp-3-4","status":"publish","type":"product","link":"https:\/\/sooditalulilled.ee\/en\/product\/loviloug-potomac-orange-grupp-3-4\/","title":{"rendered":"L\u00f5vil\u00f5ug &#8216;Potomac Orange&#8217;, Grupp 3-4"},"content":{"rendered":"<p data-start=\"125\" data-end=\"424\"><strong data-start=\"125\" data-end=\"174\">L\u00f5vil\u00f5ug \u2018Potomac Orange\u2019 <em>(Antirrhinum majus)<\/em><\/strong> on elava ja p\u00e4ikeselise tooniga l\u00f5ikelillesort, mis toob peenrasse ja kimpudesse soojust ning energiat. Tema tugevad varred ja t\u00e4idlased \u00f5isikud on s\u00fcgavoran\u017ei v\u00e4rvusega, mille sees helgivad kuldsed varjundid \u2013 justkui suvep\u00e4ikese peegeldus \u00f5itel.<\/p>\n<p data-start=\"426\" data-end=\"736\">\u2018Potomac Orange\u2019 kuulub hinnatud Potomac-sarja, mis on aretatud professionaalseks l\u00f5ikelillekasvatuseks. Sort on vastupidav, sirge kasvuga ja \u00f5itseb \u00fchtlaselt ka kuumematel suvep\u00e4evadel. Tema s\u00e4rav toon lisab igale kimbule soojust ja eluj\u00f5udu, sobides suurep\u00e4raselt teiste pastelsete v\u00f5i kontrastsete \u00f5itega.<\/p>\n<p data-start=\"738\" data-end=\"851\">Julge, r\u00f5\u00f5mus ja usaldusv\u00e4\u00e4rne \u2013 <strong data-start=\"771\" data-end=\"791\">\u2018Potomac Orange\u2019<\/strong> on l\u00f5vil\u00f5ug, mis paneb iga vaasi ja aianurga s\u00e4rama.<\/p>\n<p>&nbsp;<\/p>\n<p><span style=\"text-decoration: underline;\">KASVATAMISE N\u00d5UANDED:<\/span><\/p>\n<p>Ettekasvatamine: k\u00fclva seemned 8-10 n\u00e4dalat enne \u00f5ue istutamist. Taimed v\u00f5ib istutada \u00f5ue juba enne viimaste \u00f6\u00f6k\u00fclmade m\u00f6\u00f6dumist \u2013 taimed taluvad m\u00f5ningaid miinuskraade (ca -6C). NB! Kaitse noori taimi kevadise p\u00e4ikse eest varjutuskanga v\u00f5i kattelooriga!<\/p>\n<p>\u00c4ra kata k\u00fclvi mullaga \u2013 seemned vajavad idanemiseks valgust. V\u00f5imalusel kata k\u00fclv \u00f5rnalt vermikuliidiga, et s\u00e4ilitada seemnete idanemiseks vajalik niiskus.<\/p>\n<p>Pikima vaasiea saamiseks l\u00f5ika, kui l\u00f5vil\u00f5ua alumised paar \u00f5it on avanemas.<\/p>","protected":false},"excerpt":{"rendered":"<p><em>Antirrhinum majus<\/em><\/p>\n<p>Taime k\u00f5rgus:\u00a0 60-150 cm<\/p>\n<p>Idanemine: 4-12 p\u00e4eva, 18-22C juures<\/p>\n<p>K\u00fclvist \u00f5itsemiseni: ~110-120 p\u00e4eva<\/p>\n<p>Vaasiiga: 7-10 p\u00e4eva<\/p>","protected":false},"featured_media":4112,"template":"","meta":{"om_disable_all_campaigns":false,"_monsterinsights_skip_tracking":false,"_monsterinsights_sitenote_active":false,"_monsterinsights_sitenote_note":"","_monsterinsights_sitenote_category":0},"product_brand":[],"product_cat":[36],"product_tag":[40,37,39,38],"class_list":{"0":"post-4108","1":"product","2":"type-product","3":"status-publish","4":"has-post-thumbnail","6":"product_cat-lovilouad","7":"product_tag-antirrhinum-majus","8":"product_tag-loviloug","9":"product_tag-potomac","10":"product_tag-snapdragon","12":"first","13":"outofstock","14":"shipping-taxable","15":"purchasable","16":"product-type-variable"},"aioseo_notices":[],"jetpack_sharing_enabled":true,"_links":{"self":[{"href":"https:\/\/sooditalulilled.ee\/en\/wp-json\/wp\/v2\/product\/4108","targetHints":{"allow":["GET"]}}],"collection":[{"href":"https:\/\/sooditalulilled.ee\/en\/wp-json\/wp\/v2\/product"}],"about":[{"href":"https:\/\/sooditalulilled.ee\/en\/wp-json\/wp\/v2\/types\/product"}],"wp:featuredmedia":[{"embeddable":true,"href":"https:\/\/sooditalulilled.ee\/en\/wp-json\/wp\/v2\/media\/4112"}],"wp:attachment":[{"href":"https:\/\/sooditalulilled.ee\/en\/wp-json\/wp\/v2\/media?parent=4108"}],"wp:term":[{"taxonomy":"product_brand","embeddable":true,"href":"https:\/\/sooditalulilled.ee\/en\/wp-json\/wp\/v2\/product_brand?post=4108"},{"taxonomy":"product_cat","embeddable":true,"href":"https:\/\/sooditalulilled.ee\/en\/wp-json\/wp\/v2\/product_cat?post=4108"},{"taxonomy":"product_tag","embeddable":true,"href":"https:\/\/sooditalulilled.ee\/en\/wp-json\/wp\/v2\/product_tag?post=4108"}],"curies":[{"name":"wp","href":"https:\/\/api.w.org\/{rel}","templated":true}]}}