{"id":4113,"date":"2025-11-01T18:37:16","date_gmt":"2025-11-01T18:37:16","guid":{"rendered":"https:\/\/sooditalulilled.ee\/?post_type=product&#038;p=4113"},"modified":"2026-03-28T13:43:14","modified_gmt":"2026-03-28T13:43:14","slug":"loviloug-potomac-appleblossom-grupp-3-4","status":"publish","type":"product","link":"https:\/\/sooditalulilled.ee\/en\/product\/loviloug-potomac-appleblossom-grupp-3-4\/","title":{"rendered":"L\u00f5vil\u00f5ug &#8216;Potomac Appleblossom&#8217;, Grupp 3-4"},"content":{"rendered":"<p data-start=\"139\" data-end=\"474\"><strong data-start=\"139\" data-end=\"194\">L\u00f5vil\u00f5ug \u2018Potomac Appleblossom\u2019 <em>(Antirrhinum majus)<\/em><\/strong> on erakordselt \u00f5rn ja elegantne l\u00f5ikelillesort, mille \u00f5ied m\u00e4ngivad valge, roosa ja \u00f5rna virsikutooni vahel \u2013 just nagu \u00f5unapuu\u00f5ied kevadp\u00e4ikeses. K\u00f5rged, tugevad varred kannavad sihvakalt t\u00e4iuslikke \u00f5isikuid, mis avanevad alt \u00fcles ja loovad kimpudes \u00f5hulise, romantilise ilme.<\/p>\n<p data-start=\"476\" data-end=\"721\">\u2018Potomac Appleblossom\u2019 kuulub professionaalsesse Potomac-sarja, mida hinnatakse varte tugevuse, \u00fchtlase \u00f5itsemise ja kuumataluvuse t\u00f5ttu. See on \u00fcks armastatumaid sorte l\u00f5ikelillekasvatajate seas, sest \u00fchendab endas vastupidavuse ja peene ilu.<\/p>\n<p data-start=\"723\" data-end=\"873\">Hell, romantiline ja alati maitsekas \u2013 <strong data-start=\"762\" data-end=\"788\">\u2018Potomac Appleblossom\u2019<\/strong> on kui kevade hingus suvises aias, lisades igale kimbule pehmust ja v\u00e4rskust.<\/p>\n<p>&nbsp;<\/p>\n<p><span style=\"text-decoration: underline;\">KASVATAMISE N\u00d5UANDED:<\/span><\/p>\n<p>Ettekasvatamine: k\u00fclva seemned 8-10 n\u00e4dalat enne \u00f5ue istutamist. Taimed v\u00f5ib istutada \u00f5ue juba enne viimaste \u00f6\u00f6k\u00fclmade m\u00f6\u00f6dumist \u2013 taimed taluvad m\u00f5ningaid miinuskraade (ca -6C). NB! Kaitse noori taimi kevadise p\u00e4ikse eest varjutuskanga v\u00f5i kattelooriga!<\/p>\n<p>\u00c4ra kata k\u00fclvi mullaga \u2013 seemned vajavad idanemiseks valgust. V\u00f5imalusel kata k\u00fclv \u00f5rnalt vermikuliidiga, et s\u00e4ilitada seemnete idanemiseks vajalik niiskus.<\/p>\n<p>Pikima vaasiea saamiseks l\u00f5ika, kui l\u00f5vil\u00f5ua alumised paar \u00f5it on avanemas.<\/p>","protected":false},"excerpt":{"rendered":"<p><em>Antirrhinum majus<\/em><\/p>\n<p>Taime k\u00f5rgus:\u00a0 60-150 cm<\/p>\n<p>Idanemine: 4-12 p\u00e4eva, 18-22C juures<\/p>\n<p>K\u00fclvist \u00f5itsemiseni: ~110-120 p\u00e4eva<\/p>\n<p>Vaasiiga: 7-10 p\u00e4eva<\/p>","protected":false},"featured_media":4117,"template":"","meta":{"om_disable_all_campaigns":false,"_monsterinsights_skip_tracking":false,"_monsterinsights_sitenote_active":false,"_monsterinsights_sitenote_note":"","_monsterinsights_sitenote_category":0},"product_brand":[],"product_cat":[36],"product_tag":[40,37,39,38],"class_list":{"0":"post-4113","1":"product","2":"type-product","3":"status-publish","4":"has-post-thumbnail","6":"product_cat-lovilouad","7":"product_tag-antirrhinum-majus","8":"product_tag-loviloug","9":"product_tag-potomac","10":"product_tag-snapdragon","12":"first","13":"instock","14":"shipping-taxable","15":"purchasable","16":"product-type-variable"},"aioseo_notices":[],"jetpack_sharing_enabled":true,"_links":{"self":[{"href":"https:\/\/sooditalulilled.ee\/en\/wp-json\/wp\/v2\/product\/4113","targetHints":{"allow":["GET"]}}],"collection":[{"href":"https:\/\/sooditalulilled.ee\/en\/wp-json\/wp\/v2\/product"}],"about":[{"href":"https:\/\/sooditalulilled.ee\/en\/wp-json\/wp\/v2\/types\/product"}],"wp:featuredmedia":[{"embeddable":true,"href":"https:\/\/sooditalulilled.ee\/en\/wp-json\/wp\/v2\/media\/4117"}],"wp:attachment":[{"href":"https:\/\/sooditalulilled.ee\/en\/wp-json\/wp\/v2\/media?parent=4113"}],"wp:term":[{"taxonomy":"product_brand","embeddable":true,"href":"https:\/\/sooditalulilled.ee\/en\/wp-json\/wp\/v2\/product_brand?post=4113"},{"taxonomy":"product_cat","embeddable":true,"href":"https:\/\/sooditalulilled.ee\/en\/wp-json\/wp\/v2\/product_cat?post=4113"},{"taxonomy":"product_tag","embeddable":true,"href":"https:\/\/sooditalulilled.ee\/en\/wp-json\/wp\/v2\/product_tag?post=4113"}],"curies":[{"name":"wp","href":"https:\/\/api.w.org\/{rel}","templated":true}]}}