{"id":4118,"date":"2025-11-01T18:46:59","date_gmt":"2025-11-01T18:46:59","guid":{"rendered":"https:\/\/sooditalulilled.ee\/?post_type=product&#038;p=4118"},"modified":"2026-03-14T07:02:51","modified_gmt":"2026-03-14T07:02:51","slug":"lohnav-lillhernes-winter-sunshine-rose","status":"publish","type":"product","link":"https:\/\/sooditalulilled.ee\/en\/product\/lohnav-lillhernes-winter-sunshine-rose\/","title":{"rendered":"L\u00f5hnav Lillhernes &#8216;Winter Sunshine Rose&#8217;"},"content":{"rendered":"<p data-start=\"149\" data-end=\"454\"><strong data-start=\"149\" data-end=\"213\">L\u00f5hnav lillhernes \u2018Winter Sunshine Rose\u2019 <em>(Lathyrus odoratus)<\/em><\/strong> on varajane ja luksuslik sort, mis toob suvesse peene l\u00f5hna ja pehmet roosat romantikat. Tema siidised, lainelised \u00f5ielehed avanevad s\u00e4ravates roosades toonides, vahel kerge korallikarva varjundiga \u2013 justkui hommikupuna p\u00e4ikeset\u00f5usu ajal.<\/p>\n<p data-start=\"456\" data-end=\"783\">\u2018Winter Sunshine\u2019 sari on aretatud professionaalseks l\u00f5ikelillekasvatuseks \u2013 taimed on tugevakasvulised, \u00f5itsevad varakult ja annavad rikkalikult pikki, sirgeid \u00f5ievarsi. \u2018Rose\u2019 on \u00fcks sarja \u00f5rnemaid ja elegantsemaid toone, sobides suurep\u00e4raselt pulmakimpudesse, romantilistesse lilleseadetes v\u00f5i lihtsalt suvist ilu nautima.<\/p>\n<p data-start=\"785\" data-end=\"956\">Pehme l\u00f5hn, lopsakad \u00f5ied ja elegantne varajane \u00f5itsemine teevad <strong data-start=\"850\" data-end=\"876\">\u2018Winter Sunshine Rose\u2019<\/strong> sordist t\u00f5elise lemmiku nii kogenud kasvatajale kui ka lillearmastajale.<\/p>\n<p data-start=\"548\" data-end=\"728\" data-is-last-node=\"\" data-is-only-node=\"\">\n<p data-start=\"1020\" data-end=\"1156\" data-is-last-node=\"\" data-is-only-node=\"\">\n<p>&nbsp;<\/p>\n<p><strong>KASVATAMINE<em>\u00a0(soovituslik)<\/em>:<\/strong><\/p>\n<p>Enne k\u00fclvi: soovi korral leota seemneid 1-3h enne k\u00fclvi leiges vees v\u00f5i eelidanda niiske salvr\u00e4tiku vahel 2-5 p\u00e4eva enne k\u00fclvamist. Nii muutub lillherne seemnekest pehmemaks ja seeme idaneb kiiremini.<\/p>\n<p>Ettekasvatus: k\u00fclva 4-5 n\u00e4dalat enne \u00f5ue istutamist. Taimed v\u00f5ib \u00f5ue istutada juba 6-8 n\u00e4dalat enne viimaseid \u00f6\u00f6k\u00fclmi eeldusel, et taimed on eelnevalt karastatud v\u00f5i kasvanud jahedas keskkonnas, n\u00e4iteks k\u00fclmas kasvuhoones.<\/p>\n<p>Otsek\u00fclv: k\u00fclva otse peenrasse, kui muld on sulanud (m\u00e4rts-aprill).<\/p>\n<p>Sobib ka talik\u00fclvina kasvatamiseks!<\/p>\n<p>L\u00f5hnava lillherne taimed vajavad kasvamiseks jahedat keskkonda, et mitte v\u00e4lja venida ning et taimel oleks aega kasvatada tugev juurestik.<\/p>\n<p>N\u00e4pista latv, kui taim on 15-20 cm k\u00f5rgune v\u00f5i kui taimel on 3-4 paari p\u00e4rislehti \u2013 see innustab taime kasvatama k\u00fclgharusid ja nii saad rohkem \u00f5isi \u00fchelt taimelt (n\u00e4pista 2-3 p\u00e4rislehe\/lehealge kohalt).<\/p>\n<p>\u00d5ige aeg \u00f5ie l\u00f5ikamiseks on, kui v\u00e4hemalt 2 \u00f5it varrel on veel kinni &#8211; nii p\u00fcsib \u00f5is vaasis kauem ilus.<\/p>","protected":false},"excerpt":{"rendered":"<p><em>Lathyrus odoratus<\/em><\/p>\n<p>Taime k\u00f5rgus: 100-250 cm<\/p>\n<p>Idanemine: 7-14 p\u00e4eva, 15-20C juures<\/p>\n<p>K\u00fclvist \u00f5itsemiseni: ~75-90 p\u00e4eva<\/p>\n<p>Vaasiiga: 4-6 p\u00e4eva<\/p>","protected":false},"featured_media":4122,"template":"","meta":{"om_disable_all_campaigns":false,"_monsterinsights_skip_tracking":false,"_monsterinsights_sitenote_active":false,"_monsterinsights_sitenote_note":"","_monsterinsights_sitenote_category":0},"product_brand":[],"product_cat":[132],"product_tag":[],"class_list":{"0":"post-4118","1":"product","2":"type-product","3":"status-publish","4":"has-post-thumbnail","6":"product_cat-lillherned","8":"first","9":"outofstock","10":"shipping-taxable","11":"purchasable","12":"product-type-variable"},"aioseo_notices":[],"jetpack_sharing_enabled":true,"_links":{"self":[{"href":"https:\/\/sooditalulilled.ee\/en\/wp-json\/wp\/v2\/product\/4118","targetHints":{"allow":["GET"]}}],"collection":[{"href":"https:\/\/sooditalulilled.ee\/en\/wp-json\/wp\/v2\/product"}],"about":[{"href":"https:\/\/sooditalulilled.ee\/en\/wp-json\/wp\/v2\/types\/product"}],"wp:featuredmedia":[{"embeddable":true,"href":"https:\/\/sooditalulilled.ee\/en\/wp-json\/wp\/v2\/media\/4122"}],"wp:attachment":[{"href":"https:\/\/sooditalulilled.ee\/en\/wp-json\/wp\/v2\/media?parent=4118"}],"wp:term":[{"taxonomy":"product_brand","embeddable":true,"href":"https:\/\/sooditalulilled.ee\/en\/wp-json\/wp\/v2\/product_brand?post=4118"},{"taxonomy":"product_cat","embeddable":true,"href":"https:\/\/sooditalulilled.ee\/en\/wp-json\/wp\/v2\/product_cat?post=4118"},{"taxonomy":"product_tag","embeddable":true,"href":"https:\/\/sooditalulilled.ee\/en\/wp-json\/wp\/v2\/product_tag?post=4118"}],"curies":[{"name":"wp","href":"https:\/\/api.w.org\/{rel}","templated":true}]}}