{"id":4130,"date":"2025-11-01T18:51:03","date_gmt":"2025-11-01T18:51:03","guid":{"rendered":"https:\/\/sooditalulilled.ee\/?post_type=product&#038;p=4130"},"modified":"2026-03-14T07:02:29","modified_gmt":"2026-03-14T07:02:29","slug":"lohnav-lillhernes-winter-sunshine-white","status":"publish","type":"product","link":"https:\/\/sooditalulilled.ee\/en\/product\/lohnav-lillhernes-winter-sunshine-white\/","title":{"rendered":"L\u00f5hnav Lillhernes &#8216;Winter Sunshine White&#8217;"},"content":{"rendered":"<p data-start=\"145\" data-end=\"487\"><strong data-start=\"145\" data-end=\"210\">L\u00f5hnav lillhernes \u2018Winter Sunshine White\u2019 <em>(Lathyrus odoratus)<\/em><\/strong> on klassikalise ilu ja ajatu elegantsi kehastus. Tema suured, siidised \u00f5ied on puhasvalged, vahel kerge p\u00e4rlmutri helgiga, mis muudab need eriti s\u00e4ravaks nii peenral kui kimbus. \u00d5rn l\u00f5hn ja s\u00e4rav toon toovad suvesse rahu ja kergust \u2013 justkui jahe hommikuudu p\u00e4ikeset\u00f5usu eel.<\/p>\n<p data-start=\"489\" data-end=\"819\">\u2018Winter Sunshine\u2019 sari on hinnatud varajase \u00f5itsemise ja professionaalse l\u00f5ikelille kvaliteedi poolest \u2013 tugevad varred, rikkalik \u00f5itsemine ja suurep\u00e4rane vastupidavus. <strong data-start=\"658\" data-end=\"669\">\u2018White\u2019<\/strong> on \u00fcks sarja armastatumaid sorte, mis sobib suurep\u00e4raselt pulmakimpudesse, romantilistesse lilleseadetesse v\u00f5i lihtsalt aeda suvist valgust lisama.<\/p>\n<p data-start=\"821\" data-end=\"945\">Puhtus, lihtsus ja peen l\u00f5hn \u2013 <strong data-start=\"852\" data-end=\"879\">\u2018Winter Sunshine White\u2019<\/strong> on lillhernes, mis toob igasse hetke killukese ajatut ilu.<\/p>\n<p data-start=\"548\" data-end=\"728\" data-is-last-node=\"\" data-is-only-node=\"\">\n<p data-start=\"1020\" data-end=\"1156\" data-is-last-node=\"\" data-is-only-node=\"\">\n<p>&nbsp;<\/p>\n<p><strong>KASVATAMINE<em>\u00a0(soovituslik)<\/em>:<\/strong><\/p>\n<p>Enne k\u00fclvi: soovi korral leota seemneid 1-3h enne k\u00fclvi leiges vees v\u00f5i eelidanda niiske salvr\u00e4tiku vahel 2-5 p\u00e4eva enne k\u00fclvamist. Nii muutub lillherne seemnekest pehmemaks ja seeme idaneb kiiremini.<\/p>\n<p>Ettekasvatus: k\u00fclva 4-5 n\u00e4dalat enne \u00f5ue istutamist. Taimed v\u00f5ib \u00f5ue istutada juba 6-8 n\u00e4dalat enne viimaseid \u00f6\u00f6k\u00fclmi eeldusel, et taimed on eelnevalt karastatud v\u00f5i kasvanud jahedas keskkonnas, n\u00e4iteks k\u00fclmas kasvuhoones.<\/p>\n<p>Otsek\u00fclv: k\u00fclva otse peenrasse, kui muld on sulanud (m\u00e4rts-aprill).<\/p>\n<p>Sobib ka talik\u00fclvina kasvatamiseks!<\/p>\n<p>L\u00f5hnava lillherne taimed vajavad kasvamiseks jahedat keskkonda, et mitte v\u00e4lja venida ning et taimel oleks aega kasvatada tugev juurestik.<\/p>\n<p>N\u00e4pista latv, kui taim on 15-20 cm k\u00f5rgune v\u00f5i kui taimel on 3-4 paari p\u00e4rislehti \u2013 see innustab taime kasvatama k\u00fclgharusid ja nii saad rohkem \u00f5isi \u00fchelt taimelt (n\u00e4pista 2-3 p\u00e4rislehe\/lehealge kohalt).<\/p>\n<p>\u00d5ige aeg \u00f5ie l\u00f5ikamiseks on, kui v\u00e4hemalt 2 \u00f5it varrel on veel kinni &#8211; nii p\u00fcsib \u00f5is vaasis kauem ilus.<\/p>","protected":false},"excerpt":{"rendered":"<p><em>Lathyrus odoratus<\/em><\/p>\n<p>Taime k\u00f5rgus: 100-250 cm<\/p>\n<p>Idanemine: 7-14 p\u00e4eva, 15-20C juures<\/p>\n<p>K\u00fclvist \u00f5itsemiseni: ~75-90 p\u00e4eva<\/p>\n<p>Vaasiiga: 4-6 p\u00e4eva<\/p>","protected":false},"featured_media":4134,"template":"","meta":{"om_disable_all_campaigns":false,"_monsterinsights_skip_tracking":false,"_monsterinsights_sitenote_active":false,"_monsterinsights_sitenote_note":"","_monsterinsights_sitenote_category":0},"product_brand":[],"product_cat":[132],"product_tag":[],"class_list":{"0":"post-4130","1":"product","2":"type-product","3":"status-publish","4":"has-post-thumbnail","6":"product_cat-lillherned","8":"first","9":"outofstock","10":"shipping-taxable","11":"purchasable","12":"product-type-variable"},"aioseo_notices":[],"jetpack_sharing_enabled":true,"_links":{"self":[{"href":"https:\/\/sooditalulilled.ee\/en\/wp-json\/wp\/v2\/product\/4130","targetHints":{"allow":["GET"]}}],"collection":[{"href":"https:\/\/sooditalulilled.ee\/en\/wp-json\/wp\/v2\/product"}],"about":[{"href":"https:\/\/sooditalulilled.ee\/en\/wp-json\/wp\/v2\/types\/product"}],"wp:featuredmedia":[{"embeddable":true,"href":"https:\/\/sooditalulilled.ee\/en\/wp-json\/wp\/v2\/media\/4134"}],"wp:attachment":[{"href":"https:\/\/sooditalulilled.ee\/en\/wp-json\/wp\/v2\/media?parent=4130"}],"wp:term":[{"taxonomy":"product_brand","embeddable":true,"href":"https:\/\/sooditalulilled.ee\/en\/wp-json\/wp\/v2\/product_brand?post=4130"},{"taxonomy":"product_cat","embeddable":true,"href":"https:\/\/sooditalulilled.ee\/en\/wp-json\/wp\/v2\/product_cat?post=4130"},{"taxonomy":"product_tag","embeddable":true,"href":"https:\/\/sooditalulilled.ee\/en\/wp-json\/wp\/v2\/product_tag?post=4130"}],"curies":[{"name":"wp","href":"https:\/\/api.w.org\/{rel}","templated":true}]}}