{"id":4155,"date":"2025-11-01T19:08:39","date_gmt":"2025-11-01T19:08:39","guid":{"rendered":"https:\/\/sooditalulilled.ee\/?post_type=product&#038;p=4155"},"modified":"2026-03-31T17:44:24","modified_gmt":"2026-03-31T17:44:24","slug":"lohnav-lillhernes-mammoth-deep-rose","status":"publish","type":"product","link":"https:\/\/sooditalulilled.ee\/en\/product\/lohnav-lillhernes-mammoth-deep-rose\/","title":{"rendered":"L\u00f5hnav Lillhernes &#8216;Mammoth Deep Rose&#8217;"},"content":{"rendered":"<p data-start=\"160\" data-end=\"430\"><strong data-start=\"160\" data-end=\"221\">L\u00f5hnav lillhernes \u2018Mammoth Deep Rose\u2019 <em>(Lathyrus odoratus)<\/em><\/strong> on s\u00e4rava ja lopsaka v\u00e4limusega sort, mille suured, siidised \u00f5ied on s\u00fcgava roosapunase tooniga. V\u00e4rv on t\u00e4idlane ja intensiivne, tuues peenrasse soojust ja eluj\u00f5udu ning kimpudesse klassikalist romantikat.<\/p>\n<p data-start=\"432\" data-end=\"724\">\u2018Mammoth\u2019-sari on hinnatud oma j\u00f5ulise kasvu, tugeva varre ja suure\u00f5ielisuse poolest. <strong data-start=\"518\" data-end=\"533\">\u2018Deep Rose\u2019<\/strong> on \u00fcks sarja pilgup\u00fc\u00fcdvamaid toone \u2013 vastupidav, rikkalikult \u00f5itsev ja suurep\u00e4rane l\u00f5ikelill. Tema tugev aroom ja v\u00e4rvik\u00fcllased \u00f5ied muudavad iga kimpu v\u00f5i aianurga elavaks ja t\u00e4iuslikuks.<\/p>\n<p data-start=\"726\" data-end=\"843\">Elegantne, l\u00f5hnav ja kirglikult kaunis \u2013 <strong data-start=\"767\" data-end=\"790\">\u2018Mammoth Deep Rose\u2019<\/strong> on t\u00f5eline suvelill, mis ei j\u00e4\u00e4 m\u00e4rkamatuks.<\/p>\n<p>&nbsp;<\/p>\n<p><strong>KASVATAMINE<em>\u00a0(soovituslik)<\/em>:<\/strong><\/p>\n<p>Enne k\u00fclvi: soovi korral leota seemneid 1-3h enne k\u00fclvi leiges vees v\u00f5i eelidanda niiske salvr\u00e4tiku vahel 2-5 p\u00e4eva enne k\u00fclvamist. Nii muutub lillherne seemnekest pehmemaks ja seeme idaneb kiiremini.<\/p>\n<p>Ettekasvatus: k\u00fclva 4-5 n\u00e4dalat enne \u00f5ue istutamist. Taimed v\u00f5ib \u00f5ue istutada juba 6-8 n\u00e4dalat enne viimaseid \u00f6\u00f6k\u00fclmi eeldusel, et taimed on eelnevalt karastatud v\u00f5i kasvanud jahedas keskkonnas, n\u00e4iteks k\u00fclmas kasvuhoones.<\/p>\n<p>Otsek\u00fclv: k\u00fclva otse peenrasse, kui muld on sulanud (m\u00e4rts-aprill).<\/p>\n<p>Sobib ka talik\u00fclvina kasvatamiseks!<\/p>\n<p>L\u00f5hnava lillherne taimed vajavad kasvamiseks jahedat keskkonda, et mitte v\u00e4lja venida ning et taimel oleks aega kasvatada tugev juurestik.<\/p>\n<p>N\u00e4pista latv, kui taim on 15-20 cm k\u00f5rgune v\u00f5i kui taimel on 3-4 paari p\u00e4rislehti \u2013 see innustab taime kasvatama k\u00fclgharusid ja nii saad rohkem \u00f5isi \u00fchelt taimelt (n\u00e4pista 2-3 p\u00e4rislehe\/lehealge kohalt).<\/p>\n<p>\u00d5ige aeg \u00f5ie l\u00f5ikamiseks on, kui v\u00e4hemalt 2 \u00f5it varrel on veel kinni &#8211; nii p\u00fcsib \u00f5is vaasis kauem ilus.<\/p>","protected":false},"excerpt":{"rendered":"<p><em>Lathyrus odoratus<\/em><\/p>\n<p>Taime k\u00f5rgus: 100-250 cm<\/p>\n<p>Idanemine: 7-14 p\u00e4eva, 15-20C juures<\/p>\n<p>K\u00fclvist \u00f5itsemiseni: ~75-90 p\u00e4eva<\/p>\n<p>Vaasiiga: 4-6 p\u00e4eva<\/p>","protected":false},"featured_media":4159,"template":"","meta":{"om_disable_all_campaigns":false,"_monsterinsights_skip_tracking":false,"_monsterinsights_sitenote_active":false,"_monsterinsights_sitenote_note":"","_monsterinsights_sitenote_category":0},"product_brand":[],"product_cat":[132],"product_tag":[],"class_list":{"0":"post-4155","1":"product","2":"type-product","3":"status-publish","4":"has-post-thumbnail","6":"product_cat-lillherned","8":"first","9":"instock","10":"sale","11":"shipping-taxable","12":"purchasable","13":"product-type-variable"},"aioseo_notices":[],"jetpack_sharing_enabled":true,"_links":{"self":[{"href":"https:\/\/sooditalulilled.ee\/en\/wp-json\/wp\/v2\/product\/4155","targetHints":{"allow":["GET"]}}],"collection":[{"href":"https:\/\/sooditalulilled.ee\/en\/wp-json\/wp\/v2\/product"}],"about":[{"href":"https:\/\/sooditalulilled.ee\/en\/wp-json\/wp\/v2\/types\/product"}],"wp:featuredmedia":[{"embeddable":true,"href":"https:\/\/sooditalulilled.ee\/en\/wp-json\/wp\/v2\/media\/4159"}],"wp:attachment":[{"href":"https:\/\/sooditalulilled.ee\/en\/wp-json\/wp\/v2\/media?parent=4155"}],"wp:term":[{"taxonomy":"product_brand","embeddable":true,"href":"https:\/\/sooditalulilled.ee\/en\/wp-json\/wp\/v2\/product_brand?post=4155"},{"taxonomy":"product_cat","embeddable":true,"href":"https:\/\/sooditalulilled.ee\/en\/wp-json\/wp\/v2\/product_cat?post=4155"},{"taxonomy":"product_tag","embeddable":true,"href":"https:\/\/sooditalulilled.ee\/en\/wp-json\/wp\/v2\/product_tag?post=4155"}],"curies":[{"name":"wp","href":"https:\/\/api.w.org\/{rel}","templated":true}]}}