{"id":4160,"date":"2025-11-01T19:11:44","date_gmt":"2025-11-01T19:11:44","guid":{"rendered":"https:\/\/sooditalulilled.ee\/?post_type=product&#038;p=4160"},"modified":"2026-04-03T14:03:35","modified_gmt":"2026-04-03T14:03:35","slug":"lohnav-lillhernes-mammoth-mid-blue","status":"publish","type":"product","link":"https:\/\/sooditalulilled.ee\/en\/product\/lohnav-lillhernes-mammoth-mid-blue\/","title":{"rendered":"L\u00f5hnav Lillhernes &#8216;Mammoth Mid Blue&#8217;"},"content":{"rendered":"<p data-start=\"141\" data-end=\"451\"><strong data-start=\"141\" data-end=\"201\">L\u00f5hnav lillhernes \u2018Mammoth Mid Blue\u2019 <em>(Lathyrus odoratus)<\/em><\/strong> on elegantne ja v\u00e4rskendav sort, mille suured, siidised \u00f5ied on \u00f5rna taevasinise ja lavendlililla vahepealses toonis. Tema rahulik v\u00e4rvitoon lisab peenrasse ja kimpudesse pehmust ning harmooniat, sobides suurep\u00e4raselt pastelsete ja valgete \u00f5itega.<\/p>\n<p data-start=\"453\" data-end=\"736\">\u2018Mammoth\u2019-sari on tuntud oma j\u00f5ulise kasvu, varajase \u00f5itsemise ja suure\u00f5ielisuse poolest. <strong data-start=\"543\" data-end=\"557\">\u2018Mid Blue\u2019<\/strong> annab tugevaid, sirgeid l\u00f5ikevarsi ja on suurep\u00e4rane valik nii professionaalseks l\u00f5ikelillekasvatuseks kui ka koduaeda. Tema \u00f5rn l\u00f5hn ja pehme toon loovad suvise kerguse tunde.<\/p>\n<p data-start=\"738\" data-end=\"877\">Rahulik, l\u00f5hnav ja ajatult kaunis \u2013 <strong data-start=\"774\" data-end=\"796\">\u2018Mammoth Mid Blue\u2019<\/strong> on lillhernes, mis toob igasse kimpu ja aeda taeva v\u00e4rvi ja suvist rahu.<\/p>\n<p>&nbsp;<\/p>\n<p><strong>KASVATAMINE<em>\u00a0(soovituslik)<\/em>:<\/strong><\/p>\n<p>Enne k\u00fclvi: soovi korral leota seemneid 1-3h enne k\u00fclvi leiges vees v\u00f5i eelidanda niiske salvr\u00e4tiku vahel 2-5 p\u00e4eva enne k\u00fclvamist. Nii muutub lillherne seemnekest pehmemaks ja seeme idaneb kiiremini.<\/p>\n<p>Ettekasvatus: k\u00fclva 4-5 n\u00e4dalat enne \u00f5ue istutamist. Taimed v\u00f5ib \u00f5ue istutada juba 6-8 n\u00e4dalat enne viimaseid \u00f6\u00f6k\u00fclmi eeldusel, et taimed on eelnevalt karastatud v\u00f5i kasvanud jahedas keskkonnas, n\u00e4iteks k\u00fclmas kasvuhoones.<\/p>\n<p>Otsek\u00fclv: k\u00fclva otse peenrasse, kui muld on sulanud (m\u00e4rts-aprill).<\/p>\n<p>Sobib ka talik\u00fclvina kasvatamiseks!<\/p>\n<p>L\u00f5hnava lillherne taimed vajavad kasvamiseks jahedat keskkonda, et mitte v\u00e4lja venida ning et taimel oleks aega kasvatada tugev juurestik.<\/p>\n<p>N\u00e4pista latv, kui taim on 15-20 cm k\u00f5rgune v\u00f5i kui taimel on 3-4 paari p\u00e4rislehti \u2013 see innustab taime kasvatama k\u00fclgharusid ja nii saad rohkem \u00f5isi \u00fchelt taimelt (n\u00e4pista 2-3 p\u00e4rislehe\/lehealge kohalt).<\/p>\n<p>\u00d5ige aeg \u00f5ie l\u00f5ikamiseks on, kui v\u00e4hemalt 2 \u00f5it varrel on veel kinni &#8211; nii p\u00fcsib \u00f5is vaasis kauem ilus.<\/p>","protected":false},"excerpt":{"rendered":"<p><em>Lathyrus odoratus<\/em><\/p>\n<p>Taime k\u00f5rgus: 100-250 cm<\/p>\n<p>Idanemine: 7-14 p\u00e4eva, 15-20C juures<\/p>\n<p>K\u00fclvist \u00f5itsemiseni: ~75-90 p\u00e4eva<\/p>\n<p>Vaasiiga: 4-6 p\u00e4eva<\/p>","protected":false},"featured_media":4164,"template":"","meta":{"om_disable_all_campaigns":false,"_monsterinsights_skip_tracking":false,"_monsterinsights_sitenote_active":false,"_monsterinsights_sitenote_note":"","_monsterinsights_sitenote_category":0},"product_brand":[],"product_cat":[132],"product_tag":[],"class_list":{"0":"post-4160","1":"product","2":"type-product","3":"status-publish","4":"has-post-thumbnail","6":"product_cat-lillherned","8":"first","9":"instock","10":"sale","11":"shipping-taxable","12":"purchasable","13":"product-type-variable"},"aioseo_notices":[],"jetpack_sharing_enabled":true,"_links":{"self":[{"href":"https:\/\/sooditalulilled.ee\/en\/wp-json\/wp\/v2\/product\/4160","targetHints":{"allow":["GET"]}}],"collection":[{"href":"https:\/\/sooditalulilled.ee\/en\/wp-json\/wp\/v2\/product"}],"about":[{"href":"https:\/\/sooditalulilled.ee\/en\/wp-json\/wp\/v2\/types\/product"}],"wp:featuredmedia":[{"embeddable":true,"href":"https:\/\/sooditalulilled.ee\/en\/wp-json\/wp\/v2\/media\/4164"}],"wp:attachment":[{"href":"https:\/\/sooditalulilled.ee\/en\/wp-json\/wp\/v2\/media?parent=4160"}],"wp:term":[{"taxonomy":"product_brand","embeddable":true,"href":"https:\/\/sooditalulilled.ee\/en\/wp-json\/wp\/v2\/product_brand?post=4160"},{"taxonomy":"product_cat","embeddable":true,"href":"https:\/\/sooditalulilled.ee\/en\/wp-json\/wp\/v2\/product_cat?post=4160"},{"taxonomy":"product_tag","embeddable":true,"href":"https:\/\/sooditalulilled.ee\/en\/wp-json\/wp\/v2\/product_tag?post=4160"}],"curies":[{"name":"wp","href":"https:\/\/api.w.org\/{rel}","templated":true}]}}