{"id":4165,"date":"2025-11-01T19:13:54","date_gmt":"2025-11-01T19:13:54","guid":{"rendered":"https:\/\/sooditalulilled.ee\/?post_type=product&#038;p=4165"},"modified":"2026-03-30T20:19:45","modified_gmt":"2026-03-30T20:19:45","slug":"lohnav-lillhernes-spencer-arthur-hellyer","status":"publish","type":"product","link":"https:\/\/sooditalulilled.ee\/en\/product\/lohnav-lillhernes-spencer-arthur-hellyer\/","title":{"rendered":"L\u00f5hnav Lillhernes &#8216;Spencer Arthur Hellyer&#8217;"},"content":{"rendered":"<p data-start=\"148\" data-end=\"448\"><strong data-start=\"148\" data-end=\"214\">L\u00f5hnav lillhernes \u2018Spencer Arthur Hellyer\u2019 <em>(Lathyrus odoratus)<\/em><\/strong> on klassikaline Spencer-t\u00fc\u00fcpi sort, mida iseloomustavad suured, siidised ja laineliste servadega lavendlilillad \u00f5ied. Tema toon on \u00f5rn, kuid samas s\u00fcgav \u2013 pehme segu sirelist ja sinakast uduh\u00f5ngust, mis toob aeda rahu ja v\u00e4\u00e4rikust.<\/p>\n<p data-start=\"450\" data-end=\"766\">\u2018Arthur Hellyer\u2019 kuulub hinnatud Spencer-sarja, mida peetakse l\u00f5hnavate lillherneste kuldstandardiks. Taimed on j\u00f5ulise kasvuga, annavad pikki, tugevaid l\u00f5ikevarsi ning \u00f5itsevad rikkalikult kogu suve. Tema magus, klassikaline aroom ja suure\u00f5ielisus teevad sellest sordi, mida armastavad nii aednikud kui floristid.<\/p>\n<p data-start=\"768\" data-end=\"916\">Peen, l\u00f5hnav ja ajatu \u2013 <strong data-start=\"792\" data-end=\"820\">\u2018Spencer Arthur Hellyer\u2019<\/strong> on t\u00f5eline inglise stiilis lillhernes, mis \u00fchendab elegantsi, romantika ja looduse ilu.<\/p>\n<p>&nbsp;<\/p>\n<p><strong>KASVATAMINE<em>\u00a0(soovituslik)<\/em>:<\/strong><\/p>\n<p>Enne k\u00fclvi: soovi korral leota seemneid 1-3h enne k\u00fclvi leiges vees v\u00f5i eelidanda niiske salvr\u00e4tiku vahel 2-5 p\u00e4eva enne k\u00fclvamist. Nii muutub lillherne seemnekest pehmemaks ja seeme idaneb kiiremini.<\/p>\n<p>Ettekasvatus: k\u00fclva 4-5 n\u00e4dalat enne \u00f5ue istutamist. Taimed v\u00f5ib \u00f5ue istutada juba 6-8 n\u00e4dalat enne viimaseid \u00f6\u00f6k\u00fclmi eeldusel, et taimed on eelnevalt karastatud v\u00f5i kasvanud jahedas keskkonnas, n\u00e4iteks k\u00fclmas kasvuhoones.<\/p>\n<p>Otsek\u00fclv: k\u00fclva otse peenrasse, kui muld on sulanud (m\u00e4rts-aprill).<\/p>\n<p>Sobib ka talik\u00fclvina kasvatamiseks!<\/p>\n<p>L\u00f5hnava lillherne taimed vajavad kasvamiseks jahedat keskkonda, et mitte v\u00e4lja venida ning et taimel oleks aega kasvatada tugev juurestik.<\/p>\n<p>N\u00e4pista latv, kui taim on 15-20 cm k\u00f5rgune v\u00f5i kui taimel on 3-4 paari p\u00e4rislehti \u2013 see innustab taime kasvatama k\u00fclgharusid ja nii saad rohkem \u00f5isi \u00fchelt taimelt (n\u00e4pista 2-3 p\u00e4rislehe\/lehealge kohalt).<\/p>\n<p>\u00d5ige aeg \u00f5ie l\u00f5ikamiseks on, kui v\u00e4hemalt 2 \u00f5it varrel on veel kinni &#8211; nii p\u00fcsib \u00f5is vaasis kauem ilus.<\/p>","protected":false},"excerpt":{"rendered":"<p><em>Lathyrus odoratus<\/em><\/p>\n<p>Taime k\u00f5rgus: 100-250 cm<\/p>\n<p>Idanemine: 7-14 p\u00e4eva, 15-20C juures<\/p>\n<p>K\u00fclvist \u00f5itsemiseni: ~75-90 p\u00e4eva<\/p>\n<p>Vaasiiga: 4-6 p\u00e4eva<\/p>","protected":false},"featured_media":4169,"template":"","meta":{"om_disable_all_campaigns":false,"_monsterinsights_skip_tracking":false,"_monsterinsights_sitenote_active":false,"_monsterinsights_sitenote_note":"","_monsterinsights_sitenote_category":0},"product_brand":[],"product_cat":[132],"product_tag":[],"class_list":{"0":"post-4165","1":"product","2":"type-product","3":"status-publish","4":"has-post-thumbnail","6":"product_cat-lillherned","8":"first","9":"instock","10":"shipping-taxable","11":"purchasable","12":"product-type-variable"},"aioseo_notices":[],"jetpack_sharing_enabled":true,"_links":{"self":[{"href":"https:\/\/sooditalulilled.ee\/en\/wp-json\/wp\/v2\/product\/4165","targetHints":{"allow":["GET"]}}],"collection":[{"href":"https:\/\/sooditalulilled.ee\/en\/wp-json\/wp\/v2\/product"}],"about":[{"href":"https:\/\/sooditalulilled.ee\/en\/wp-json\/wp\/v2\/types\/product"}],"wp:featuredmedia":[{"embeddable":true,"href":"https:\/\/sooditalulilled.ee\/en\/wp-json\/wp\/v2\/media\/4169"}],"wp:attachment":[{"href":"https:\/\/sooditalulilled.ee\/en\/wp-json\/wp\/v2\/media?parent=4165"}],"wp:term":[{"taxonomy":"product_brand","embeddable":true,"href":"https:\/\/sooditalulilled.ee\/en\/wp-json\/wp\/v2\/product_brand?post=4165"},{"taxonomy":"product_cat","embeddable":true,"href":"https:\/\/sooditalulilled.ee\/en\/wp-json\/wp\/v2\/product_cat?post=4165"},{"taxonomy":"product_tag","embeddable":true,"href":"https:\/\/sooditalulilled.ee\/en\/wp-json\/wp\/v2\/product_tag?post=4165"}],"curies":[{"name":"wp","href":"https:\/\/api.w.org\/{rel}","templated":true}]}}